{"id":12911,"date":"2023-12-15T11:25:01","date_gmt":"2023-12-15T11:25:01","guid":{"rendered":"https:\/\/crawl.es\/producto\/aqua-glove-au-blue-crawl\/"},"modified":"2023-12-15T11:25:01","modified_gmt":"2023-12-15T11:25:01","slug":"aqua-glove-au-blue-crawl","status":"publish","type":"product","link":"https:\/\/crawl.es\/ca\/producto\/aqua-glove-au-blue-crawl\/","title":{"rendered":"Aqua Glove AU Blue | CRAWL"},"content":{"rendered":"<p>Els guants de nataci\u00f3 Speedo Aqua Gloves augmenten la bra\u00e7ada dels membres superiors. Els guants estan dissenyats per enfortir la part superior del cos i les extremitats superiors sense una tensi\u00f3 excessiva de les articulacions. Els guants de nataci\u00f3 s\u00f3n adequats per a l&#8217;entrenament o alguns exercicis a l&#8217;aigua, com l&#8217;aqua aer\u00f2bic. Els guants no cobreixen tots els dits, les puntes dels dits sobresurten, cosa que garanteix una bona sensaci\u00f3 a l&#8217;aigua.<\/p>\n<p>\u00a0<\/p>\n<p>Caracter\u00edstiques destacables:<\/p>\n<p>&#8211; Increment de la bra\u00e7ada: Augmenta la bra\u00e7ada i millora la for\u00e7a de la part superior del cos.<\/p>\n<p>&#8211; Disseny c\u00f2mode: No cobreixen tots els dits, cosa que garanteix una bona sensaci\u00f3 a l&#8217;aigua.<\/p>\n<p>&#8211; Corretja de velcro: Permet un ajustament f\u00e0cil i segur.<\/p>\n<p>&#8211; Material de neopr\u00e8: Fabricats amb neopr\u00e8 de qualitat per a m\u00e9s durabilitat.<\/p>\n<p>&#8211; Comparables a potes palmades: Ofereixen una resist\u00e8ncia similar a la dels animals de potes palmades.<\/p>\n<p>\u00a0<\/p>\n<p>\u00das recomanat:<\/p>\n<p>Perfectes per a l&#8217;entrenament de nataci\u00f3 i exercicis a l&#8217;aigua, com l&#8217;aqua aer\u00f2bic. Dissenyats per incrementar la resist\u00e8ncia a l&#8217;aigua i millorar la for\u00e7a de la part superior del cos sense una tensi\u00f3 excessiva a les articulacions.<\/p>\n<p>\u00a0<\/p>\n<p>No perdeu l&#8217;oportunitat d&#8217;adquirir els Aqua Glove AU Blue de CRAWL. Compra ara i porta el teu entrenament aqu\u00e0tic al seg\u00fcent nivell!<\/p>\n","protected":false},"excerpt":{"rendered":"<p>Compra els Aqua Glove AU Blue a CRAWL. Augmenten la bra\u00e7ada i enforteixen la part superior del cos sense tensi\u00f3 excessiva. Perfectes per a aqua aer\u00f2bic i entrenament.<\/p>\n","protected":false},"featured_media":7278,"comment_status":"open","ping_status":"closed","template":"","meta":[],"product_cat":[134,139],"product_tag":[],"brands":[{"id":307,"name":"Speedo","slug":"speedo"}],"_links":{"self":[{"href":"https:\/\/crawl.es\/ca\/wp-json\/wp\/v2\/product\/12911"}],"collection":[{"href":"https:\/\/crawl.es\/ca\/wp-json\/wp\/v2\/product"}],"about":[{"href":"https:\/\/crawl.es\/ca\/wp-json\/wp\/v2\/types\/product"}],"replies":[{"embeddable":true,"href":"https:\/\/crawl.es\/ca\/wp-json\/wp\/v2\/comments?post=12911"}],"wp:featuredmedia":[{"embeddable":true,"href":"https:\/\/crawl.es\/ca\/wp-json\/wp\/v2\/media\/7278"}],"wp:attachment":[{"href":"https:\/\/crawl.es\/ca\/wp-json\/wp\/v2\/media?parent=12911"}],"wp:term":[{"taxonomy":"product_cat","embeddable":true,"href":"https:\/\/crawl.es\/ca\/wp-json\/wp\/v2\/product_cat?post=12911"},{"taxonomy":"product_tag","embeddable":true,"href":"https:\/\/crawl.es\/ca\/wp-json\/wp\/v2\/product_tag?post=12911"}],"curies":[{"name":"wp","href":"https:\/\/api.w.org\/{rel}","templated":true}]}}