{"id":12916,"date":"2026-03-15T09:37:27","date_gmt":"2023-12-15T09:37:27","guid":{"rendered":"https:\/\/crawl.es\/producto\/arena-pull-kick-ii-crawl\/"},"modified":"2023-12-15T09:37:27","modified_gmt":"2023-12-15T09:37:27","slug":"arena-pull-kick-ii-crawl","status":"publish","type":"product","link":"https:\/\/crawl.es\/ca\/producto\/arena-pull-kick-ii-crawl\/","title":{"rendered":"Arena Pull Kick II | CRAWL"},"content":{"rendered":"<p>Presentem Pull Kick II, la intel\u00b7ligent eina d&#8217;entrenament 2 en 1 per a nedadors de fitness i de competici\u00f3. Dissenyada per utilitzar-se com a boia de tracci\u00f3 o taula de puntada de peu, garanteix una excel\u00b7lent posici\u00f3 del cos i \u00e9s ideal per treballar la t\u00e8cnica i la resist\u00e8ncia. Hem renovat el disseny original del 1973 amb un nou logotip, una ergonomia millorada i un material ultralleuger per millorar la flotabilitat. Agita la teva rutina amb aquesta vers\u00e0til eina.<\/p>\n<p>\u00a0<\/p>\n<p>Caracter\u00edstiques destacables:<\/p>\n<p>&#8211; Eina 2 en 1: Funciona com a boia de tracci\u00f3 i taula de puntada.<\/p>\n<p>&#8211; Millora la t\u00e8cnica i resist\u00e8ncia: Ideal per a entrenaments intensius.<\/p>\n<p>&#8211; Disseny renovat: Nou logotip, ergonomia millorada i material ultralleuger.<\/p>\n<p>&#8211; Excel\u00b7lent flotabilitat: Garanteix una posici\u00f3 correcta del cos.<\/p>\n<p>\u00a0<\/p>\n<p>\u00das recomanat:<\/p>\n<p>Perfecta per a nedadors de fitness i de competici\u00f3 que busquen millorar la seva t\u00e8cnica i resist\u00e8ncia. Ideal per a qualsevol rutina d&#8217;entrenament a la piscina.<\/p>\n<p>\u00a0<\/p>\n<p>No perdeu l&#8217;oportunitat d&#8217;adquirir l&#8217;Arena Pull Kick II de CRAWL. Compra ara i porta el teu entrenament al seg\u00fcent nivell!<\/p>\n","protected":false},"excerpt":{"rendered":"<p>Compra l&#8217;Arena Pull Kick II a CRAWL. Eina d&#8217;entrenament 2 en 1 per a nedadors. Ideal per millorar t\u00e8cnica i resist\u00e8ncia.<\/p>\n<p>Disponible en groc, rosa i negre.<\/p>\n","protected":false},"featured_media":12259,"comment_status":"open","ping_status":"closed","template":"","meta":[],"product_cat":[134,139],"product_tag":[],"brands":[{"id":312,"name":"ARENA","slug":"arena"}],"_links":{"self":[{"href":"https:\/\/crawl.es\/ca\/wp-json\/wp\/v2\/product\/12916"}],"collection":[{"href":"https:\/\/crawl.es\/ca\/wp-json\/wp\/v2\/product"}],"about":[{"href":"https:\/\/crawl.es\/ca\/wp-json\/wp\/v2\/types\/product"}],"replies":[{"embeddable":true,"href":"https:\/\/crawl.es\/ca\/wp-json\/wp\/v2\/comments?post=12916"}],"wp:featuredmedia":[{"embeddable":true,"href":"https:\/\/crawl.es\/ca\/wp-json\/wp\/v2\/media\/12259"}],"wp:attachment":[{"href":"https:\/\/crawl.es\/ca\/wp-json\/wp\/v2\/media?parent=12916"}],"wp:term":[{"taxonomy":"product_cat","embeddable":true,"href":"https:\/\/crawl.es\/ca\/wp-json\/wp\/v2\/product_cat?post=12916"},{"taxonomy":"product_tag","embeddable":true,"href":"https:\/\/crawl.es\/ca\/wp-json\/wp\/v2\/product_tag?post=12916"}],"curies":[{"name":"wp","href":"https:\/\/api.w.org\/{rel}","templated":true}]}}