{"id":12920,"date":"2023-12-14T12:24:24","date_gmt":"2023-12-14T12:24:24","guid":{"rendered":"https:\/\/crawl.es\/producto\/ulleres-de-natacio-arena-the-one-crawl\/"},"modified":"2023-12-14T12:24:24","modified_gmt":"2023-12-14T12:24:24","slug":"ulleres-de-natacio-arena-the-one-crawl","status":"publish","type":"product","link":"https:\/\/crawl.es\/ca\/producto\/ulleres-de-natacio-arena-the-one-crawl\/","title":{"rendered":"Ulleres de Nataci\u00f3 Arena The One | CRAWL"},"content":{"rendered":"<p>Les Arena One Ulleres estan dissenyades per encaixar en la majoria de cares, basades en dades recopilades sobre les similituds estructurals de les cares. La zona al voltant de la conca dels ulls \u00e9s la m\u00e9s important per dissenyar el segellat perfecte dels goggles. Amb un teixit m\u00e9s suau, la conca ocular necessita unes ulleres que s&#8217;adhereixin sense provocar succi\u00f3. Hem dissenyat les One goggle per als nedadors amb mentalitat fitness que fan llargs a la piscina per mantenir-se en forma. Inspirats per totes les nostres ulleres de nataci\u00f3, les lents cristal\u00b7lines i el tractament anti boira per a les ulleres de nataci\u00f3 One goggle et proporcionaran una millor visi\u00f3 davantera i perif\u00e8rica.<\/p>\n<p>\u00a0<\/p>\n<p>\u00a0<\/p>\n<p>**Caracter\u00edstiques destacables**:<\/p>\n<p>&#8211; **Disseny per a majoria de rostres**: Basat en dades estructurals de rostres.<\/p>\n<p>&#8211; **Segellat perfecte**: Ajust que no provoca succi\u00f3.<\/p>\n<p>&#8211; **Lents cristal\u00b7lines**: Millora de la visi\u00f3 davantera i perif\u00e8rica.<\/p>\n<p>&#8211; **Tractament anti boira**: Visi\u00f3 clara i sense entelament.<\/p>\n<p>&#8211; **Disseny intel\u00b7ligent d&#8217;una pe\u00e7a**: Lents incrustades i pont nasal ajustable.<\/p>\n<p>\u00a0<\/p>\n<p>**Composici\u00f3 del material**:<\/p>\n<p>\u2013 Materials d&#8217;alta qualitat: Garanteixen durabilitat i rendiment.<\/p>\n<p>\u00a0<\/p>\n<p>**\u00das recomanat**:<\/p>\n<p>Aquestes ulleres s\u00f3n perfectes per a nedadors amb mentalitat fitness que busquen rendiment i confort, tant en entrenaments diaris com en sessions per mantenir-se en forma. Asseguren una visi\u00f3 clara i c\u00f2moda, permetent concentrar-se a cada bra\u00e7ada.<\/p>\n<p>\u00a0<\/p>\n<p>No perdis l&#8217;oportunitat de millorar la teva experi\u00e8ncia a l&#8217;aigua amb les Ulleres de Nataci\u00f3 Arena The One de CRAWL. Compra ara i gaudeix d\u00b4una nataci\u00f3 superior!<\/p>\n","protected":false},"excerpt":{"rendered":"<p>Compra les Ulleres de Nataci\u00f3 Arena The One a CRAWL. Lents cristal\u00b7lines, tractament anti boira, disseny intel\u00b7ligent i ajustament perfecte.<\/p>\n","protected":false},"featured_media":7227,"comment_status":"open","ping_status":"closed","template":"","meta":[],"product_cat":[134,135],"product_tag":[],"brands":[{"id":312,"name":"ARENA","slug":"arena"}],"_links":{"self":[{"href":"https:\/\/crawl.es\/ca\/wp-json\/wp\/v2\/product\/12920"}],"collection":[{"href":"https:\/\/crawl.es\/ca\/wp-json\/wp\/v2\/product"}],"about":[{"href":"https:\/\/crawl.es\/ca\/wp-json\/wp\/v2\/types\/product"}],"replies":[{"embeddable":true,"href":"https:\/\/crawl.es\/ca\/wp-json\/wp\/v2\/comments?post=12920"}],"wp:featuredmedia":[{"embeddable":true,"href":"https:\/\/crawl.es\/ca\/wp-json\/wp\/v2\/media\/7227"}],"wp:attachment":[{"href":"https:\/\/crawl.es\/ca\/wp-json\/wp\/v2\/media?parent=12920"}],"wp:term":[{"taxonomy":"product_cat","embeddable":true,"href":"https:\/\/crawl.es\/ca\/wp-json\/wp\/v2\/product_cat?post=12920"},{"taxonomy":"product_tag","embeddable":true,"href":"https:\/\/crawl.es\/ca\/wp-json\/wp\/v2\/product_tag?post=12920"}],"curies":[{"name":"wp","href":"https:\/\/api.w.org\/{rel}","templated":true}]}}