{"id":12921,"date":"2023-12-14T12:14:31","date_gmt":"2023-12-14T12:14:31","guid":{"rendered":"https:\/\/crawl.es\/producto\/ulleres-natacio-arena-spider-junior-rosa-lila-crawl\/"},"modified":"2023-12-14T12:14:31","modified_gmt":"2023-12-14T12:14:31","slug":"ulleres-natacio-arena-spider-junior-rosa-lila-crawl","status":"publish","type":"product","link":"https:\/\/crawl.es\/ca\/producto\/ulleres-natacio-arena-spider-junior-rosa-lila-crawl\/","title":{"rendered":"Ulleres Nataci\u00f3 Arena Spider Junior Rosa\/Lila | CRAWL"},"content":{"rendered":"<p>Les Ulleres Nataci\u00f3 Arena Spider Junior Rosa\/Lila s\u00f3n perfectes per als nedadors m\u00e9s joves. Milloren el rendiment amb una visibilitat clara, un ajustament c\u00f2mode i un disseny herm\u00e8tic a prova daigua. La corretja simple \u00e9s molt f\u00e0cil dajustar, fins i tot mentre les porten posades, i el marc de silicona \u00e9s especialment suau per a la delicada pell infantil. Dissenyades amb lents dures anti-baf per a una visi\u00f3 sense distorsions i amb protecci\u00f3 UV. Aquest model essencial per a competicions i entrenaments t\u00e9 un pont de nas f\u00e0cilment ajustable i est\u00e0 disponible en una gran varietat de combinacions bi-to de frescos colors.<\/p>\n<p>\u00a0<\/p>\n<p>Caracter\u00edstiques destacables:<\/p>\n<p>&#8211; Visibilitat clara amb lents dures anti-baf.<\/p>\n<p>&#8211; Ajustament c\u00f2mode i herm\u00e8tic a prova d&#8217;aigua.<\/p>\n<p>&#8211; Corretja simple de f\u00e0cil ajustament.<\/p>\n<p>&#8211; Marc de silicona suau per a la pell infantil.<\/p>\n<p>&#8211; Protecci\u00f3 UV.<\/p>\n<p>&#8211; Pont de nas f\u00e0cilment ajustable.<\/p>\n<p>&#8211; Disponibles en una varietat de combinacions de colors.<\/p>\n<p>\u00a0<\/p>\n<p>G\u00e8nere:<\/p>\n<p>&#8211; Nena, Nen<\/p>\n<p>\u00a0<\/p>\n<p>\u00das recomanat:<\/p>\n<p>Perfectes per a joves nedadors en competicions i entrenaments, assegurant una visi\u00f3 clara i un ajustament c\u00f2mode per millorar-ne el rendiment.<\/p>\n<p>\u00a0<\/p>\n<p>No perdis l&#8217;oportunitat de millorar l&#8217;experi\u00e8ncia de nataci\u00f3 dels teus fills amb les Ulleres Nataci\u00f3 Arena Spider Junior Rosa\/Lila de CRAWL. Compra ara i gaudeix d\u00b4una nataci\u00f3 superior!<\/p>\n","protected":false},"excerpt":{"rendered":"<p>Compra les Ulleres Nataci\u00f3 Arena Spider Junior Rosa\/Lila a CRAWL. Visibilitat clara, ajustament c\u00f2mode i disseny herm\u00e8tic.<\/p>\n<p>Ref: 92338<\/p>\n","protected":false},"featured_media":9691,"comment_status":"open","ping_status":"closed","template":"","meta":[],"product_cat":[412,156],"product_tag":[],"brands":[{"id":312,"name":"ARENA","slug":"arena"}],"_links":{"self":[{"href":"https:\/\/crawl.es\/ca\/wp-json\/wp\/v2\/product\/12921"}],"collection":[{"href":"https:\/\/crawl.es\/ca\/wp-json\/wp\/v2\/product"}],"about":[{"href":"https:\/\/crawl.es\/ca\/wp-json\/wp\/v2\/types\/product"}],"replies":[{"embeddable":true,"href":"https:\/\/crawl.es\/ca\/wp-json\/wp\/v2\/comments?post=12921"}],"wp:featuredmedia":[{"embeddable":true,"href":"https:\/\/crawl.es\/ca\/wp-json\/wp\/v2\/media\/9691"}],"wp:attachment":[{"href":"https:\/\/crawl.es\/ca\/wp-json\/wp\/v2\/media?parent=12921"}],"wp:term":[{"taxonomy":"product_cat","embeddable":true,"href":"https:\/\/crawl.es\/ca\/wp-json\/wp\/v2\/product_cat?post=12921"},{"taxonomy":"product_tag","embeddable":true,"href":"https:\/\/crawl.es\/ca\/wp-json\/wp\/v2\/product_tag?post=12921"}],"curies":[{"name":"wp","href":"https:\/\/api.w.org\/{rel}","templated":true}]}}