{"id":12922,"date":"2023-12-11T18:20:28","date_gmt":"2023-12-11T18:20:28","guid":{"rendered":"https:\/\/crawl.es\/producto\/banyador-dentrenament-speedo-dona-esquena-a-v-impressio-digital-rosa-blau-crawl\/"},"modified":"2023-12-11T18:20:28","modified_gmt":"2023-12-11T18:20:28","slug":"banyador-dentrenament-speedo-dona-esquena-a-v-impressio-digital-rosa-blau-crawl","status":"publish","type":"product","link":"https:\/\/crawl.es\/ca\/producto\/banyador-dentrenament-speedo-dona-esquena-a-v-impressio-digital-rosa-blau-crawl\/","title":{"rendered":"Banyador d&#8217;Entrenament SPEEDO Dona Esquena a V Impressi\u00f3 Digital Rosa\/Blau | Crawl"},"content":{"rendered":"<p>Llisca&#8217;t amb gr\u00e0cia i perill, com els taurons a l&#8217;aigua, amb aquest vist\u00f3s banyador amb esquena \u00abV\u00bb i un vist\u00f3s estampat inspirat en les papallones. El disseny a \u00abV\u00bb de l&#8217;esquena i els camals de tall molt alt et garanteixen la m\u00e0xima llibertat de moviment en els teus entrenaments, sense cap restricci\u00f3. Amb un folre integral davanter en blau cobalt per oferir comoditat i discreci\u00f3. Presenta una confecci\u00f3 al nostre resistent teixit ECO Endurance+, d&#8217;assecat r\u00e0pid i 100% resistent al clor. A m\u00e9s, un dels fils que componen aquest teixit est\u00e0 \u00edntegrament elaborat a base de residus postconsum, com a ampolles de pl\u00e0stic reciclades.<\/p>\n<p>\u00a0<\/p>\n<p>DETALLS<\/p>\n<p>Estampat digital premium en dissenys brillants.<\/p>\n<p>Esquena en V i cama molt alta: un disseny molt senzill i c\u00f2mode per garantir la m\u00e0xima llibertat de moviment.<\/p>\n<p>Folre davanter en blau cobalt per oferir comoditat i discreci\u00f3.<\/p>\n<p>100% resistent al clor per maximitzar la durabilitat de la pe\u00e7a i contribuir a la preservaci\u00f3 dels colors, que romandran m\u00e9s brillants durant m\u00e9s temps.<\/p>\n<p>Tecnologia d&#8217;assecat r\u00e0pid per agilitzar-ne la posada despr\u00e9s de nedar.<\/p>\n<p>Confecci\u00f3 amb un teixit en qu\u00e8 un dels fils que el componen est\u00e0 \u00edntegrament elaborat a base de residus postconsum, com ampolles de pl\u00e0stic reciclades.<\/p>\n","protected":false},"excerpt":{"rendered":"<p>Banyador SPEEDO d\u00b4entrenament per a dona amb esquena en V i disseny d\u00b4impressi\u00f3 digital en tons rosa i blau. Ideal per a entrenaments intensius, fabricat amb teixit resistent al clor i d\u02bbassecat r\u00e0pid.<\/p>\n","protected":false},"featured_media":7198,"comment_status":"open","ping_status":"closed","template":"","meta":[],"product_cat":[228,227,231,232,234],"product_tag":[],"brands":[{"id":307,"name":"Speedo","slug":"speedo"}],"_links":{"self":[{"href":"https:\/\/crawl.es\/ca\/wp-json\/wp\/v2\/product\/12922"}],"collection":[{"href":"https:\/\/crawl.es\/ca\/wp-json\/wp\/v2\/product"}],"about":[{"href":"https:\/\/crawl.es\/ca\/wp-json\/wp\/v2\/types\/product"}],"replies":[{"embeddable":true,"href":"https:\/\/crawl.es\/ca\/wp-json\/wp\/v2\/comments?post=12922"}],"wp:featuredmedia":[{"embeddable":true,"href":"https:\/\/crawl.es\/ca\/wp-json\/wp\/v2\/media\/7198"}],"wp:attachment":[{"href":"https:\/\/crawl.es\/ca\/wp-json\/wp\/v2\/media?parent=12922"}],"wp:term":[{"taxonomy":"product_cat","embeddable":true,"href":"https:\/\/crawl.es\/ca\/wp-json\/wp\/v2\/product_cat?post=12922"},{"taxonomy":"product_tag","embeddable":true,"href":"https:\/\/crawl.es\/ca\/wp-json\/wp\/v2\/product_tag?post=12922"}],"curies":[{"name":"wp","href":"https:\/\/api.w.org\/{rel}","templated":true}]}}