{"id":12925,"date":"2023-12-11T15:56:38","date_gmt":"2023-12-11T15:56:38","guid":{"rendered":"https:\/\/crawl.es\/producto\/banyador-speedo-dona-womens-allover-tie-back-crawl\/"},"modified":"2023-12-11T15:56:38","modified_gmt":"2023-12-11T15:56:38","slug":"banyador-speedo-dona-womens-allover-tie-back-crawl","status":"publish","type":"product","link":"https:\/\/crawl.es\/ca\/producto\/banyador-speedo-dona-womens-allover-tie-back-crawl\/","title":{"rendered":"Banyador SPEEDO Dona Women&#8217;s Allover Tie-Back | Crawl"},"content":{"rendered":"<p>Supera el teu equip d&#8217;entrenament i fes que tots els ulls estiguin posats en tu amb aquest vestit de bany Tie-Back destacat amb un estampat. Ideal per entrenar, inclou un lla\u00e7 del darrere totalment ajustable i un camal ultra alta per a una flexibilitat total, perqu\u00e8 puguis arrasar sense sentir-te reprimit. Forrat a la part davantera per a m\u00e9s comoditat i mod\u00e8stia, el vestit est\u00e0 confeccionat amb el nostre teixit Endurance+ d&#8217;assecat r\u00e0pid, 100% resistent al clor, que est\u00e0 dissenyat per suportar fins i tot el r\u00e8gim d&#8217;entrenament m\u00e9s intens.<\/p>\n<p>\u00a0<\/p>\n<p>Caracter\u00edstiques:<\/p>\n<p>\u2013 Impressi\u00f3 digital premium en dissenys brillants<\/p>\n<p>\u2013 Tie-back amb corretges totalment ajustables<\/p>\n<p>\u2013 Permet un ajustament m\u00e9s segur i s\u00faper c\u00f2mode, amb la m\u00e0xima flexibilitat<\/p>\n<p>\u2013 Cama ultra alta<\/p>\n<p>\u2013 Per a una m\u00e0xima llibertat de moviment en tots els tra\u00e7os<\/p>\n<p>\u2013 Part davantera totalment folrada en vermell f\u00e8nix.<\/p>\n<p>\u2013 Per comoditat i mod\u00e8stia<\/p>\n<p>\u2013 Assecat r\u00e0pid \u2013 S&#8217;asseca m\u00e9s r\u00e0pid despr\u00e9s de nedar<\/p>\n<p>\u2013 Per a un rendiment durador i colors que romanen m\u00e9s brillants durant m\u00e9s temps<\/p>\n<p>\u00a0<\/p>\n<p>Especificacions:<\/p>\n<p>\u2013 100% resistent al clor<\/p>\n","protected":false},"excerpt":{"rendered":"<p>Banyador SPEEDO per a dona amb disseny Allover i lligat a l&#8217;esquena. Perfecte per a entrenaments i sessions de nataci\u00f3 intensives, amb teixit resistent al clor i d\u02bbassecat r\u00e0pid per a un rendiment \u00f2ptim.<\/p>\n","protected":false},"featured_media":7171,"comment_status":"open","ping_status":"closed","template":"","meta":[],"product_cat":[228,227,231,232,234],"product_tag":[],"brands":[{"id":307,"name":"Speedo","slug":"speedo"}],"_links":{"self":[{"href":"https:\/\/crawl.es\/ca\/wp-json\/wp\/v2\/product\/12925"}],"collection":[{"href":"https:\/\/crawl.es\/ca\/wp-json\/wp\/v2\/product"}],"about":[{"href":"https:\/\/crawl.es\/ca\/wp-json\/wp\/v2\/types\/product"}],"replies":[{"embeddable":true,"href":"https:\/\/crawl.es\/ca\/wp-json\/wp\/v2\/comments?post=12925"}],"wp:featuredmedia":[{"embeddable":true,"href":"https:\/\/crawl.es\/ca\/wp-json\/wp\/v2\/media\/7171"}],"wp:attachment":[{"href":"https:\/\/crawl.es\/ca\/wp-json\/wp\/v2\/media?parent=12925"}],"wp:term":[{"taxonomy":"product_cat","embeddable":true,"href":"https:\/\/crawl.es\/ca\/wp-json\/wp\/v2\/product_cat?post=12925"},{"taxonomy":"product_tag","embeddable":true,"href":"https:\/\/crawl.es\/ca\/wp-json\/wp\/v2\/product_tag?post=12925"}],"curies":[{"name":"wp","href":"https:\/\/api.w.org\/{rel}","templated":true}]}}