{"id":12926,"date":"2023-12-11T12:12:11","date_gmt":"2023-12-11T12:12:11","guid":{"rendered":"https:\/\/crawl.es\/producto\/banyador-speedo-dona-womens-allover-digital-starback-1-piece-crawl\/"},"modified":"2023-12-11T12:12:11","modified_gmt":"2023-12-11T12:12:11","slug":"banyador-speedo-dona-womens-allover-digital-starback-1-piece-crawl","status":"publish","type":"product","link":"https:\/\/crawl.es\/ca\/producto\/banyador-speedo-dona-womens-allover-digital-starback-1-piece-crawl\/","title":{"rendered":"Banyador SPEEDO Dona Women&#8217;s Allover Digital Starback 1 Piece | Crawl"},"content":{"rendered":"<p>Supera el teu equip d&#8217;entrenament i fes que tots els ulls estiguin posats en tu amb aquest vestit de bany destacat amb un estampat digital taules de surf. Ideal per entrenar, amb un camal ultra alt per a una flexibilitat total, perqu\u00e8 puguis arrasar sense sentir-te reprimit. Folrat en blau msr\u00ed a la part davantera per a m\u00e9s comoditat i mod\u00e8stia, el vestit est\u00e0 confeccionat amb el nostre teixit Endurance+ d&#8217;assecat r\u00e0pid, 100% resistent al clor, que est\u00e0 dissenyat per suportar fins i tot el r\u00e8gim d&#8217;entrenament m\u00e9s intens.<\/p>\n<p>\u00a0<\/p>\n<p>Caracter\u00edstiques:<\/p>\n<p>&#8211; Impressi\u00f3 digital premium en dissenys brillants<\/p>\n<p>&#8211; Cama ultra alta<\/p>\n<p>&#8211; Per a una m\u00e0xima llibertat de moviment a tots els tra\u00e7os<\/p>\n<p>&#8211; Part davantera totalment folrada en vermell f\u00e8nix.<\/p>\n<p>&#8211; Per comoditat i mod\u00e8stia<\/p>\n<p>&#8211; Assecat r\u00e0pid &#8211; S&#8217;asseca m\u00e9s r\u00e0pid despr\u00e9s de nedar<\/p>\n<p>&#8211; Per a un rendiment durador i colors que romanen m\u00e9s brillants durant m\u00e9s temps<\/p>\n<p>\u00a0<\/p>\n<p>Especificacions:<\/p>\n<p>&#8211; 100% resistent al clor<\/p>\n","protected":false},"excerpt":{"rendered":"<p>Banyador SPEEDO per a dona amb disseny digital Allover i esquena Starback. Ideal per a entrenaments intensius, amb teixit resistent al clor i assecat r\u00e0pid, brindant comoditat i suport per a cada bra\u00e7ada.<\/p>\n<p>\u00a0<\/p>\n<p>BANYADOR TALLA 28 QUE CORRESPON A UNA 34 EUROPEA.<\/p>\n<p>\u00a0<\/p>\n<p>MESURES<\/p>\n<p>BUST 71-76 cm<\/p>\n<p>CINTURA 57 cm<\/p>\n<p>MALUC 82 cm<\/p>\n","protected":false},"featured_media":7160,"comment_status":"open","ping_status":"closed","template":"","meta":[],"product_cat":[228,227,231,232,234],"product_tag":[],"brands":[{"id":307,"name":"Speedo","slug":"speedo"}],"_links":{"self":[{"href":"https:\/\/crawl.es\/ca\/wp-json\/wp\/v2\/product\/12926"}],"collection":[{"href":"https:\/\/crawl.es\/ca\/wp-json\/wp\/v2\/product"}],"about":[{"href":"https:\/\/crawl.es\/ca\/wp-json\/wp\/v2\/types\/product"}],"replies":[{"embeddable":true,"href":"https:\/\/crawl.es\/ca\/wp-json\/wp\/v2\/comments?post=12926"}],"wp:featuredmedia":[{"embeddable":true,"href":"https:\/\/crawl.es\/ca\/wp-json\/wp\/v2\/media\/7160"}],"wp:attachment":[{"href":"https:\/\/crawl.es\/ca\/wp-json\/wp\/v2\/media?parent=12926"}],"wp:term":[{"taxonomy":"product_cat","embeddable":true,"href":"https:\/\/crawl.es\/ca\/wp-json\/wp\/v2\/product_cat?post=12926"},{"taxonomy":"product_tag","embeddable":true,"href":"https:\/\/crawl.es\/ca\/wp-json\/wp\/v2\/product_tag?post=12926"}],"curies":[{"name":"wp","href":"https:\/\/api.w.org\/{rel}","templated":true}]}}