{"id":12927,"date":"2023-12-11T11:51:18","date_gmt":"2023-12-11T11:51:18","guid":{"rendered":"https:\/\/crawl.es\/producto\/speedo-vestit-de-bany-de-dona-amb-llac-a-lesquena-i-disseny-de-gelosia-de-color-vermell-crawl\/"},"modified":"2023-12-11T11:51:18","modified_gmt":"2023-12-11T11:51:18","slug":"speedo-vestit-de-bany-de-dona-amb-llac-a-lesquena-i-disseny-de-gelosia-de-color-vermell-crawl","status":"publish","type":"product","link":"https:\/\/crawl.es\/ca\/producto\/speedo-vestit-de-bany-de-dona-amb-llac-a-lesquena-i-disseny-de-gelosia-de-color-vermell-crawl\/","title":{"rendered":"Speedo Vestit de bany de dona amb lla\u00e7 a l&#8217;esquena i disseny de gelosia de color vermell | Crawl"},"content":{"rendered":"<p>Porta el banyador amb esquena enreixada de color s\u00edndria per nedar a alta intensitat i no mirar\u00e0s enrere. Les intricades corretges de l&#8217;esquena amb ajustament complet brinden m\u00e0xima flexibilitat, i amb detalls d&#8217;estampat tricolor significa que pots lluir i sentir-te al cim del teu joc mentre t&#8217;esforces a l&#8217;entrenament. Hem incl\u00f2s una c\u00f2moda banda de goma sota el bust per a un suport lleuger i una cama extra alta per a una m\u00e0xima llibertat de moviment a totes les bra\u00e7ades. Aquest vestit est\u00e0 completament folrat en s\u00edndria per a m\u00e9s comoditat i mod\u00e8stia. Fabricat amb el nostre durador teixit Endurance+, que s&#8217;asseca r\u00e0pidament i \u00e9s 100% resistent al clor.<\/p>\n<p>\u00a0<\/p>\n<p>Caracter\u00edstiques:<\/p>\n<p>Totalment folrat en un color vibrant i pop, amb una c\u00f2moda banda de goma sota el bust: folre per a m\u00e9s comoditat i mod\u00e8stia, amb banda sota el bust dissenyada per brindar un suport lleuger al bust.<\/p>\n<p>Cama extra alta: permet la m\u00e0xima llibertat de moviment en tots els estils.<\/p>\n<p>100% resistent al clor: per a un rendiment durador i colors que es mantenen brillants durant m\u00e9s temps.<\/p>\n<p>Assecat r\u00e0pid: s&#8217;asseca m\u00e9s r\u00e0pid despr\u00e9s de nedar.<\/p>\n","protected":false},"excerpt":{"rendered":"<p>Totalment folrat en un color vibrant i pop, amb una c\u00f2moda banda de goma sota el bust: folre per a m\u00e9s comoditat i mod\u00e8stia, amb banda sota el bust dissenyada per brindar un suport lleuger al bust.<\/p>\n","protected":false},"featured_media":12642,"comment_status":"open","ping_status":"closed","template":"","meta":[],"product_cat":[228,227,232,234],"product_tag":[],"brands":[{"id":307,"name":"Speedo","slug":"speedo"}],"_links":{"self":[{"href":"https:\/\/crawl.es\/ca\/wp-json\/wp\/v2\/product\/12927"}],"collection":[{"href":"https:\/\/crawl.es\/ca\/wp-json\/wp\/v2\/product"}],"about":[{"href":"https:\/\/crawl.es\/ca\/wp-json\/wp\/v2\/types\/product"}],"replies":[{"embeddable":true,"href":"https:\/\/crawl.es\/ca\/wp-json\/wp\/v2\/comments?post=12927"}],"wp:featuredmedia":[{"embeddable":true,"href":"https:\/\/crawl.es\/ca\/wp-json\/wp\/v2\/media\/12642"}],"wp:attachment":[{"href":"https:\/\/crawl.es\/ca\/wp-json\/wp\/v2\/media?parent=12927"}],"wp:term":[{"taxonomy":"product_cat","embeddable":true,"href":"https:\/\/crawl.es\/ca\/wp-json\/wp\/v2\/product_cat?post=12927"},{"taxonomy":"product_tag","embeddable":true,"href":"https:\/\/crawl.es\/ca\/wp-json\/wp\/v2\/product_tag?post=12927"}],"curies":[{"name":"wp","href":"https:\/\/api.w.org\/{rel}","templated":true}]}}