{"id":12930,"date":"2023-12-07T16:36:09","date_gmt":"2023-12-07T16:36:09","guid":{"rendered":"https:\/\/crawl.es\/producto\/gorro-waterpolo-brazil-country-no-7-crawl\/"},"modified":"2023-12-07T16:36:09","modified_gmt":"2023-12-07T16:36:09","slug":"gorro-waterpolo-brazil-country-no-7-crawl","status":"publish","type":"product","link":"https:\/\/crawl.es\/ca\/producto\/gorro-waterpolo-brazil-country-no-7-crawl\/","title":{"rendered":"Gorro Waterpolo Brazil Country N\u00ba 7 | CRAWL"},"content":{"rendered":"<p>Les gorres de water polo Turbo s\u00f3n considerades les de millor qualitat i de m\u00e9s resist\u00e8ncia del mercat. Tenen un patr\u00f3 ajustable que assegura una adaptabilitat perfecta a l&#8217;ergonomia del cap, evitant aix\u00ed una subjecci\u00f3 f\u00e0cil o caiguda durant la pr\u00e0ctica del water polo. Aquestes gorres s\u00f3n usades per jugadors d&#8217;elit professionals i per equips nacionals de primer nivell.<\/p>\n<p>\u00a0<\/p>\n<p>Caracter\u00edstiques destacables:<\/p>\n<p>&#8211; Alta qualitat i resist\u00e8ncia: Elaborats amb costures refor\u00e7ades per a m\u00e9s durabilitat i resist\u00e8ncia a l&#8217;\u00fas prolongat.<\/p>\n<p>&#8211; Resist\u00e8ncia al clor: Poden fer-se servir durant anys sense donar senyals de desgast.<\/p>\n<p>&#8211; Protecci\u00f3 de les orelles: Orelleres laterals dissenyades per protegir l&#8217;orella de possibles cops, mantenint una ac\u00fastica perfecta per a la comunicaci\u00f3 a l&#8217;equip.<\/p>\n<p>&#8211; Materials de primera qualitat: Confeccionats amb el millor teixit PBT i tires ajustables.<\/p>\n<p>&#8211; Protecci\u00f3 addicional: Protector d&#8217;o\u00efda compost de material termopl\u00e0stic amb microperforacions per assegurar una resist\u00e8ncia absoluta.<\/p>\n<p>&#8211; Doble costura refor\u00e7ada: Afavoreix la seva resist\u00e8ncia davant constants agafades i estrebades.<\/p>\n<p>\u00a0<\/p>\n<p>\u00das recomanat:<\/p>\n<p>Perfecte per a jugadors de water polo de tots els nivells que busquen una gorra d&#8217;alta qualitat i m\u00e0xima resist\u00e8ncia. Ideal per a entrenaments i competicions d\u00b4alt nivell.<\/p>\n<p>No perdis l&#8217;oportunitat d&#8217;adquirir el Gorro Waterpolo Brazil Country N\u00ba 7 de CRAWL. Compra ara i gaudeix de la millor qualitat en el teu joc de water polo!<\/p>\n","protected":false},"excerpt":{"rendered":"<p>Compra el Gorro Waterpolo Brazil Country N\u00ba 7 a CRAWL. Alta qualitat i resist\u00e8ncia, utilitzat per jugadors d&#8217;elit. Adaptabilitat perfecta i protecci\u00f3 de les orelles.<\/p>\n","protected":false},"featured_media":7135,"comment_status":"open","ping_status":"closed","template":"","meta":[],"product_cat":[137,134],"product_tag":[],"brands":[{"id":22,"name":"Turbo","slug":"turbo"}],"_links":{"self":[{"href":"https:\/\/crawl.es\/ca\/wp-json\/wp\/v2\/product\/12930"}],"collection":[{"href":"https:\/\/crawl.es\/ca\/wp-json\/wp\/v2\/product"}],"about":[{"href":"https:\/\/crawl.es\/ca\/wp-json\/wp\/v2\/types\/product"}],"replies":[{"embeddable":true,"href":"https:\/\/crawl.es\/ca\/wp-json\/wp\/v2\/comments?post=12930"}],"wp:featuredmedia":[{"embeddable":true,"href":"https:\/\/crawl.es\/ca\/wp-json\/wp\/v2\/media\/7135"}],"wp:attachment":[{"href":"https:\/\/crawl.es\/ca\/wp-json\/wp\/v2\/media?parent=12930"}],"wp:term":[{"taxonomy":"product_cat","embeddable":true,"href":"https:\/\/crawl.es\/ca\/wp-json\/wp\/v2\/product_cat?post=12930"},{"taxonomy":"product_tag","embeddable":true,"href":"https:\/\/crawl.es\/ca\/wp-json\/wp\/v2\/product_tag?post=12930"}],"curies":[{"name":"wp","href":"https:\/\/api.w.org\/{rel}","templated":true}]}}