{"id":12952,"date":"2023-12-07T16:03:02","date_gmt":"2023-12-07T16:03:02","guid":{"rendered":"https:\/\/crawl.es\/producto\/gorro-waterpolo-croatia-country-no-1-no17-no18-crawl\/"},"modified":"2023-12-07T16:03:02","modified_gmt":"2023-12-07T16:03:02","slug":"gorro-waterpolo-croatia-country-no-1-no17-no18-crawl","status":"publish","type":"product","link":"https:\/\/crawl.es\/ca\/producto\/gorro-waterpolo-croatia-country-no-1-no17-no18-crawl\/","title":{"rendered":"Gorro Waterpolo Croatia Country N\u00ba 1\/ N\u00ba17\/ N\u00ba18 | CRAWL"},"content":{"rendered":"<p>Les gorres de water polo Turbo s\u00f3n considerades les de millor qualitat i de m\u00e9s resist\u00e8ncia del mercat. Tenen un patr\u00f3 ajustable que assegura una adaptabilitat perfecta a l&#8217;ergonomia del cap, evitant aix\u00ed una subjecci\u00f3 f\u00e0cil o caiguda durant la pr\u00e0ctica del water polo. Aquestes gorres s\u00f3n usades per jugadors d&#8217;elit professionals i per equips nacionals de primer nivell.<\/p>\n<p>\u00a0<\/p>\n<p>Barret de water polo Turbo<\/p>\n<p>Les gorres de waterpolo Turbo estan elaborades amb costures refor\u00e7ades per assegurar m\u00e9s durabilitat i resist\u00e8ncia a l&#8217;\u00fas i desgast despr\u00e9s de molt de temps d&#8217;\u00fas. S\u00f3n resistents al clor de l&#8217;aigua i per aix\u00f2 es poden fer servir durant anys sense donar senyals d&#8217;\u00fas.<\/p>\n<p>\u00a0<\/p>\n<p>Les orelleres laterals estan dissenyades per protegir l?orella d?un possible cop, alhora que conserven una ac\u00fastica perfecta que afavoreix la comunicaci\u00f3 amb els membres de l?equip durant la pr\u00e0ctica del waterpolo.<\/p>\n<p>\u00a0<\/p>\n<p>Les gorres de waterpolo m\u00e9s resistents<\/p>\n<p>\u00a0<\/p>\n<p>Les gorres de waterpolo Turbo usen els millors materials del mercat. La qualitat \u00e9s la nostra premissa i hi donem molt\u00edssima import\u00e0ncia. \u00c9s per aix\u00f2 que estan confeccionats amb el millor teixit PBT i tires ajustables que es puguin trobar.<\/p>\n<p>\u00a0<\/p>\n<p>De la mateixa manera que el protector d&#8217;o\u00efda est\u00e0 compost amb material termopl\u00e0stic amb microperforacions que assegura una resist\u00e8ncia absoluta.<\/p>\n<p>\u00a0<\/p>\n<p>Tamb\u00e9 hem tingut en compte que el waterpolo \u00e9s un esport de contacte i constants agafades i estrebades. \u00c9s per aix\u00f2 que tots els nostres barrets de waterpolo estan elaborats amb doble costura refor\u00e7ada per afavorir-ne la resist\u00e8ncia. \u00c9s per tot aix\u00f2 que podem afirmar que les gorres de waterpolo Turbo s\u00f3n les m\u00e9s resistents del mercat.<\/p>\n","protected":false},"excerpt":{"rendered":"<p>Compra el Gorro Waterpolo Croatia Country N\u00ba 7 a CRAWL. Alta qualitat i resist\u00e8ncia, utilitzat per jugadors d&#8217;elit. Adaptabilitat perfecta i protecci\u00f3 de les orelles.<\/p>\n","protected":false},"featured_media":7099,"comment_status":"open","ping_status":"closed","template":"","meta":[],"product_cat":[137,134],"product_tag":[],"brands":[{"id":22,"name":"Turbo","slug":"turbo"}],"_links":{"self":[{"href":"https:\/\/crawl.es\/ca\/wp-json\/wp\/v2\/product\/12952"}],"collection":[{"href":"https:\/\/crawl.es\/ca\/wp-json\/wp\/v2\/product"}],"about":[{"href":"https:\/\/crawl.es\/ca\/wp-json\/wp\/v2\/types\/product"}],"replies":[{"embeddable":true,"href":"https:\/\/crawl.es\/ca\/wp-json\/wp\/v2\/comments?post=12952"}],"wp:featuredmedia":[{"embeddable":true,"href":"https:\/\/crawl.es\/ca\/wp-json\/wp\/v2\/media\/7099"}],"wp:attachment":[{"href":"https:\/\/crawl.es\/ca\/wp-json\/wp\/v2\/media?parent=12952"}],"wp:term":[{"taxonomy":"product_cat","embeddable":true,"href":"https:\/\/crawl.es\/ca\/wp-json\/wp\/v2\/product_cat?post=12952"},{"taxonomy":"product_tag","embeddable":true,"href":"https:\/\/crawl.es\/ca\/wp-json\/wp\/v2\/product_tag?post=12952"}],"curies":[{"name":"wp","href":"https:\/\/api.w.org\/{rel}","templated":true}]}}