{"id":12975,"date":"2023-12-05T11:15:56","date_gmt":"2023-12-05T11:15:56","guid":{"rendered":"https:\/\/crawl.es\/producto\/motxilla-arena-spiky-iii-35l-estampada-accessoris-natacio-crawl\/"},"modified":"2023-12-05T11:15:56","modified_gmt":"2023-12-05T11:15:56","slug":"motxilla-arena-spiky-iii-35l-estampada-accessoris-natacio-crawl","status":"publish","type":"product","link":"https:\/\/crawl.es\/ca\/producto\/motxilla-arena-spiky-iii-35l-estampada-accessoris-natacio-crawl\/","title":{"rendered":"Motxilla Arena Spiky III 35L Estampada | Accessoris Nataci\u00f3 Crawl"},"content":{"rendered":"<p>Compacta i espaiosa alhora, aquesta motxilla de c\u00e0rrega superior pot acomodar f\u00e0cilment el teu equip de nataci\u00f3 i els teus objectes essencials, mentre que la butxaca frontal de malla \u00e9s pr\u00e0ctica per guardar la teva tecnologia, claus i cartera. Els extres, com una ampolla d&#8217;aigua o una beguda energ\u00e8tica, caben perfectament a les butxaques laterals. El panell del darrere \u00e9s suau i transpirable perqu\u00e8 no su\u00efs, i la corretja per al carro fa que aquesta bossa estigui a punt per viatjar.<\/p>\n","protected":false},"excerpt":{"rendered":"<p>Motxilla Arena Spiky III 35L estampada, c\u00f2moda i duradora. Amplis compartiments, disseny atractiu i teixit repel\u00b7lent a l&#8217;aigua. Ideal per a nedadors.<\/p>\n","protected":false},"featured_media":7027,"comment_status":"open","ping_status":"closed","template":"","meta":[],"product_cat":[134,140],"product_tag":[],"brands":[{"id":312,"name":"ARENA","slug":"arena"}],"_links":{"self":[{"href":"https:\/\/crawl.es\/ca\/wp-json\/wp\/v2\/product\/12975"}],"collection":[{"href":"https:\/\/crawl.es\/ca\/wp-json\/wp\/v2\/product"}],"about":[{"href":"https:\/\/crawl.es\/ca\/wp-json\/wp\/v2\/types\/product"}],"replies":[{"embeddable":true,"href":"https:\/\/crawl.es\/ca\/wp-json\/wp\/v2\/comments?post=12975"}],"wp:featuredmedia":[{"embeddable":true,"href":"https:\/\/crawl.es\/ca\/wp-json\/wp\/v2\/media\/7027"}],"wp:attachment":[{"href":"https:\/\/crawl.es\/ca\/wp-json\/wp\/v2\/media?parent=12975"}],"wp:term":[{"taxonomy":"product_cat","embeddable":true,"href":"https:\/\/crawl.es\/ca\/wp-json\/wp\/v2\/product_cat?post=12975"},{"taxonomy":"product_tag","embeddable":true,"href":"https:\/\/crawl.es\/ca\/wp-json\/wp\/v2\/product_tag?post=12975"}],"curies":[{"name":"wp","href":"https:\/\/api.w.org\/{rel}","templated":true}]}}