{"id":12976,"date":"2025-12-02T09:43:54","date_gmt":"2023-12-02T09:43:54","guid":{"rendered":"https:\/\/crawl.es\/producto\/banyador-natacio-dona-arrow-revolution-crawl\/"},"modified":"2023-12-02T09:43:54","modified_gmt":"2023-12-02T09:43:54","slug":"banyador-natacio-dona-arrow-revolution-crawl","status":"publish","type":"product","link":"https:\/\/crawl.es\/ca\/producto\/banyador-natacio-dona-arrow-revolution-crawl\/","title":{"rendered":"Banyador Nataci\u00f3 Dona Arrow (Revolution) | CRAWL"},"content":{"rendered":"<p>El banyador Turbo est\u00e0 especialment dissenyat per a la pr\u00e0ctica de la Nataci\u00f3. Amb tirants estrets que aporten total llibertat de moviment i flexibilitat, adaptant-se perfectament al cos de la dona. En cobrir menys l&#8217;espatlla que els tirants amples, evita marques per contrast de tonalitats de pell a causa de l&#8217;exposici\u00f3 solar. Confeccionat amb el millor teixit del mercat i un doble folre davanter, \u00e9s resistent al clor de la piscina i als raigs UV, mantenint la intensitat dels seus colors amb l\u00fas repetit en el temps. Considerat un dels banyadors m\u00e9s resistents del m\u00f3n.<\/p>\n<p>\u00a0<\/p>\n<p>\u00a0<\/p>\n<p>\u00a0<\/p>\n<p>Caracter\u00edstiques destacables:<\/p>\n<p>\u00a0<\/p>\n<p>&#8211; Costures refor\u00e7ades.<\/p>\n<p>\u00a0<\/p>\n<p>&#8211; Tirants fins per a m\u00e9s llibertat de moviment.<\/p>\n<p>\u00a0<\/p>\n<p>&#8211; Folre davanter complet.<\/p>\n<p>\u00a0<\/p>\n<p>&#8211; Resistent al clor.<\/p>\n<p>\u00a0<\/p>\n<p>&#8211; Colors duradors.<\/p>\n<p>\u00a0<\/p>\n<p>&#8211; Composici\u00f3: 55% poli\u00e8ster PBT, 45% poli\u00e8ster.<\/p>\n<p>\u00a0<\/p>\n<p>\u00a0<\/p>\n<p>\u00a0<\/p>\n<p>\u00das recomanat:<\/p>\n<p>\u00a0<\/p>\n<p>Perfecte per a la pr\u00e0ctica de la nataci\u00f3 com a banyador d&#8217;entrenament. Gr\u00e0cies a la seva gran adaptabilitat al cos, no arrossega aigua en nedar i \u00e9s una opci\u00f3 comod\u00edssima per a \u00fas diari.<\/p>\n<p>\u00a0<\/p>\n<p>\u00a0<\/p>\n<p>\u00a0<\/p>\n<p>Nota: Aquest article t\u00e9 un tallatge m\u00e9s petit del que \u00e9s habitual, per la qual cosa es recomana optar per una talla superior al que \u00e9s habitual.<\/p>\n<p>\u00a0<\/p>\n<p>\u00a0<\/p>\n<p>\u00a0<\/p>\n<p>No perdis l&#8217;oportunitat de millorar la teva experi\u00e8ncia a l&#8217;aigua amb el Banyador Nataci\u00f3 Dona Arrow (Revolution) de CRAWL. Compra ara i gaudeix d\u00b4una nataci\u00f3 superior!<\/p>\n","protected":false},"excerpt":{"rendered":"<p>Compra el Banyador Nataci\u00f3 Dona Arrow (Revolution) a CRAWL. Resistent al clor i als raigs UV, amb tirants fins i folre davanter.<\/p>\n<p>Ref: 8307133022<\/p>\n","protected":false},"featured_media":15924,"comment_status":"open","ping_status":"closed","template":"","meta":[],"product_cat":[156,160],"product_tag":[],"brands":[{"id":22,"name":"Turbo","slug":"turbo"}],"_links":{"self":[{"href":"https:\/\/crawl.es\/ca\/wp-json\/wp\/v2\/product\/12976"}],"collection":[{"href":"https:\/\/crawl.es\/ca\/wp-json\/wp\/v2\/product"}],"about":[{"href":"https:\/\/crawl.es\/ca\/wp-json\/wp\/v2\/types\/product"}],"replies":[{"embeddable":true,"href":"https:\/\/crawl.es\/ca\/wp-json\/wp\/v2\/comments?post=12976"}],"wp:featuredmedia":[{"embeddable":true,"href":"https:\/\/crawl.es\/ca\/wp-json\/wp\/v2\/media\/15924"}],"wp:attachment":[{"href":"https:\/\/crawl.es\/ca\/wp-json\/wp\/v2\/media?parent=12976"}],"wp:term":[{"taxonomy":"product_cat","embeddable":true,"href":"https:\/\/crawl.es\/ca\/wp-json\/wp\/v2\/product_cat?post=12976"},{"taxonomy":"product_tag","embeddable":true,"href":"https:\/\/crawl.es\/ca\/wp-json\/wp\/v2\/product_tag?post=12976"}],"curies":[{"name":"wp","href":"https:\/\/api.w.org\/{rel}","templated":true}]}}