{"id":12987,"date":"2023-12-01T15:19:00","date_gmt":"2023-12-01T15:19:00","guid":{"rendered":"https:\/\/crawl.es\/producto\/dona-natacio-sincro-patro-sirene-crawl\/"},"modified":"2023-12-01T15:19:00","modified_gmt":"2023-12-01T15:19:00","slug":"dona-natacio-sincro-patro-sirene-crawl","status":"publish","type":"product","link":"https:\/\/crawl.es\/ca\/producto\/dona-natacio-sincro-patro-sirene-crawl\/","title":{"rendered":"Dona Nataci\u00f3 Sincro (Patr\u00f3 Sirene) | CRAWL"},"content":{"rendered":"<p>Els vestits Turbo per a Dona Nataci\u00f3 Sincro (Patr\u00f3 Sirene) estan confeccionats amb el millor fil de poli\u00e8ster del mercat de la marca europea G\u00fctermann. Treballem amb m\u00e0quines overlock que utilitzen quatre fils per a una puntada entrella\u00e7ada, assegurant una durabilitat i un rendiment superior. Aquests vestits estan dissenyats per oferir una total llibertat de moviment i flexibilitat, adaptant-se perfectament al cos de la dona.<\/p>\n<p>\u00a0<\/p>\n<p>Caracter\u00edstiques destacables:<\/p>\n<p>&#8211; Confeccionats amb el millor fil de poli\u00e8ster G\u00fctermann.<\/p>\n<p>&#8211; Puntada entrella\u00e7ada utilitzant m\u00e0quines overlock amb quatre fils.<\/p>\n<p>&#8211; Total llibertat de moviment i flexibilitat.<\/p>\n<p>&#8211; Adaptaci\u00f3 perfecta al cos de la dona.<\/p>\n<p>\u2013 Materials d&#8217;alta qualitat que garanteixen durabilitat.<\/p>\n<p>\u00a0<\/p>\n<p>\u00das recomanat:<\/p>\n<p>Ideals per a la pr\u00e0ctica de la nataci\u00f3 sincronitzada i altres esports aqu\u00e0tics, aquests vestits asseguren un rendiment superior i comoditat durant l&#8217;\u00fas perllongat.<\/p>\n<p>\u00a0<\/p>\n<p>No perdis l&#8217;oportunitat de millorar el teu rendiment a l&#8217;aigua amb els vestits Dona Nataci\u00f3 Sincro (Patr\u00f3 Sirene) de CRAWL. Compra ara i destaca a la piscina!<\/p>\n","protected":false},"excerpt":{"rendered":"<p>Compra Dona Nataci\u00f3 Sincro (Patr\u00f3 Sirene) a CRAWL. Vestits confeccionats amb el millor fil de poli\u00e8ster G\u00fctermann, oferint durabilitat i rendiment superior.<\/p>\n<p>\u00a0<\/p>\n<p>Disponible en blau clar, verd, vermell, taronja i negre.<\/p>\n","protected":false},"featured_media":6983,"comment_status":"open","ping_status":"closed","template":"","meta":[],"product_cat":[156,160],"product_tag":[],"brands":[{"id":22,"name":"Turbo","slug":"turbo"}],"_links":{"self":[{"href":"https:\/\/crawl.es\/ca\/wp-json\/wp\/v2\/product\/12987"}],"collection":[{"href":"https:\/\/crawl.es\/ca\/wp-json\/wp\/v2\/product"}],"about":[{"href":"https:\/\/crawl.es\/ca\/wp-json\/wp\/v2\/types\/product"}],"replies":[{"embeddable":true,"href":"https:\/\/crawl.es\/ca\/wp-json\/wp\/v2\/comments?post=12987"}],"wp:featuredmedia":[{"embeddable":true,"href":"https:\/\/crawl.es\/ca\/wp-json\/wp\/v2\/media\/6983"}],"wp:attachment":[{"href":"https:\/\/crawl.es\/ca\/wp-json\/wp\/v2\/media?parent=12987"}],"wp:term":[{"taxonomy":"product_cat","embeddable":true,"href":"https:\/\/crawl.es\/ca\/wp-json\/wp\/v2\/product_cat?post=12987"},{"taxonomy":"product_tag","embeddable":true,"href":"https:\/\/crawl.es\/ca\/wp-json\/wp\/v2\/product_tag?post=12987"}],"curies":[{"name":"wp","href":"https:\/\/api.w.org\/{rel}","templated":true}]}}