{"id":13003,"date":"2023-12-01T11:41:14","date_gmt":"2023-12-01T11:41:14","guid":{"rendered":"https:\/\/crawl.es\/producto\/banyador-natacio-dona-revolution-flower-land-ref-83134530-crawl\/"},"modified":"2023-12-01T11:41:14","modified_gmt":"2023-12-01T11:41:14","slug":"banyador-natacio-dona-revolution-flower-land-ref-83134530-crawl","status":"publish","type":"product","link":"https:\/\/crawl.es\/ca\/producto\/banyador-natacio-dona-revolution-flower-land-ref-83134530-crawl\/","title":{"rendered":"Banyador Nataci\u00f3 Dona &#8216;Revolution&#8217; FLOWER-LAND Ref.83134530 | Crawl"},"content":{"rendered":"<p>Aquest banyador Turbo est\u00e0 especialment dissenyat per a la pr\u00e0ctica de la Nataci\u00f3. Els tirants estrets aporten una total llibertat de moviment i flexibilitat, adaptant-se perfectament al cos de la dona. En cobrir menys l&#8217;espatlla que l&#8217;amplada tirant, evita marques per contrast de tonalitats de pell a causa de l&#8217;exposici\u00f3 solar. Est\u00e0 confeccionat amb el millor teixit del mercat amb un doble folre davanter. \u00c9s resistent al clor de la piscina i als raigs UV. I per aix\u00f2, la intensitat dels colors es mant\u00e9 amb l&#8217;\u00fas repetit en el temps.<\/p>\n<p>\u00a0<\/p>\n<p>\u00c9s considerat un dels banyadors m\u00e9s resistents del m\u00f3n.<\/p>\n<p>\u00a0<\/p>\n<p>Caracter\u00edstiques destacables:<\/p>\n<p>&#8211; Costures refor\u00e7ades<\/p>\n<p>-Tirants fins<\/p>\n<p>&#8211; Folre davanter complet<\/p>\n<p>&#8211; Resistent al clor<\/p>\n<p>&#8211; Colors duradors<\/p>\n<p>&#8211; Composici\u00f3: 55% poli\u00e8ster PBT, 45% poli\u00e8ster<\/p>\n","protected":false},"excerpt":{"rendered":"<p>Banyador Turbo &#8216;Revolution&#8217; FLOWER-LAND per a dona, ideal per a entrenaments intensius. Amb disseny ergon\u00f2mic i teixit resistent al clor i raigs UV. Mantingues la teva comoditat i rendiment en cada entrenament amb estil.<\/p>\n<p>Ref.83134530<\/p>\n","protected":false},"featured_media":12849,"comment_status":"open","ping_status":"closed","template":"","meta":[],"product_cat":[231,232,234],"product_tag":[],"brands":[{"id":22,"name":"Turbo","slug":"turbo"}],"_links":{"self":[{"href":"https:\/\/crawl.es\/ca\/wp-json\/wp\/v2\/product\/13003"}],"collection":[{"href":"https:\/\/crawl.es\/ca\/wp-json\/wp\/v2\/product"}],"about":[{"href":"https:\/\/crawl.es\/ca\/wp-json\/wp\/v2\/types\/product"}],"replies":[{"embeddable":true,"href":"https:\/\/crawl.es\/ca\/wp-json\/wp\/v2\/comments?post=13003"}],"wp:featuredmedia":[{"embeddable":true,"href":"https:\/\/crawl.es\/ca\/wp-json\/wp\/v2\/media\/12849"}],"wp:attachment":[{"href":"https:\/\/crawl.es\/ca\/wp-json\/wp\/v2\/media?parent=13003"}],"wp:term":[{"taxonomy":"product_cat","embeddable":true,"href":"https:\/\/crawl.es\/ca\/wp-json\/wp\/v2\/product_cat?post=13003"},{"taxonomy":"product_tag","embeddable":true,"href":"https:\/\/crawl.es\/ca\/wp-json\/wp\/v2\/product_tag?post=13003"}],"curies":[{"name":"wp","href":"https:\/\/api.w.org\/{rel}","templated":true}]}}