{"id":13021,"date":"2023-12-01T09:58:25","date_gmt":"2023-12-01T09:58:25","guid":{"rendered":"https:\/\/crawl.es\/producto\/banyador-nena-happy-kids-ocellets-monis-crawl\/"},"modified":"2023-12-01T09:58:25","modified_gmt":"2023-12-01T09:58:25","slug":"banyador-nena-happy-kids-ocellets-monis-crawl","status":"publish","type":"product","link":"https:\/\/crawl.es\/ca\/producto\/banyador-nena-happy-kids-ocellets-monis-crawl\/","title":{"rendered":"Banyador Nena Happy Kids &#8211; Ocellets &#8211; Monis | CRAWL"},"content":{"rendered":"<p>Els nostres banyadors de nena han estat confeccionats tenint en compte la import\u00e0ncia del confort durant la pr\u00e0ctica esportiva i la durabilitat del producte. Dissenyats espec\u00edficament per a la nataci\u00f3, els nostres banyadors s\u00f3n perfectes per a qualsevol tipus d&#8217;esport aqu\u00e0tic, tant a la piscina com al mar.<\/p>\n<p>\u00a0<\/p>\n<p>Caracter\u00edstiques destacables:<\/p>\n<p>&#8211; Confort excepcional: Dissenyats per assegurar la comoditat durant la pr\u00e0ctica esportiva.<\/p>\n<p>&#8211; Durabilitat: Materials d&#8217;alta qualitat per a una vida \u00fatil llarga.<\/p>\n<p>&#8211; Versatilitat: Perfectes per a qualsevol tipus d&#8217;esport aqu\u00e0tic o en piscina o mar.<\/p>\n<p>&#8211; Disseny encantador: Amb un bell patr\u00f3 de ocellets que encantar\u00e0 a les nenes.<\/p>\n<p>\u00a0<\/p>\n<p>Composici\u00f3 del material:<\/p>\n<p>&#8211; Materials resistents al clor i als raigs UV, mantenint els colors vibrants amb l\u00fas repetit.<\/p>\n<p>&#8211; Poli\u00e8ster texturitzat d&#8217;alta qualitat que proporciona suavitat i flexibilitat.<\/p>\n<p>&#8211; Protecci\u00f3 SPF+50 contra els raigs solars ultraviolats.<\/p>\n<p>\u00a0<\/p>\n<p>\u00das recomanat:<\/p>\n<p>Ideals per a nenes que practiquen nataci\u00f3 o qualsevol altre esport aqu\u00e0tic. Aquests banyadors ofereixen una combinaci\u00f3 perfecta de comoditat i estil, permetent als joves esportistes rendir al m\u00e0xim.<\/p>\n<p>\u00a0<\/p>\n<p>La nostra experi\u00e8ncia de m\u00e9s de 60 anys al sector dels banyadors i articles aqu\u00e0tics ens ha perm\u00e8s ser avui dia la marca l\u00edder de banyadors per a nenes, nens i adults.<\/p>\n<p>\u00a0<\/p>\n<p>No perdis l&#8217;oportunitat de proporcionar a la teva filla un banyador que combina confort, durabilitat i estil amb el Banyador Nena Happy Kids &#8211; Ocellets &#8211; Monis de CRAWL. Compra ara i destaca a l&#8217;aigua!<\/p>\n","protected":false},"excerpt":{"rendered":"<p>Compra el Banyador Nena Happy Kids &#8211; Ocellets &#8211; Monis a CRAWL. Confort i durabilitat per a esports aqu\u00e0tics, a piscina o mar.<\/p>\n","protected":false},"featured_media":6924,"comment_status":"open","ping_status":"closed","template":"","meta":[],"product_cat":[156,160],"product_tag":[],"brands":[{"id":22,"name":"Turbo","slug":"turbo"}],"_links":{"self":[{"href":"https:\/\/crawl.es\/ca\/wp-json\/wp\/v2\/product\/13021"}],"collection":[{"href":"https:\/\/crawl.es\/ca\/wp-json\/wp\/v2\/product"}],"about":[{"href":"https:\/\/crawl.es\/ca\/wp-json\/wp\/v2\/types\/product"}],"replies":[{"embeddable":true,"href":"https:\/\/crawl.es\/ca\/wp-json\/wp\/v2\/comments?post=13021"}],"wp:featuredmedia":[{"embeddable":true,"href":"https:\/\/crawl.es\/ca\/wp-json\/wp\/v2\/media\/6924"}],"wp:attachment":[{"href":"https:\/\/crawl.es\/ca\/wp-json\/wp\/v2\/media?parent=13021"}],"wp:term":[{"taxonomy":"product_cat","embeddable":true,"href":"https:\/\/crawl.es\/ca\/wp-json\/wp\/v2\/product_cat?post=13021"},{"taxonomy":"product_tag","embeddable":true,"href":"https:\/\/crawl.es\/ca\/wp-json\/wp\/v2\/product_tag?post=13021"}],"curies":[{"name":"wp","href":"https:\/\/api.w.org\/{rel}","templated":true}]}}