{"id":13032,"date":"2023-11-29T18:31:35","date_gmt":"2023-11-29T18:31:35","guid":{"rendered":"https:\/\/crawl.es\/producto\/banyador-waterpolo-nen-head-spider-crawl\/"},"modified":"2023-11-29T18:31:35","modified_gmt":"2023-11-29T18:31:35","slug":"banyador-waterpolo-nen-head-spider-crawl","status":"publish","type":"product","link":"https:\/\/crawl.es\/ca\/producto\/banyador-waterpolo-nen-head-spider-crawl\/","title":{"rendered":"Banyador Waterpolo Nen Head-Spider | CRAWL"},"content":{"rendered":"<p>Els banyadors de nen Turbo estan especialment dissenyats per als m\u00e9s petits de la casa. Estan confeccionats amb materials que garanteixen el confort durant l&#8217;\u00fas, alhora que asseguren una durabilitat extrema. Estan fabricats i pensats per a un \u00fas intensiu a la pr\u00e0ctica de la nataci\u00f3 i altres esports aqu\u00e0tics com el waterpolo, triatl\u00f3, nataci\u00f3 sincronitzada, etc.<\/p>\n<p>\u00a0<\/p>\n<p>Si cerques un banyador per a nen de qualitat, sens dubte Turbo \u00e9s la marca de banyadors infantils que necessites. Disposem d&#8217;un gran recorregut en la fabricaci\u00f3 de banyadors per a nens, amb m\u00e9s de 60 anys d\u00b4experi\u00e8ncia que ens avalen com un dels grans l\u00edders a nivell mundial en aquest sector.<\/p>\n<p>\u00a0<\/p>\n<p>Caracter\u00edstiques destacables:<\/p>\n<p>&#8211; Confort excepcional: Dissenyats per assegurar la comoditat durant la pr\u00e0ctica esportiva.<\/p>\n<p>&#8211; Durabilitat extrema: Materials d&#8217;alta qualitat per a \u00fas prolongat.<\/p>\n<p>&#8211; Resist\u00e8ncia al clor ia l&#8217;aigua salada: Fabricats amb materials duradors.<\/p>\n<p>&#8211; Resist\u00e8ncia als raigs UV: Toler\u00e0ncia SPF+50 per a \u00fas a piscina i platja.<\/p>\n<p>&#8211; Tecnologia anti-pilling: Evita el desgast i la formaci\u00f3 de borrissol.<\/p>\n<p>\u00a0<\/p>\n<p>\u00das recomanat:<\/p>\n<p>Ideals per a nens que practiquen nataci\u00f3, waterpolo, triatl\u00f3, nataci\u00f3 sincronitzada i altres esports aqu\u00e0tics. Aquests vestits de bany ofereixen una combinaci\u00f3 perfecta de resist\u00e8ncia, confort i estil, permetent als joves esportistes rendir al m\u00e0xim.<\/p>\n<p>\u00a0<\/p>\n<p>No perdis l&#8217;oportunitat de proporcionar al teu fill un banyador que combina qualitat, resist\u00e8ncia i confort amb el Banyador Waterpolo Nen Head-Spider de CRAWL. Compra ara i destaca a l&#8217;aigua!<\/p>\n","protected":false},"excerpt":{"rendered":"<p>Compra el Banyador Waterpolo Nen Head-Spider a CRAWL. Confort i durabilitat per a esports aqu\u00e0tics, a piscina o mar. Ref: 73142922<\/p>\n","protected":false},"featured_media":6902,"comment_status":"open","ping_status":"closed","template":"","meta":[],"product_cat":[156,226],"product_tag":[],"brands":[{"id":22,"name":"Turbo","slug":"turbo"}],"_links":{"self":[{"href":"https:\/\/crawl.es\/ca\/wp-json\/wp\/v2\/product\/13032"}],"collection":[{"href":"https:\/\/crawl.es\/ca\/wp-json\/wp\/v2\/product"}],"about":[{"href":"https:\/\/crawl.es\/ca\/wp-json\/wp\/v2\/types\/product"}],"replies":[{"embeddable":true,"href":"https:\/\/crawl.es\/ca\/wp-json\/wp\/v2\/comments?post=13032"}],"wp:featuredmedia":[{"embeddable":true,"href":"https:\/\/crawl.es\/ca\/wp-json\/wp\/v2\/media\/6902"}],"wp:attachment":[{"href":"https:\/\/crawl.es\/ca\/wp-json\/wp\/v2\/media?parent=13032"}],"wp:term":[{"taxonomy":"product_cat","embeddable":true,"href":"https:\/\/crawl.es\/ca\/wp-json\/wp\/v2\/product_cat?post=13032"},{"taxonomy":"product_tag","embeddable":true,"href":"https:\/\/crawl.es\/ca\/wp-json\/wp\/v2\/product_tag?post=13032"}],"curies":[{"name":"wp","href":"https:\/\/api.w.org\/{rel}","templated":true}]}}