{"id":13126,"date":"2023-11-24T17:40:27","date_gmt":"2023-11-24T17:40:27","guid":{"rendered":"https:\/\/crawl.es\/producto\/banador-waterpolo-greek-crawl\/"},"modified":"2023-11-24T17:40:27","modified_gmt":"2023-11-24T17:40:27","slug":"banador-waterpolo-greek-crawl","status":"publish","type":"product","link":"https:\/\/crawl.es\/ca\/producto\/banador-waterpolo-greek-crawl\/","title":{"rendered":"Ba\u00f1ador Waterpolo Greek | Crawl"},"content":{"rendered":"<p>Ba\u00f1ador de waterpolo Turbo para hombre El ba\u00f1ador de waterpolo Turbo para hombre est\u00e1 especialmente dise\u00f1ado para la pr\u00e1ctica profesional o amateur del waterpolo. Son ba\u00f1adores pensados \u200b\u200bpara ser utilizados durante los entrenamientos o partidos de waterpolo. Tras m\u00e1s de 50 a\u00f1os de experiencia, se ha dise\u00f1ado un patr\u00f3n extremadamente c\u00f3modo, que se adapta perfectamente al cuerpo, aportando as\u00ed comodidad y sensaci\u00f3n de ligereza.<\/p>\n<p>\u00a0<\/p>\n<p>De esta forma, los ba\u00f1adores de waterpolo facilitan la movilidad en el agua, evitando el arrastre del agua y permitiendo un movimiento m\u00e1s r\u00e1pido al nadar. Pero sin duda, los ba\u00f1adores Turbo son de la mejor calidad, utilizando siempre los materiales de mayor calidad del mercado. Esto es lo que los convierte en los mejores ba\u00f1adores del mundo.<\/p>\n<p>\u00a0<\/p>\n<p>Caracter\u00edsticas de un ba\u00f1ador de waterpolo Turbo para hombre Un ba\u00f1ador de hombre apto para la pr\u00e1ctica profesional del waterpolo debe ser de primera calidad y siempre con tejido anticloro. La calidad de los materiales, la adherencia del traje al cuerpo y su ergonom\u00eda son aspectos fundamentales. Por eso, los ba\u00f1adores de waterpolo Turbo para hombre no s\u00f3lo est\u00e1n confeccionados con los mejores materiales, sino que tambi\u00e9n cuentan con costuras reforzadas y una doble capa de tejido para favorecer la durabilidad en el tiempo.<\/p>\n<p>\u00a0<\/p>\n<p>Adem\u00e1s, por supuesto, son ba\u00f1adores dise\u00f1ados para ser resistentes al cloro ya los rayos UV. De esta forma, los colores mantienen su vitalidad durante mucho tiempo sin sufrir desgaste. Uso recomendado de ba\u00f1ador para waterpolo Desde Turbo recomendamos utilizar la braguita para practicar waterpolo o entrenar nataci\u00f3n. Al estar perfectamente ajustado al cuerpo, dificulta que el waterpolista sea agarrado por sus rivales, algo de vital importancia.<\/p>\n<p>\u00a0<\/p>\n<p>Adem\u00e1s de esto, nuestros ba\u00f1adores no arrastran agua durante el movimiento, mejorando la movilidad del hombre que los utiliza. Es por eso que se pueden utilizar sin ning\u00fan problema para la nataci\u00f3n o deportes acu\u00e1ticos similares. Adem\u00e1s, todos los ba\u00f1adores de waterpolo tienen un forro completo.<\/p>\n","protected":false},"excerpt":{"rendered":"<p>El Ba\u00f1ador Waterpolo Greek (Ref: 731601) combina dise\u00f1o cl\u00e1sico con un tejido resistente al cloro y costuras reforzadas. Ideal para entrenamientos y competiciones, garantiza comodidad, durabilidad y un ajuste perfecto en cada jugada.<\/p>\n","protected":false},"featured_media":6782,"comment_status":"open","ping_status":"closed","template":"","meta":[],"product_cat":[147,155],"product_tag":[],"brands":[{"id":22,"name":"Turbo","slug":"turbo"}],"_links":{"self":[{"href":"https:\/\/crawl.es\/ca\/wp-json\/wp\/v2\/product\/13126"}],"collection":[{"href":"https:\/\/crawl.es\/ca\/wp-json\/wp\/v2\/product"}],"about":[{"href":"https:\/\/crawl.es\/ca\/wp-json\/wp\/v2\/types\/product"}],"replies":[{"embeddable":true,"href":"https:\/\/crawl.es\/ca\/wp-json\/wp\/v2\/comments?post=13126"}],"wp:featuredmedia":[{"embeddable":true,"href":"https:\/\/crawl.es\/ca\/wp-json\/wp\/v2\/media\/6782"}],"wp:attachment":[{"href":"https:\/\/crawl.es\/ca\/wp-json\/wp\/v2\/media?parent=13126"}],"wp:term":[{"taxonomy":"product_cat","embeddable":true,"href":"https:\/\/crawl.es\/ca\/wp-json\/wp\/v2\/product_cat?post=13126"},{"taxonomy":"product_tag","embeddable":true,"href":"https:\/\/crawl.es\/ca\/wp-json\/wp\/v2\/product_tag?post=13126"}],"curies":[{"name":"wp","href":"https:\/\/api.w.org\/{rel}","templated":true}]}}