{"id":13134,"date":"2023-11-17T17:04:16","date_gmt":"2023-11-17T17:04:16","guid":{"rendered":"https:\/\/crawl.es\/producto\/tub-frontal-finis-glide-snorkel-crawl\/"},"modified":"2025-02-13T11:51:08","modified_gmt":"2025-02-13T11:51:08","slug":"tub-frontal-finis-glide-snorkel-crawl","status":"publish","type":"product","link":"https:\/\/crawl.es\/ca\/producto\/tub-frontal-finis-glide-snorkel-crawl\/","title":{"rendered":"Tub Frontal FINIS Glide Snorkel | CRAWL"},"content":{"rendered":"<p>El Tub Frontal FINIS Glide Snorkel \u00e9s ideal per a l&#8217;entrenament de t\u00e8cnica. Aquest tub de respiraci\u00f3 permet als nedadors concentrar-se en la t\u00e8cnica de la bra\u00e7ada sense la interrupci\u00f3 que provoca el gir del cap per respirar. Un tub m\u00e9s curt que el Swimmer&#8217;s fa del Glide una eina introduct\u00f2ria ideal per a l&#8217;entrenament f\u00edsic i equips. El disseny de posici\u00f3 central permet que s&#8217;acomodi a un rang complet de moviments per als estils de papallona, \u200b\u200bpit i crol.<\/p>\n<p>\u00a0<\/p>\n<p>Caracter\u00edstiques destacables:<\/p>\n<p>&#8211; Entrenament de t\u00e8cnica: Permet concentrar-se a la bra\u00e7ada sense interrupcions.<\/p>\n<p>&#8211; Ideal per a diversos estils: Disseny de posici\u00f3 central que acomoda moviments per a papallona, \u200b\u200bpit i crol.<\/p>\n<p>&#8211; Eina introduct\u00f2ria: Perfecta per a l&#8217;entrenament f\u00edsic i equips.<\/p>\n<p>\u00das recomanat:<\/p>\n<p>Perfecte per a nedadors que busquen millorar la seva t\u00e8cnica de bra\u00e7ada sense interrupcions. Ideal per a entrenaments de diversos estils de nataci\u00f3.<\/p>\n<p>\u00a0<\/p>\n<p>\u00a0<\/p>\n<p>\u00a0<\/p>\n<p>No us perdeu l&#8217;oportunitat d&#8217;adquirir el Tub Frontal FINIS Glide Snorkel de CRAWL. Compra ara i perfecciona la teva t\u00e8cnica de nataci\u00f3!<\/p>\n","protected":false},"excerpt":{"rendered":"<p>Compra el Tub Frontal FINIS Glide Snorkel a CRAWL. Ideal per a l&#8217;entrenament de la t\u00e8cnica. Permet concentrar-se a la bra\u00e7ada sense interrupcions.<\/p>\n","protected":false},"featured_media":6752,"comment_status":"open","ping_status":"closed","template":"","meta":[],"product_cat":[134,139],"product_tag":[],"brands":[{"id":294,"name":"Finis","slug":"finis"}],"_links":{"self":[{"href":"https:\/\/crawl.es\/ca\/wp-json\/wp\/v2\/product\/13134"}],"collection":[{"href":"https:\/\/crawl.es\/ca\/wp-json\/wp\/v2\/product"}],"about":[{"href":"https:\/\/crawl.es\/ca\/wp-json\/wp\/v2\/types\/product"}],"replies":[{"embeddable":true,"href":"https:\/\/crawl.es\/ca\/wp-json\/wp\/v2\/comments?post=13134"}],"wp:featuredmedia":[{"embeddable":true,"href":"https:\/\/crawl.es\/ca\/wp-json\/wp\/v2\/media\/6752"}],"wp:attachment":[{"href":"https:\/\/crawl.es\/ca\/wp-json\/wp\/v2\/media?parent=13134"}],"wp:term":[{"taxonomy":"product_cat","embeddable":true,"href":"https:\/\/crawl.es\/ca\/wp-json\/wp\/v2\/product_cat?post=13134"},{"taxonomy":"product_tag","embeddable":true,"href":"https:\/\/crawl.es\/ca\/wp-json\/wp\/v2\/product_tag?post=13134"}],"curies":[{"name":"wp","href":"https:\/\/api.w.org\/{rel}","templated":true}]}}