{"id":13136,"date":"2023-11-17T16:55:22","date_gmt":"2023-11-17T16:55:22","guid":{"rendered":"https:\/\/crawl.es\/producto\/tubo-frontal-finis-stability-snorkel-crawl\/"},"modified":"2023-11-17T16:55:22","modified_gmt":"2023-11-17T16:55:22","slug":"tubo-frontal-finis-stability-snorkel-crawl","status":"publish","type":"product","link":"https:\/\/crawl.es\/ca\/producto\/tubo-frontal-finis-stability-snorkel-crawl\/","title":{"rendered":"Tubo Frontal FINIS Stability Snorkel | CRAWL"},"content":{"rendered":"<p>L&#8217;\u00fas generalitzat dels tubs frontals a la nataci\u00f3 ens ha ajudat a identificar dues queixes comunes: els inc\u00f2modes suports per al cap i l&#8217;experi\u00e8ncia del terratr\u00e8mol que se surt a cada viratge. Veient la necessitat del mercat, hem inventat una soluci\u00f3 a aquests problemes: la Stability Snorkel Series.<\/p>\n<p>\u00a0<\/p>\n<p>Aquest tub de respiraci\u00f3 sense suport de cap (bracketless\u2122) \u00e9s tan c\u00f2mode i estable que oblidar\u00e0s que ho est\u00e0s fent servir. Est\u00e0 dissenyat espec\u00edficament per a nedadors de competici\u00f3 que entrenen a altes velocitats.<\/p>\n<p>\u00a0<\/p>\n<p>Caracter\u00edstiques destacables:<\/p>\n<p>\u00a0<\/p>\n<p>&#8211; Sense suport de cap: Bracketless\u2122 per a m\u00e9s comoditat i estabilitat.<\/p>\n<p>\u00a0<\/p>\n<p>&#8211; Disseny innovador: Redueix les mol\u00e8sties i evita que se surti a cada viratge.<\/p>\n<p>\u00a0<\/p>\n<p>&#8211; Ideal per a competici\u00f3: Dissenyat per a nedadors que entrenen a altes velocitats.<\/p>\n<p>\u00a0<\/p>\n<p>\u00das recomanat:<\/p>\n<p>Perfecte per a nedadors de competici\u00f3 que busquen un snorkel c\u00f2mode i estable per millorar el seu entrenament sense interrupcions.<\/p>\n<p>\u00a0<\/p>\n<p>No us perdeu l&#8217;oportunitat d&#8217;adquirir el Tub Frontal FINIS Stability Snorkel de CRAWL. Compra ara i millora el teu rendiment a l&#8217;aigua!<\/p>\n","protected":false},"excerpt":{"rendered":"<p>Compra el Tub Frontal FINIS Stability Snorkel a CRAWL. Primer snorkel sense suport de cap. Dissenyat per a nedadors de competici\u00f3.<\/p>\n","protected":false},"featured_media":13846,"comment_status":"open","ping_status":"closed","template":"","meta":[],"product_cat":[134,139],"product_tag":[],"brands":[{"id":294,"name":"Finis","slug":"finis"}],"_links":{"self":[{"href":"https:\/\/crawl.es\/ca\/wp-json\/wp\/v2\/product\/13136"}],"collection":[{"href":"https:\/\/crawl.es\/ca\/wp-json\/wp\/v2\/product"}],"about":[{"href":"https:\/\/crawl.es\/ca\/wp-json\/wp\/v2\/types\/product"}],"replies":[{"embeddable":true,"href":"https:\/\/crawl.es\/ca\/wp-json\/wp\/v2\/comments?post=13136"}],"wp:featuredmedia":[{"embeddable":true,"href":"https:\/\/crawl.es\/ca\/wp-json\/wp\/v2\/media\/13846"}],"wp:attachment":[{"href":"https:\/\/crawl.es\/ca\/wp-json\/wp\/v2\/media?parent=13136"}],"wp:term":[{"taxonomy":"product_cat","embeddable":true,"href":"https:\/\/crawl.es\/ca\/wp-json\/wp\/v2\/product_cat?post=13136"},{"taxonomy":"product_tag","embeddable":true,"href":"https:\/\/crawl.es\/ca\/wp-json\/wp\/v2\/product_tag?post=13136"}],"curies":[{"name":"wp","href":"https:\/\/api.w.org\/{rel}","templated":true}]}}