{"id":13139,"date":"2025-04-17T16:06:55","date_gmt":"2023-11-17T16:06:55","guid":{"rendered":"https:\/\/crawl.es\/producto\/tubo-arena-swim-snorkel-pro-iii-crawl\/"},"modified":"2023-11-17T16:06:55","modified_gmt":"2023-11-17T16:06:55","slug":"tubo-arena-swim-snorkel-pro-iii-crawl","status":"publish","type":"product","link":"https:\/\/crawl.es\/ca\/producto\/tubo-arena-swim-snorkel-pro-iii-crawl\/","title":{"rendered":"Tubo Arena Swim Snorkel Pro III | CRAWL"},"content":{"rendered":"<p>El Tub Swim Snorkel Pro III sorra \u00e9s perfecte per a nedadors competitius que volen millorar la seva t\u00e8cnica de nataci\u00f3 o respiraci\u00f3. El disseny hidrodin\u00e0mic, la construcci\u00f3 centrada i la corretja ajustable garanteixen un ajustament estable tamb\u00e9 a alta velocitat. L&#8217;esn\u00f2rquel de nataci\u00f3 permet respirar sota l&#8217;aigua i l&#8217;esportista \u00e9s capa\u00e7 de concentrar-se en la t\u00e8cnica de nataci\u00f3 i en la seva posici\u00f3 a l&#8217;aigua.<\/p>\n<p>\u00a0<\/p>\n<p>Caracter\u00edstiques destacables:<\/p>\n<p>&#8211; Inclou dos reguladors d\u02bbaire: Per a diferents nivells de treball pulmonar.<\/p>\n<p>&#8211; Broquets de silicona personalitzables: S&#8217;adapta a tots els nedadors.<\/p>\n<p>&#8211; Disseny hidrodin\u00e0mic: Construcci\u00f3 centrada i corretja ajustable per a un ajustament estable.<\/p>\n<p>&#8211; Composici\u00f3: 55% policlorur de vinil, 30% silicona, 10% policarbonat, 5% cautx\u00fa termopl\u00e0stic.<\/p>\n<p>\u00a0<\/p>\n<p>\u00das recomanat:<\/p>\n<p>Ideal per a nedadors competitius que busquen millorar la seva t\u00e8cnica de nataci\u00f3 o respiraci\u00f3. Perfecte per a entrenaments d\u00b4alta velocitat.<\/p>\n<p>\u00a0<\/p>\n<p>No perdis l&#8217;oportunitat d&#8217;adquirir el tub Swim Snorkel Pro III de CRAWL. Compra ara i millora la teva t\u00e8cnica de nataci\u00f3!<\/p>\n","protected":false},"excerpt":{"rendered":"<p>Compra el Tub Swim Snorkel Pro III a CRAWL. Perfecte per a nedadors competitius que volen millorar la seva t\u00e8cnica.<\/p>\n<p>Ref: 1230000004826.<\/p>\n","protected":false},"featured_media":14762,"comment_status":"open","ping_status":"closed","template":"","meta":[],"product_cat":[134,139],"product_tag":[],"brands":[{"id":312,"name":"ARENA","slug":"arena"}],"_links":{"self":[{"href":"https:\/\/crawl.es\/ca\/wp-json\/wp\/v2\/product\/13139"}],"collection":[{"href":"https:\/\/crawl.es\/ca\/wp-json\/wp\/v2\/product"}],"about":[{"href":"https:\/\/crawl.es\/ca\/wp-json\/wp\/v2\/types\/product"}],"replies":[{"embeddable":true,"href":"https:\/\/crawl.es\/ca\/wp-json\/wp\/v2\/comments?post=13139"}],"wp:featuredmedia":[{"embeddable":true,"href":"https:\/\/crawl.es\/ca\/wp-json\/wp\/v2\/media\/14762"}],"wp:attachment":[{"href":"https:\/\/crawl.es\/ca\/wp-json\/wp\/v2\/media?parent=13139"}],"wp:term":[{"taxonomy":"product_cat","embeddable":true,"href":"https:\/\/crawl.es\/ca\/wp-json\/wp\/v2\/product_cat?post=13139"},{"taxonomy":"product_tag","embeddable":true,"href":"https:\/\/crawl.es\/ca\/wp-json\/wp\/v2\/product_tag?post=13139"}],"curies":[{"name":"wp","href":"https:\/\/api.w.org\/{rel}","templated":true}]}}