{"id":13143,"date":"2023-11-17T15:57:20","date_gmt":"2023-11-17T15:57:20","guid":{"rendered":"https:\/\/crawl.es\/producto\/tubo-arena-swim-snorkel-iii-crawl\/"},"modified":"2023-11-17T15:57:20","modified_gmt":"2023-11-17T15:57:20","slug":"tubo-arena-swim-snorkel-iii-crawl","status":"publish","type":"product","link":"https:\/\/crawl.es\/ca\/producto\/tubo-arena-swim-snorkel-iii-crawl\/","title":{"rendered":"Tubo Arena Swim Snorkel III | CRAWL"},"content":{"rendered":"<p>El Tub Arena Swim Snorkel III \u00e9s perfecte per a nedadors de competici\u00f3. Aquest snorkel unisex est\u00e0 dissenyat per proporcionar comoditat i efici\u00e8ncia a l&#8217;aigua, permetent als nedadors centrar-se en la seva t\u00e8cnica sense interrupcions.<\/p>\n<p>\u00a0<\/p>\n<p>Caracter\u00edstiques destacables:<\/p>\n<p>&#8211; G\u00e8nere: Unisex<\/p>\n<p>&#8211; Classe: Competici\u00f3<\/p>\n<p>&#8211; Disseny c\u00f2mode: Ideal per a entrenaments intensius i d&#8217;alta velocitat.<\/p>\n<p>&#8211; Estabilitat: Assegura un ajustament perfecte i estable durant la nataci\u00f3.<\/p>\n<p>\u00a0<\/p>\n<p>\u00das recomanat:<\/p>\n<p>Ideal per a nedadors de competici\u00f3 que busquen un snorkel d&#8217;alt rendiment per millorar la seva t\u00e8cnica i rendiment a l&#8217;aigua.<\/p>\n<p>\u00a0<\/p>\n<p>No perdis l&#8217;oportunitat d&#8217;adquirir el tub Swim Snorkel III de CRAWL. Compra ara i optimitza el teu entrenament de nataci\u00f3!<\/p>\n","protected":false},"excerpt":{"rendered":"<p>Compra el Tub Swim Snorkel III a CRAWL. Ideal per a nedadors de competici\u00f3.<\/p>\n<p>Ref: 1230000004825.<\/p>\n","protected":false},"featured_media":6722,"comment_status":"open","ping_status":"closed","template":"","meta":[],"product_cat":[134,139],"product_tag":[],"brands":[{"id":312,"name":"ARENA","slug":"arena"}],"_links":{"self":[{"href":"https:\/\/crawl.es\/ca\/wp-json\/wp\/v2\/product\/13143"}],"collection":[{"href":"https:\/\/crawl.es\/ca\/wp-json\/wp\/v2\/product"}],"about":[{"href":"https:\/\/crawl.es\/ca\/wp-json\/wp\/v2\/types\/product"}],"replies":[{"embeddable":true,"href":"https:\/\/crawl.es\/ca\/wp-json\/wp\/v2\/comments?post=13143"}],"wp:featuredmedia":[{"embeddable":true,"href":"https:\/\/crawl.es\/ca\/wp-json\/wp\/v2\/media\/6722"}],"wp:attachment":[{"href":"https:\/\/crawl.es\/ca\/wp-json\/wp\/v2\/media?parent=13143"}],"wp:term":[{"taxonomy":"product_cat","embeddable":true,"href":"https:\/\/crawl.es\/ca\/wp-json\/wp\/v2\/product_cat?post=13143"},{"taxonomy":"product_tag","embeddable":true,"href":"https:\/\/crawl.es\/ca\/wp-json\/wp\/v2\/product_tag?post=13143"}],"curies":[{"name":"wp","href":"https:\/\/api.w.org\/{rel}","templated":true}]}}