{"id":13144,"date":"2023-11-17T12:11:04","date_gmt":"2023-11-17T12:11:04","guid":{"rendered":"https:\/\/crawl.es\/producto\/taula-arena-kickboard-crawl\/"},"modified":"2023-11-17T12:11:04","modified_gmt":"2023-11-17T12:11:04","slug":"taula-arena-kickboard-crawl","status":"publish","type":"product","link":"https:\/\/crawl.es\/ca\/producto\/taula-arena-kickboard-crawl\/","title":{"rendered":"Taula Arena Kickboard | CRAWL"},"content":{"rendered":"<p>La Taula Kickboard \u00e9s perfecta per a nedadors de competici\u00f3 que busquen millorar la seva t\u00e8cnica de puntada. Aquesta taula unisex est\u00e0 dissenyada per proporcionar flotabilitat i estabilitat, permetent als nedadors centrar-se en el treball de cames sense distraccions.<\/p>\n<p>\u00a0<\/p>\n<p>Caracter\u00edstiques destacables:<\/p>\n<p>&#8211; G\u00e8nere: Unisex<\/p>\n<p>&#8211; Classe: Competici\u00f3<\/p>\n<p>&#8211; Disseny hidrodin\u00e0mic: Millora la t\u00e8cnica de puntada de peu i augmenta l&#8217;estabilitat a l&#8217;aigua.<\/p>\n<p>&#8211; Material durador: Fabricada amb materials d\u00b4alta qualitat per a una llarga durada.<\/p>\n<p>\u00a0<\/p>\n<p>\u00das recomanat:<\/p>\n<p>Ideal per a nedadors de competici\u00f3 que volen perfeccionar la seva t\u00e8cnica de puntada. Perfecte per a entrenaments intensius i d&#8217;alta velocitat.<\/p>\n<p>\u00a0<\/p>\n<p>No perdeu l&#8217;oportunitat d&#8217;adquirir la Taula Kickboard de CRAWL. Compra ara i millora la teva t\u00e8cnica de nataci\u00f3!<\/p>\n","protected":false},"excerpt":{"rendered":"<p>Compra la Taula Kickboard a CRAWL. Ideal per a nedadors de competici\u00f3.<\/p>\n<p>Ref: 1230000095275.<\/p>\n","protected":false},"featured_media":6712,"comment_status":"open","ping_status":"closed","template":"","meta":[],"product_cat":[134,139],"product_tag":[],"brands":[{"id":312,"name":"ARENA","slug":"arena"}],"_links":{"self":[{"href":"https:\/\/crawl.es\/ca\/wp-json\/wp\/v2\/product\/13144"}],"collection":[{"href":"https:\/\/crawl.es\/ca\/wp-json\/wp\/v2\/product"}],"about":[{"href":"https:\/\/crawl.es\/ca\/wp-json\/wp\/v2\/types\/product"}],"replies":[{"embeddable":true,"href":"https:\/\/crawl.es\/ca\/wp-json\/wp\/v2\/comments?post=13144"}],"wp:featuredmedia":[{"embeddable":true,"href":"https:\/\/crawl.es\/ca\/wp-json\/wp\/v2\/media\/6712"}],"wp:attachment":[{"href":"https:\/\/crawl.es\/ca\/wp-json\/wp\/v2\/media?parent=13144"}],"wp:term":[{"taxonomy":"product_cat","embeddable":true,"href":"https:\/\/crawl.es\/ca\/wp-json\/wp\/v2\/product_cat?post=13144"},{"taxonomy":"product_tag","embeddable":true,"href":"https:\/\/crawl.es\/ca\/wp-json\/wp\/v2\/product_tag?post=13144"}],"curies":[{"name":"wp","href":"https:\/\/api.w.org\/{rel}","templated":true}]}}