{"id":13161,"date":"2023-11-09T12:14:32","date_gmt":"2023-11-09T12:14:32","guid":{"rendered":"https:\/\/crawl.es\/producto\/sandalies-hydrosoft-ii-hook-arena-crawl-2\/"},"modified":"2023-11-09T12:14:32","modified_gmt":"2023-11-09T12:14:32","slug":"sandalies-hydrosoft-ii-hook-arena-crawl-2","status":"publish","type":"product","link":"https:\/\/crawl.es\/ca\/producto\/sandalies-hydrosoft-ii-hook-arena-crawl-2\/","title":{"rendered":"Sand\u00e0lies Hydrosoft II Hook Arena | CRAWL"},"content":{"rendered":"<p>Les Sand\u00e0lies Hydrosoft II Hook Arena s\u00f3n ideals per a la platja o la piscina. Dissenyades per a un \u00fas c\u00f2mode i durador, aquestes sand\u00e0lies estan fabricades amb materials resistents a l&#8217;aigua i la humitat. La sola antilliscant proporciona m\u00e9s seguretat en superf\u00edcies mullades, mentre que el disseny bicolor afegeix un toc destil.<\/p>\n<p>\u00a0<\/p>\n<p>Caracter\u00edstiques destacables:<\/p>\n<p>&#8211; G\u00e8nere: Unisex<\/p>\n<p>&#8211; Classe: Competici\u00f3<\/p>\n<p>&#8211; Material: Suau EVA i Polyvinyl Chloride<\/p>\n<p>&#8211; Disseny bicolor: Afegeix estil i contrast<\/p>\n<p>&#8211; Sola antilliscant: Major seguretat en superf\u00edcies mullades<\/p>\n<p>&#8211; Assecat r\u00e0pid: Tecnologia que accelera el temps d&#8217;assecament i evita els calfreds despr\u00e9s de l&#8217;activitat<\/p>\n<p>\u00a0<\/p>\n<p>\u00das recomanat:<\/p>\n<p>Perfectes per a nedadors i persones actives que busquen comoditat a la platja o la piscina.<\/p>\n<p>\u00a0<\/p>\n<p>No perdis l&#8217;oportunitat d&#8217;adquirir les Sand\u00e0lies Hydrosoft II Hook Arena de CRAWL. Compra ara i gaudeix d&#8217;estil i comoditat!<\/p>\n","protected":false},"excerpt":{"rendered":"<p>Compra les Sand\u00e0lies Hydrosoft II Hook Arena a CRAWL. Ideals per a la platja o la piscina.<\/p>\n","protected":false},"featured_media":6680,"comment_status":"open","ping_status":"closed","template":"","meta":[],"product_cat":[134,146],"product_tag":[],"brands":[{"id":312,"name":"ARENA","slug":"arena"}],"_links":{"self":[{"href":"https:\/\/crawl.es\/ca\/wp-json\/wp\/v2\/product\/13161"}],"collection":[{"href":"https:\/\/crawl.es\/ca\/wp-json\/wp\/v2\/product"}],"about":[{"href":"https:\/\/crawl.es\/ca\/wp-json\/wp\/v2\/types\/product"}],"replies":[{"embeddable":true,"href":"https:\/\/crawl.es\/ca\/wp-json\/wp\/v2\/comments?post=13161"}],"wp:featuredmedia":[{"embeddable":true,"href":"https:\/\/crawl.es\/ca\/wp-json\/wp\/v2\/media\/6680"}],"wp:attachment":[{"href":"https:\/\/crawl.es\/ca\/wp-json\/wp\/v2\/media?parent=13161"}],"wp:term":[{"taxonomy":"product_cat","embeddable":true,"href":"https:\/\/crawl.es\/ca\/wp-json\/wp\/v2\/product_cat?post=13161"},{"taxonomy":"product_tag","embeddable":true,"href":"https:\/\/crawl.es\/ca\/wp-json\/wp\/v2\/product_tag?post=13161"}],"curies":[{"name":"wp","href":"https:\/\/api.w.org\/{rel}","templated":true}]}}