{"id":13183,"date":"2023-10-18T15:26:43","date_gmt":"2023-10-18T15:26:43","guid":{"rendered":"https:\/\/crawl.es\/producto\/callera-gimar-anillas-velcro-suport-crawl\/"},"modified":"2023-10-18T15:26:43","modified_gmt":"2023-10-18T15:26:43","slug":"callera-gimar-anillas-velcro-suport-crawl","status":"publish","type":"product","link":"https:\/\/crawl.es\/ca\/producto\/callera-gimar-anillas-velcro-suport-crawl\/","title":{"rendered":"Callera Gimar Anillas Velcro Suport | Crawl"},"content":{"rendered":"<p>Calleres asim\u00e8triques competici\u00f3 Gimar 2 forats, cilindre protector i amb velcro<\/p>\n<p>Per saber la talla correcta seguiu les instruccions seg\u00fcents:<\/p>\n<p style=\"box-sizing: border-box; margin-top: 0px; margin-bottom: 1.25rem; color: #484f56; font-family: futura-pt, sans-serif;\">Calleras asim\u00e9tricas competici\u00f3n Gimar\u00a0 2 agujeros, cilindro protector y con velcro<\/p>\n<p style=\"box-sizing: border-box; margin-top: 0px; margin-bottom: 1.25rem; color: #484f56; font-family: futura-pt, sans-serif;\">Para saber la talla correcta siga las siguientes instrucciones:<\/p>\n<p style=\"box-sizing: border-box; margin-top: 0px; margin-bottom: 1.25rem; color: #484f56; font-family: futura-pt, sans-serif;\"><img decoding=\"async\" loading=\"lazy\" class=\"size-medium wp-image-15970 aligncenter\" style=\"box-sizing: border-box; vertical-align: middle; border-style: none; clear: both; text-align: center; margin-top: 0px; margin-bottom: 0px;\" src=\"https:\/\/gimargym.com\/wp-content\/uploads\/2023\/07\/unnamed-1.jpg\" alt=\"\" width=\"400\" height=\"213\" \/><\/p>\n","protected":false},"excerpt":{"rendered":"<p>La Callera Gimar Anillas Velcro proporciona protecci\u00f3 i subjecci\u00f3 superior en exercicis amb anelles. Disseny ajustable amb tancament de velcro per a m\u00e0xima comoditat i seguretat. Ideal per a entrenaments intensos i d&#8217;alt rendiment.<\/p>\n","protected":false},"featured_media":6613,"comment_status":"open","ping_status":"closed","template":"","meta":[],"product_cat":[134,150,159,147,156,139],"product_tag":[],"brands":[{"id":27,"name":"Gimar","slug":"gimar"}],"_links":{"self":[{"href":"https:\/\/crawl.es\/ca\/wp-json\/wp\/v2\/product\/13183"}],"collection":[{"href":"https:\/\/crawl.es\/ca\/wp-json\/wp\/v2\/product"}],"about":[{"href":"https:\/\/crawl.es\/ca\/wp-json\/wp\/v2\/types\/product"}],"replies":[{"embeddable":true,"href":"https:\/\/crawl.es\/ca\/wp-json\/wp\/v2\/comments?post=13183"}],"wp:featuredmedia":[{"embeddable":true,"href":"https:\/\/crawl.es\/ca\/wp-json\/wp\/v2\/media\/6613"}],"wp:attachment":[{"href":"https:\/\/crawl.es\/ca\/wp-json\/wp\/v2\/media?parent=13183"}],"wp:term":[{"taxonomy":"product_cat","embeddable":true,"href":"https:\/\/crawl.es\/ca\/wp-json\/wp\/v2\/product_cat?post=13183"},{"taxonomy":"product_tag","embeddable":true,"href":"https:\/\/crawl.es\/ca\/wp-json\/wp\/v2\/product_tag?post=13183"}],"curies":[{"name":"wp","href":"https:\/\/api.w.org\/{rel}","templated":true}]}}