{"id":13188,"date":"2023-10-18T15:15:05","date_gmt":"2023-10-18T15:15:05","guid":{"rendered":"https:\/\/crawl.es\/producto\/ulleres-de-natacio-cobra-ultra-swipe-mirror-crawl\/"},"modified":"2023-10-18T15:15:05","modified_gmt":"2023-10-18T15:15:05","slug":"ulleres-de-natacio-cobra-ultra-swipe-mirror-crawl","status":"publish","type":"product","link":"https:\/\/crawl.es\/ca\/producto\/ulleres-de-natacio-cobra-ultra-swipe-mirror-crawl\/","title":{"rendered":"Ulleres de Nataci\u00f3 Cobra Ultra Swipe Mirror | CRAWL"},"content":{"rendered":"<p>Descobreix el darrer en protecci\u00f3 antibaf amb les Ulleres de Nataci\u00f3 Cobra Ultra Swipe Mirror! La nova tecnologia Swipe Anti-Fog de sorra \u00e9s un plantejament revolucionari que soluciona el problema de les ulleres que s&#8217;entelen. El tractament antibaf de la fam\u00edlia Cobra ja era un dels millors del mercat, i ara sorra ho ha millorat amb la tecnologia Swipe. Swipe Anti-Fog es reactiva nom\u00e9s passant el dit, perqu\u00e8 la protecci\u00f3 duri com a m\u00ednim 10 vegades m\u00e9s. Quan les ulleres s&#8217;entelen, nom\u00e9s cal passar la punta del dit per l&#8217;interior de les lents mentre les ulleres estan submergides, per gaudir durant m\u00e9s temps d&#8217;una visi\u00f3 transparent.<\/p>\n<p>Muntura amb un exclusiu disseny daurat. Ulleres disponibles amb lents clares i fosques.<\/p>\n<p>\u00a0<\/p>\n<p>\u00a0<\/p>\n<p>**Caracter\u00edstiques destacables**:<\/p>\n<p>&#8211; **Tecnologia Swipe Anti-Fog**: Protecci\u00f3 antibaf que dura 10 vegades m\u00e9s.<\/p>\n<p>&#8211; **Montura amb un exclusiu disseny daurat**: Eleg\u00e0ncia i funcionalitat.<\/p>\n<p>&#8211; **Disponibles amb lents clares i fosques**: Adaptabilitat a diferents condicions de llum.<\/p>\n<p>\u00a0<\/p>\n<p>**Composici\u00f3 del material**:<\/p>\n<p>&#8211; 70% Policarbonat: Material resistent i durador.<\/p>\n<p>&#8211; 20% Silicona: Comoditat i ajustament segur.<\/p>\n<p>&#8211; 10% Elast\u00f2mer Termopl\u00e0stic: Flexibilitat i resist\u00e8ncia.<\/p>\n<p>\u00a0<\/p>\n<p>**\u00das recomanat**:<\/p>\n<p>Aquestes ulleres s\u00f3n perfectes per a qualsevol nedador que busqui rendiment i durabilitat, tant en entrenaments diaris com en competicions. Garanteixen una visi\u00f3 clara i sense entelament, assegurant que puguis concentrar-te en millorar el teu rendiment a cada bra\u00e7ada.<\/p>\n<p>\u00a0<\/p>\n<p>No perdis l&#8217;oportunitat de millorar la teva experi\u00e8ncia a l&#8217;aigua amb les Ulleres de Nataci\u00f3 Cobra Ultra Swipe Mirror de CRAWL. Compra ara i gaudeix d&#8217;una nataci\u00f3 superior!<\/p>\n","protected":false},"excerpt":{"rendered":"<p>Compra les Ulleres de Nataci\u00f3 Cobra Ultra Swipe Mirror a CRAWL. Tecnologia Swipe Anti-Fog, visi\u00f3 clara i disseny daurat.<\/p>\n","protected":false},"featured_media":6610,"comment_status":"open","ping_status":"closed","template":"","meta":[],"product_cat":[134,135],"product_tag":[],"brands":[{"id":312,"name":"ARENA","slug":"arena"}],"_links":{"self":[{"href":"https:\/\/crawl.es\/ca\/wp-json\/wp\/v2\/product\/13188"}],"collection":[{"href":"https:\/\/crawl.es\/ca\/wp-json\/wp\/v2\/product"}],"about":[{"href":"https:\/\/crawl.es\/ca\/wp-json\/wp\/v2\/types\/product"}],"replies":[{"embeddable":true,"href":"https:\/\/crawl.es\/ca\/wp-json\/wp\/v2\/comments?post=13188"}],"wp:featuredmedia":[{"embeddable":true,"href":"https:\/\/crawl.es\/ca\/wp-json\/wp\/v2\/media\/6610"}],"wp:attachment":[{"href":"https:\/\/crawl.es\/ca\/wp-json\/wp\/v2\/media?parent=13188"}],"wp:term":[{"taxonomy":"product_cat","embeddable":true,"href":"https:\/\/crawl.es\/ca\/wp-json\/wp\/v2\/product_cat?post=13188"},{"taxonomy":"product_tag","embeddable":true,"href":"https:\/\/crawl.es\/ca\/wp-json\/wp\/v2\/product_tag?post=13188"}],"curies":[{"name":"wp","href":"https:\/\/api.w.org\/{rel}","templated":true}]}}