{"id":13191,"date":"2023-10-18T13:52:32","date_gmt":"2023-10-18T13:52:32","guid":{"rendered":"https:\/\/crawl.es\/producto\/tovallola-coto-loki-comic-145-x-100cm-crawl\/"},"modified":"2023-10-18T13:52:32","modified_gmt":"2023-10-18T13:52:32","slug":"tovallola-coto-loki-comic-145-x-100cm-crawl","status":"publish","type":"product","link":"https:\/\/crawl.es\/ca\/producto\/tovallola-coto-loki-comic-145-x-100cm-crawl\/","title":{"rendered":"Tovallola Cot\u00f3 Loki Comic (145 x 100cm) | CRAWL"},"content":{"rendered":"<p>Les tovalloles de piscina de cot\u00f3 Loki Comic (145 x 100cm) s\u00f3n de la millor qualitat possible. El teixit de microfibra i el cot\u00f3 utilitzat s\u00f3n de primera qualitat, permetent aix\u00ed un assecat r\u00e0pid i una perfecta resist\u00e8ncia al clor. Aquestes tovalloles s\u00f3n molt lleugeres i ocupen poc espai a l&#8217;hora de guardar-les a qualsevol bossa o motxilla.<\/p>\n<p>\u00a0<\/p>\n<p>Caracter\u00edstiques destacables:<\/p>\n<p>&#8211; Material: Microfibra i cot\u00f3 de primera qualitat.<\/p>\n<p>&#8211; Assecat r\u00e0pid: Perfecta resist\u00e8ncia al clor.<\/p>\n<p>&#8211; Lleugeresa: Ocupen poc espai.<\/p>\n<p>&#8211; \u00das professional: Utilitzades per esportistes d&#8217;elit de la selecci\u00f3 espanyola, dels Estats Units, Austr\u00e0lia, i molts altres equips nacionals de primer nivell.<\/p>\n<p>\u00a0<\/p>\n<p>\u00das recomanat:<\/p>\n<p>Perfectes per a nedadors i esportistes que cerquen una tovallola d&#8217;alta qualitat i rendiment. Ideal per a la piscina, la platja o el gimn\u00e0s.<\/p>\n<p>\u00a0<\/p>\n<p>No perdeu l&#8217;oportunitat d&#8217;adquirir la Tovallola Cot\u00f3 Loki Comic (145 x 100cm) de CRAWL. Compra ara i gaudeix de la millor qualitat a les teves activitats aqu\u00e0tiques!<\/p>\n","protected":false},"excerpt":{"rendered":"<p>Compra la Tovallola Cot\u00f3 Loki Comic (145 x 100cm) a CRAWL. Alta qualitat, assecat r\u00e0pid i resist\u00e8ncia al clor.<\/p>\n<p>Ref: 9841378.<\/p>\n","protected":false},"featured_media":6590,"comment_status":"open","ping_status":"closed","template":"","meta":[],"product_cat":[134,145],"product_tag":[],"brands":[{"id":22,"name":"Turbo","slug":"turbo"}],"_links":{"self":[{"href":"https:\/\/crawl.es\/ca\/wp-json\/wp\/v2\/product\/13191"}],"collection":[{"href":"https:\/\/crawl.es\/ca\/wp-json\/wp\/v2\/product"}],"about":[{"href":"https:\/\/crawl.es\/ca\/wp-json\/wp\/v2\/types\/product"}],"replies":[{"embeddable":true,"href":"https:\/\/crawl.es\/ca\/wp-json\/wp\/v2\/comments?post=13191"}],"wp:featuredmedia":[{"embeddable":true,"href":"https:\/\/crawl.es\/ca\/wp-json\/wp\/v2\/media\/6590"}],"wp:attachment":[{"href":"https:\/\/crawl.es\/ca\/wp-json\/wp\/v2\/media?parent=13191"}],"wp:term":[{"taxonomy":"product_cat","embeddable":true,"href":"https:\/\/crawl.es\/ca\/wp-json\/wp\/v2\/product_cat?post=13191"},{"taxonomy":"product_tag","embeddable":true,"href":"https:\/\/crawl.es\/ca\/wp-json\/wp\/v2\/product_tag?post=13191"}],"curies":[{"name":"wp","href":"https:\/\/api.w.org\/{rel}","templated":true}]}}