{"id":13197,"date":"2023-10-18T10:23:22","date_gmt":"2023-10-18T10:23:22","guid":{"rendered":"https:\/\/crawl.es\/producto\/aletas-powerfin-pro-ii-crawl\/"},"modified":"2023-10-18T10:23:22","modified_gmt":"2023-10-18T10:23:22","slug":"aletas-powerfin-pro-ii-crawl","status":"publish","type":"product","link":"https:\/\/crawl.es\/ca\/producto\/aletas-powerfin-pro-ii-crawl\/","title":{"rendered":"Aletas Powerfin Pro II | CRAWL"},"content":{"rendered":"<p>Millora la teva t\u00e8cnica de puntada de peu i la for\u00e7a de la part inferior del cos amb les nostres aletes Powerfin Pro II. Estan dissenyades amb una pala curta i inclinada per maximitzar l&#8217;empenta cap endavant, mentre que l&#8217;obertura oberta del tal\u00f3 i la puntera garanteixen flexibilitat, puntades de peu m\u00e9s r\u00e0pides i comoditat. Personalitzades per al peu esquerre i dret, cada aleta t\u00e9 els laterals estriats per millorar el control.<\/p>\n<p>\u00a0<\/p>\n<p>Caracter\u00edstiques destacables:<\/p>\n<p>&#8211; G\u00e8nere: Dona, Home.<\/p>\n<p>&#8211; Pala curta i inclinada: Maximitza l&#8217;empenta cap endavant.<\/p>\n<p>&#8211; Obertura oberta del tal\u00f3 i la puntera: Garanteix flexibilitat i comoditat.<\/p>\n<p>&#8211; Personalitzades per a cada peu: Dissenyades per al peu esquerre i dret.<\/p>\n<p>&#8211; Laterals estriats: Milloren el control durant la nataci\u00f3.<\/p>\n<p>\u00a0<\/p>\n<p>\u00das recomanat:<\/p>\n<p>Perfectes per a nedadors que busquen millorar la seva t\u00e8cnica de puntada de peu i enfortir la part inferior del cos. Ideals per a entrenaments d&#8217;alta intensitat i desenvolupament d&#8217;habilitats a l&#8217;aigua.<\/p>\n<p>\u00a0<\/p>\n<p>No perdis l&#8217;oportunitat d&#8217;adquirir les aletes Powerfin Pro II de CRAWL. Compra ara i porta el teu entrenament de nataci\u00f3 al seg\u00fcent nivell!<\/p>\n","protected":false},"excerpt":{"rendered":"<p>Compra les Aletes Powerfin Pro II a CRAWL. Millora la teva t\u00e8cnica de puntada de peu i la for\u00e7a de la part inferior del cos. Dissenyades per a m\u00e0xima flexibilitat i control.<\/p>\n","protected":false},"featured_media":6556,"comment_status":"open","ping_status":"closed","template":"","meta":[],"product_cat":[134,139],"product_tag":[],"brands":[{"id":312,"name":"ARENA","slug":"arena"}],"_links":{"self":[{"href":"https:\/\/crawl.es\/ca\/wp-json\/wp\/v2\/product\/13197"}],"collection":[{"href":"https:\/\/crawl.es\/ca\/wp-json\/wp\/v2\/product"}],"about":[{"href":"https:\/\/crawl.es\/ca\/wp-json\/wp\/v2\/types\/product"}],"replies":[{"embeddable":true,"href":"https:\/\/crawl.es\/ca\/wp-json\/wp\/v2\/comments?post=13197"}],"wp:featuredmedia":[{"embeddable":true,"href":"https:\/\/crawl.es\/ca\/wp-json\/wp\/v2\/media\/6556"}],"wp:attachment":[{"href":"https:\/\/crawl.es\/ca\/wp-json\/wp\/v2\/media?parent=13197"}],"wp:term":[{"taxonomy":"product_cat","embeddable":true,"href":"https:\/\/crawl.es\/ca\/wp-json\/wp\/v2\/product_cat?post=13197"},{"taxonomy":"product_tag","embeddable":true,"href":"https:\/\/crawl.es\/ca\/wp-json\/wp\/v2\/product_tag?post=13197"}],"curies":[{"name":"wp","href":"https:\/\/api.w.org\/{rel}","templated":true}]}}