{"id":13211,"date":"2023-10-18T09:56:54","date_gmt":"2023-10-18T09:56:54","guid":{"rendered":"https:\/\/crawl.es\/producto\/aletas-turbo-elite-pro-fins-crawl\/"},"modified":"2023-10-18T09:56:54","modified_gmt":"2023-10-18T09:56:54","slug":"aletas-turbo-elite-pro-fins-crawl","status":"publish","type":"product","link":"https:\/\/crawl.es\/ca\/producto\/aletas-turbo-elite-pro-fins-crawl\/","title":{"rendered":"Aletas Turbo Elite Pro Fins | CRAWL"},"content":{"rendered":"<p>Tant si ets un nedador ocasional com un nedador competitiu a nivell professional, Turbo posa al teu abast el millor material d&#8217;entrenament per a \u00fas a la piscina i en aig\u00fces obertes. Amb aquest material d&#8217;entrenament aconseguir\u00e0s millorar els teus resultats, t\u00e8cnica, resist\u00e8ncia i pot\u00e8ncia a l&#8217;aigua. Aquest material de nataci\u00f3 \u00e9s perfecte per afegir dinamisme i qualitat als exercicis dels teus entrenaments a la piscina, fent que augmenti la teva intensitat als entrenaments i treballant zones musculars que no se solen treballar de forma habitual.<\/p>\n<p>\u00a0<\/p>\n<p>Caracter\u00edstiques del material d&#8217;entrenament de nataci\u00f3 Turbo:<\/p>\n<p>&#8211; Resist\u00e8ncia total al clor: Material resistent i durador.<\/p>\n<p>&#8211; Material resistent i el\u00e0stic: Assegura una llarga vida \u00fatil i adaptabilitat.<\/p>\n<p>&#8211; Resist\u00e8ncia a l&#8217;aigua salada: Perfecte per a \u00fas en piscines i aig\u00fces obertes.<\/p>\n<p>&#8211; Colors duradors: Mantenen la vitalitat amb el temps.<\/p>\n<p>&#8211; Testat per professionals: Aprovat i utilitzat per nedadors d&#8217;elit.<\/p>\n<p>\u00a0<\/p>\n<p>\u00das recomanat:<\/p>\n<p>L&#8217;objectiu \u00e9s millorar el to muscular amb la realitzaci\u00f3 d&#8217;exercicis espec\u00edfics i millorar la t\u00e8cnica de nad\u00f3 i aconseguir la posici\u00f3 corporal id\u00f2nia. Perfecte per augmentar la intensitat dels teus entrenaments i millorar el teu rendiment a l&#8217;aigua. Ideal per a nedadors que busquen maximitzar el seu entrenament i assolir resultats \u00f2ptims.<\/p>\n<p>\u00a0<\/p>\n<p>No perdis l&#8217;oportunitat d&#8217;adquirir les Aletes Turbo Elite Pro Fins de CRAWL. Compra ara i porta el teu entrenament de nataci\u00f3 al seg\u00fcent nivell!<\/p>\n","protected":false},"excerpt":{"rendered":"<p>Compra les Aletes Turbo Elite Pro Fins a CRAWL. Millora la teva t\u00e8cnica de nataci\u00f3 i enforteix el teu cos amb material d&#8217;entrenament d&#8217;alta qualitat.<\/p>\n<p>Ref: 97111.<\/p>\n","protected":false},"featured_media":8776,"comment_status":"open","ping_status":"closed","template":"","meta":[],"product_cat":[134,139],"product_tag":[],"brands":[{"id":22,"name":"Turbo","slug":"turbo"}],"_links":{"self":[{"href":"https:\/\/crawl.es\/ca\/wp-json\/wp\/v2\/product\/13211"}],"collection":[{"href":"https:\/\/crawl.es\/ca\/wp-json\/wp\/v2\/product"}],"about":[{"href":"https:\/\/crawl.es\/ca\/wp-json\/wp\/v2\/types\/product"}],"replies":[{"embeddable":true,"href":"https:\/\/crawl.es\/ca\/wp-json\/wp\/v2\/comments?post=13211"}],"wp:featuredmedia":[{"embeddable":true,"href":"https:\/\/crawl.es\/ca\/wp-json\/wp\/v2\/media\/8776"}],"wp:attachment":[{"href":"https:\/\/crawl.es\/ca\/wp-json\/wp\/v2\/media?parent=13211"}],"wp:term":[{"taxonomy":"product_cat","embeddable":true,"href":"https:\/\/crawl.es\/ca\/wp-json\/wp\/v2\/product_cat?post=13211"},{"taxonomy":"product_tag","embeddable":true,"href":"https:\/\/crawl.es\/ca\/wp-json\/wp\/v2\/product_tag?post=13211"}],"curies":[{"name":"wp","href":"https:\/\/api.w.org\/{rel}","templated":true}]}}