{"id":13216,"date":"2023-10-17T16:20:39","date_gmt":"2023-10-17T16:20:39","guid":{"rendered":"https:\/\/crawl.es\/producto\/raptor-hcb-titanium-crawl\/"},"modified":"2023-10-17T16:20:39","modified_gmt":"2023-10-17T16:20:39","slug":"raptor-hcb-titanium-crawl","status":"publish","type":"product","link":"https:\/\/crawl.es\/ca\/producto\/raptor-hcb-titanium-crawl\/","title":{"rendered":"Raptor HCB Titanium | CRAWL"},"content":{"rendered":"<p>El nou Raptor Goggle amb lents miralles \u00e9s ideal per a condicions de sol directe o alta lluminositat, reduint la resplendor i els reflexos del sol. Perfecte per nedar a l&#8217;aire lliure.<\/p>\n<p>\u00a0<\/p>\n<p>Caracter\u00edstiques destacables:<\/p>\n<p>&#8211; Tecnologia HCB (Honeycomb): Les juntes amb estructura hexagonal reforcen el segellat contra la pressi\u00f3, mantenint l&#8217;elasticitat i suavitat per a un ajustament lleuger i segur. Proporciona un ajustament c\u00f2mode i estable durant bussejos, girs i bra\u00e7ades.<\/p>\n<p>&#8211; Disseny elegant i cridaner: A m\u00e9s de la seva gran funcionalitat, el disseny \u00e9s impressionant.<\/p>\n<p>&#8211; Sistema d&#8217;ajust f\u00e0cil: Les corretges dobles de Zoggs inclouen un sistema d&#8217;ajust f\u00e0cil, fabricades en silicona d&#8217;alta qualitat per a m\u00e9s comoditat i durabilitat.<\/p>\n<p>&#8211; Protecci\u00f3 UV i antibaf: Ulleres amb protecci\u00f3 UV i tractament antibaf per a una nataci\u00f3 m\u00e9s segura, clara i duradora.<\/p>\n<p>\u00a0<\/p>\n<p>Composici\u00f3 del material:<\/p>\n<p>&#8211; 70% Policarbonat: Material resistent i durador.<\/p>\n<p>&#8211; 20% Silicona: Comoditat i ajustament segur.<\/p>\n<p>&#8211; 10% Elast\u00f2mer Termopl\u00e0stic: Flexibilitat i resist\u00e8ncia.<\/p>\n<p>\u00a0<\/p>\n<p>Components inclosos:<\/p>\n<p>&#8211; 1 ullera<\/p>\n<p>&#8211; 3 ponts nasals<\/p>\n<p>\u00a0<\/p>\n<p>\u00das recomanat:<\/p>\n<p>Aquestes ulleres s\u00f3n perfectes per a qualsevol nedador que bus<\/p>\n","protected":false},"excerpt":{"rendered":"<p>Compra el Raptor HCB Titanium a CRAWL. Ulleres amb lents miralles, tecnologia HCB Honeycomb, protecci\u00f3 UV i anti-baf.<\/p>\n<p>Ref: 461085<\/p>\n","protected":false},"featured_media":6531,"comment_status":"open","ping_status":"closed","template":"","meta":[],"product_cat":[134,135],"product_tag":[],"brands":[{"id":24,"name":"Zoggs","slug":"zoggs"}],"_links":{"self":[{"href":"https:\/\/crawl.es\/ca\/wp-json\/wp\/v2\/product\/13216"}],"collection":[{"href":"https:\/\/crawl.es\/ca\/wp-json\/wp\/v2\/product"}],"about":[{"href":"https:\/\/crawl.es\/ca\/wp-json\/wp\/v2\/types\/product"}],"replies":[{"embeddable":true,"href":"https:\/\/crawl.es\/ca\/wp-json\/wp\/v2\/comments?post=13216"}],"wp:featuredmedia":[{"embeddable":true,"href":"https:\/\/crawl.es\/ca\/wp-json\/wp\/v2\/media\/6531"}],"wp:attachment":[{"href":"https:\/\/crawl.es\/ca\/wp-json\/wp\/v2\/media?parent=13216"}],"wp:term":[{"taxonomy":"product_cat","embeddable":true,"href":"https:\/\/crawl.es\/ca\/wp-json\/wp\/v2\/product_cat?post=13216"},{"taxonomy":"product_tag","embeddable":true,"href":"https:\/\/crawl.es\/ca\/wp-json\/wp\/v2\/product_tag?post=13216"}],"curies":[{"name":"wp","href":"https:\/\/api.w.org\/{rel}","templated":true}]}}