{"id":13217,"date":"2023-10-17T16:06:40","date_gmt":"2023-10-17T16:06:40","guid":{"rendered":"https:\/\/crawl.es\/producto\/ulleres-natacio-speedo-biofuse-2-0-polarized-crawl\/"},"modified":"2023-10-17T16:06:40","modified_gmt":"2023-10-17T16:06:40","slug":"ulleres-natacio-speedo-biofuse-2-0-polarized-crawl","status":"publish","type":"product","link":"https:\/\/crawl.es\/ca\/producto\/ulleres-natacio-speedo-biofuse-2-0-polarized-crawl\/","title":{"rendered":"Ulleres Nataci\u00f3 Speedo Biofuse 2.0 Polarized | CRAWL"},"content":{"rendered":"<p>Les ulleres Biofuse arriben a una versi\u00f3 millorada. Les noves ulleres Biofuse 2.0 Polarized, que compten amb la tecnologia supervendes Speedo Biofuse\u00ae, porten la comoditat i l&#8217;ajust al nivell seg\u00fcent amb el mecanisme de bot\u00f3 pendent de patentar i elements de segellat supersuaus amb un nou disseny de ranura. Disponible per primera vegada en una lent polaritzada per reduir els reflexos de llum i l&#8217;enlluernament a interiors i exteriors, \u00e9s tot el que t&#8217;encanta de Biofuse, en un disseny encara millor.<\/p>\n<p>\u00a0<\/p>\n<p>Caracter\u00edstiques destacables:<\/p>\n<p>&#8211; Tecnologia Speedo Biofuse\u00ae: Comoditat i ajustament superior.<\/p>\n<p>&#8211; Lents polaritzades: Reducci\u00f3 de reflexos i enlluernament a interiors i exteriors.<\/p>\n<p>&#8211; Mecanisme de bot\u00f3 pendent de patentar: Innovaci\u00f3 en ajustament.<\/p>\n<p>&#8211; Elements de segellat supersuaus: M\u00e0xima comoditat.<\/p>\n<p>\u00a0<\/p>\n<p>Composici\u00f3 del material:<\/p>\n<p>\u2013 Materials d&#8217;alta qualitat: Garanteixen durabilitat i rendiment.<\/p>\n<p>\u00a0<\/p>\n<p>\u00das recomanat:<\/p>\n<p>Aquestes ulleres s\u00f3n perfectes per a qualsevol nedador que busqui rendiment i confort, tant en entrenaments diaris com en competicions. Asseguren una visi\u00f3 clara i c\u00f2moda, permetent concentrar-se a cada bra\u00e7ada.<\/p>\n<p>\u00a0<\/p>\n<p>No perdis l&#8217;oportunitat de millorar la teva experi\u00e8ncia a l&#8217;aigua amb les Ulleres Nataci\u00f3 Speedo Biofuse 2.0 Polarized de CRAWL. Compra ara i gaudeix d\u00b4una nataci\u00f3 superior!<\/p>\n","protected":false},"excerpt":{"rendered":"<p>Compra les Ulleres Nataci\u00f3 Speedo Biofuse 2.0 Polarized a CRAWL. Comoditat superior, lents polaritzades i tecnologia Speedo Biofuse.<\/p>\n","protected":false},"featured_media":9514,"comment_status":"open","ping_status":"closed","template":"","meta":[],"product_cat":[134,135],"product_tag":[],"brands":[{"id":307,"name":"Speedo","slug":"speedo"}],"_links":{"self":[{"href":"https:\/\/crawl.es\/ca\/wp-json\/wp\/v2\/product\/13217"}],"collection":[{"href":"https:\/\/crawl.es\/ca\/wp-json\/wp\/v2\/product"}],"about":[{"href":"https:\/\/crawl.es\/ca\/wp-json\/wp\/v2\/types\/product"}],"replies":[{"embeddable":true,"href":"https:\/\/crawl.es\/ca\/wp-json\/wp\/v2\/comments?post=13217"}],"wp:featuredmedia":[{"embeddable":true,"href":"https:\/\/crawl.es\/ca\/wp-json\/wp\/v2\/media\/9514"}],"wp:attachment":[{"href":"https:\/\/crawl.es\/ca\/wp-json\/wp\/v2\/media?parent=13217"}],"wp:term":[{"taxonomy":"product_cat","embeddable":true,"href":"https:\/\/crawl.es\/ca\/wp-json\/wp\/v2\/product_cat?post=13217"},{"taxonomy":"product_tag","embeddable":true,"href":"https:\/\/crawl.es\/ca\/wp-json\/wp\/v2\/product_tag?post=13217"}],"curies":[{"name":"wp","href":"https:\/\/api.w.org\/{rel}","templated":true}]}}