{"id":13218,"date":"2023-10-17T16:04:24","date_gmt":"2023-10-17T16:04:24","guid":{"rendered":"https:\/\/crawl.es\/producto\/ulleres-natacio-speedo-hydrosity-2-0-blau-mari-crawl\/"},"modified":"2023-10-17T16:04:24","modified_gmt":"2023-10-17T16:04:24","slug":"ulleres-natacio-speedo-hydrosity-2-0-blau-mari-crawl","status":"publish","type":"product","link":"https:\/\/crawl.es\/ca\/producto\/ulleres-natacio-speedo-hydrosity-2-0-blau-mari-crawl\/","title":{"rendered":"Ulleres Nataci\u00f3 Speedo Hydrosity 2.0 Blau Mar\u00ed | CRAWL"},"content":{"rendered":"<p>Presentem les NOVES ulleres Hydrosity 2.0, que compten amb segells suaus i una lent envoltant per a una comoditat duradora i una visi\u00f3 perif\u00e8rica excel\u00b7lent. Amb un mecanisme de doble pin\u00e7a per a un ajustament f\u00e0cil, juntament amb una corretja dividida i un pont nasal modelat per permetre m\u00e9s dist\u00e0ncia per a un ajustament perfecte, t\u00e9 tot el que necessita unes ulleres de fitness. Com totes les ulleres Speedo, aquest parell proporciona una protecci\u00f3 UV del 100% i ve amb lents amb revestiment antibaf per a una visi\u00f3 clara sota l&#8217;aigua.<\/p>\n<p>\u00a0<\/p>\n<p>Caracter\u00edstiques destacables:<\/p>\n<p>&#8211; Segells suaus i lent envoltant: Comoditat duradora i visi\u00f3 perif\u00e8rica excel\u00b7lent.<\/p>\n<p>&#8211; Mecanisme de doble pin\u00e7a: Ajust f\u00e0cil i segur.<\/p>\n<p>&#8211; Corretja dividida i pont nasal modelat: Ajust perfecte i major dist\u00e0ncia.<\/p>\n<p>&#8211; Protecci\u00f3 UV del 100%: Seguretat pels teus ulls sota el sol.<\/p>\n<p>&#8211; Revestiment antibaf: Visi\u00f3 clara i sense entelament sota l&#8217;aigua.<\/p>\n<p>\u00a0<\/p>\n<p>Composici\u00f3 del material:<\/p>\n<p>\u2013 Materials d&#8217;alta qualitat: Garanteixen durabilitat i rendiment.<\/p>\n<p>\u00a0<\/p>\n<p>\u00das recomanat:<\/p>\n<p>Aquestes ulleres s\u00f3n perfectes per a qualsevol nedador que busqui rendiment i confort, tant en entrenaments diaris com en sessions de fitness. Asseguren una visi\u00f3 clara i c\u00f2moda, permetent concentrar-se a cada bra\u00e7ada.<\/p>\n<p>\u00a0<\/p>\n<p>No perdis l&#8217;oportunitat de millorar la teva experi\u00e8ncia a l&#8217;aigua amb les Ulleres Nataci\u00f3 Speedo Hydrosity 2.0 Blau Mar\u00ed de CRAWL. Compra ara i gaudeix d\u00b4una nataci\u00f3 superior!<\/p>\n","protected":false},"excerpt":{"rendered":"<p>Compra les Ulleres Nataci\u00f3 Speedo Hydrosity 2.0 Blau Mar\u00ed a CRAWL. Comoditat duradora, visi\u00f3 perif\u00e8rica excel\u00b7lent i protecci\u00f3 UV del 100%.<\/p>\n","protected":false},"featured_media":16449,"comment_status":"open","ping_status":"closed","template":"","meta":[],"product_cat":[134,135],"product_tag":[],"brands":[{"id":307,"name":"Speedo","slug":"speedo"}],"_links":{"self":[{"href":"https:\/\/crawl.es\/ca\/wp-json\/wp\/v2\/product\/13218"}],"collection":[{"href":"https:\/\/crawl.es\/ca\/wp-json\/wp\/v2\/product"}],"about":[{"href":"https:\/\/crawl.es\/ca\/wp-json\/wp\/v2\/types\/product"}],"replies":[{"embeddable":true,"href":"https:\/\/crawl.es\/ca\/wp-json\/wp\/v2\/comments?post=13218"}],"wp:featuredmedia":[{"embeddable":true,"href":"https:\/\/crawl.es\/ca\/wp-json\/wp\/v2\/media\/16449"}],"wp:attachment":[{"href":"https:\/\/crawl.es\/ca\/wp-json\/wp\/v2\/media?parent=13218"}],"wp:term":[{"taxonomy":"product_cat","embeddable":true,"href":"https:\/\/crawl.es\/ca\/wp-json\/wp\/v2\/product_cat?post=13218"},{"taxonomy":"product_tag","embeddable":true,"href":"https:\/\/crawl.es\/ca\/wp-json\/wp\/v2\/product_tag?post=13218"}],"curies":[{"name":"wp","href":"https:\/\/api.w.org\/{rel}","templated":true}]}}