{"id":13219,"date":"2023-10-17T15:59:03","date_gmt":"2023-10-17T15:59:03","guid":{"rendered":"https:\/\/crawl.es\/producto\/ulleres-arena-swedix-mirror-crawl\/"},"modified":"2023-10-17T15:59:03","modified_gmt":"2023-10-17T15:59:03","slug":"ulleres-arena-swedix-mirror-crawl","status":"publish","type":"product","link":"https:\/\/crawl.es\/ca\/producto\/ulleres-arena-swedix-mirror-crawl\/","title":{"rendered":"Ulleres Arena Swedix Mirror | CRAWL"},"content":{"rendered":"<p>A la funcionalitat de les cl\u00e0ssiques ulleres de nataci\u00f3 d&#8217;inspiraci\u00f3 sueca se li ha afegit un confort m\u00e9s gran, gr\u00e0cies al revestiment de goma, i una visi\u00f3 millorada, gr\u00e0cies als exclusius vidres dividits. Els vidres de mirall proporcionen un estil modern i una funcionalitat en condicions d&#8217;alta lluminositat.<\/p>\n<p>\u00a0<\/p>\n<p>Caracter\u00edstiques destacables:<\/p>\n<p>&#8211; Confort millorat: Revestiment de goma per a m\u00e9s comoditat.<\/p>\n<p>&#8211; Visi\u00f3 millorada: Exclusius vidres dividits.<\/p>\n<p>&#8211; Vidres de mirall: Estil modern i reducci\u00f3 d&#8217;enlluernament.<\/p>\n<p>&#8211; Inspiraci\u00f3 sueca: Disseny cl\u00e0ssic i funcional.<\/p>\n<p>\u00a0<\/p>\n<p>Composici\u00f3 del material:<\/p>\n<p>\u2013 Materials d&#8217;alta qualitat: Garanteixen durabilitat i rendiment.<\/p>\n<p>\u00a0<\/p>\n<p>\u00das recomanat:<\/p>\n<p>Aquestes ulleres s\u00f3n perfectes per a qualsevol nedador que busqui rendiment i confort, tant en entrenaments diaris com en competicions. Asseguren una visi\u00f3 clara i c\u00f2moda, permetent concentrar-se a cada bra\u00e7ada.<\/p>\n<p>\u00a0<\/p>\n<p>No perdis l&#8217;oportunitat de millorar la teva experi\u00e8ncia a l&#8217;aigua amb les Ulleres Arena Swedix Mirror de CRAWL. Compra ara i gaudeix d\u00b4una nataci\u00f3 superior!<\/p>\n","protected":false},"excerpt":{"rendered":"<p>Compra les Ulleres Arena Swedix Mirror a CRAWL. Confort millorat i visi\u00f3 millorada amb vidres dividits i revestiment de goma.<\/p>\n","protected":false},"featured_media":6522,"comment_status":"open","ping_status":"closed","template":"","meta":[],"product_cat":[134,135],"product_tag":[],"brands":[{"id":312,"name":"ARENA","slug":"arena"}],"_links":{"self":[{"href":"https:\/\/crawl.es\/ca\/wp-json\/wp\/v2\/product\/13219"}],"collection":[{"href":"https:\/\/crawl.es\/ca\/wp-json\/wp\/v2\/product"}],"about":[{"href":"https:\/\/crawl.es\/ca\/wp-json\/wp\/v2\/types\/product"}],"replies":[{"embeddable":true,"href":"https:\/\/crawl.es\/ca\/wp-json\/wp\/v2\/comments?post=13219"}],"wp:featuredmedia":[{"embeddable":true,"href":"https:\/\/crawl.es\/ca\/wp-json\/wp\/v2\/media\/6522"}],"wp:attachment":[{"href":"https:\/\/crawl.es\/ca\/wp-json\/wp\/v2\/media?parent=13219"}],"wp:term":[{"taxonomy":"product_cat","embeddable":true,"href":"https:\/\/crawl.es\/ca\/wp-json\/wp\/v2\/product_cat?post=13219"},{"taxonomy":"product_tag","embeddable":true,"href":"https:\/\/crawl.es\/ca\/wp-json\/wp\/v2\/product_tag?post=13219"}],"curies":[{"name":"wp","href":"https:\/\/api.w.org\/{rel}","templated":true}]}}