{"id":13225,"date":"2023-07-28T16:56:26","date_gmt":"2023-07-28T16:56:26","guid":{"rendered":"https:\/\/crawl.es\/producto\/banyador-turbo-waterpolo-meduskull-crawl\/"},"modified":"2023-07-28T16:56:26","modified_gmt":"2023-07-28T16:56:26","slug":"banyador-turbo-waterpolo-meduskull-crawl","status":"publish","type":"product","link":"https:\/\/crawl.es\/ca\/producto\/banyador-turbo-waterpolo-meduskull-crawl\/","title":{"rendered":"BANYADOR TURBO WATERPOLO MEDUSKULL | Crawl"},"content":{"rendered":"<p>Banyador de waterpolo Turbo per a home<\/p>\n<p>\u00a0<\/p>\n<p>El banyador de waterpolo Turbo per a home est\u00e0 especialment dissenyat per a la pr\u00e0ctica professional o amateur del waterpolo.<\/p>\n<p>S\u00f3n banyadors pensats per ser utilitzats durant els entrenaments o partits de waterpolo. Despr\u00e9s de m\u00e9s de 50 anys d&#8217;experi\u00e8ncia, s&#8217;ha dissenyat un patr\u00f3 extremadament c\u00f2mode que s&#8217;adapta perfectament al cos, aportant aix\u00ed comoditat i sensaci\u00f3 de lleugeresa.<\/p>\n<p>D&#8217;aquesta manera, els vestits de bany de waterpolo faciliten la mobilitat a l&#8217;aigua, evitant l&#8217;arrossegament de l&#8217;aigua i permetent un moviment m\u00e9s r\u00e0pid en nedar.<\/p>\n<p>Per\u00f2 sens dubte, els banyadors Turbo s\u00f3n de la millor qualitat, utilitzant sempre els materials de m\u00e9s qualitat del mercat.<\/p>\n<p>Aix\u00f2 \u00e9s el que els converteix en els millors vestits de bany del m\u00f3n.<\/p>\n<p>\u00a0<\/p>\n<p>Caracter\u00edstiques d&#8217;un banyador de waterpolo Turbo per a home<\/p>\n<p>Un banyador d&#8217;home apte per a la pr\u00e0ctica professional del waterpolo ha de ser de primera qualitat i sempre amb teixit anticlor. La qualitat dels materials, l&#8217;adher\u00e8ncia del vestit al cos i la seva ergonomia s\u00f3n aspectes fonamentals.<\/p>\n<p>\u00a0<\/p>\n<p>Per aix\u00f2, els banyadors de waterpolo Turbo per a home no nom\u00e9s estan confeccionats amb els millors materials, sin\u00f3 que tamb\u00e9 tenen costures refor\u00e7ades i una doble capa de teixit per afavorir la durabilitat en el temps. A m\u00e9s, per descomptat, s\u00f3n banyadors dissenyats per ser resistents al clor i als raigs UV.<\/p>\n<p>D&#8217;aquesta manera, els colors mantenen la vitalitat durant molt de temps sense patir desgast.<\/p>\n<p>\u00a0<\/p>\n<p>\u00das recomanat de banyador per a waterpolo<\/p>\n<p>Des de Turbo recomanem utilitzar la calceta per practicar waterpolo o entrenar nataci\u00f3. Com que est\u00e0 perfectament ajustat al cos, dificulta que el waterpolista sigui agafat pels seus rivals, una mica de vital import\u00e0ncia. A m\u00e9s d&#8217;aix\u00f2, els nostres vestits de bany no arrosseguen aigua durant el moviment, millorant la mobilitat de l&#8217;home que els utilitza. \u00c9s per aix\u00f2 que es poden utilitzar sense cap problema per a la nataci\u00f3 o esports aqu\u00e0tics similars.<\/p>\n<p>\u00a0<\/p>\n<p>A m\u00e9s, tots els banyadors de waterpolo tenen un folre complet a la part davantera i posterior i un cord\u00f3 ajustable per a una millor adaptabilitat.<\/p>\n","protected":false},"excerpt":{"rendered":"<p>Swimsuit Turbo Water Polo Meduskull: rendiment superior i disseny \u00fanic per a jugadors exigents. Resistent, c\u00f2mode i perfecte per a entrenaments i competicions.<\/p>\n<p>Ref: 731630<\/p>\n","protected":false},"featured_media":9387,"comment_status":"open","ping_status":"closed","template":"","meta":[],"product_cat":[147,152,155],"product_tag":[],"brands":[{"id":22,"name":"Turbo","slug":"turbo"}],"_links":{"self":[{"href":"https:\/\/crawl.es\/ca\/wp-json\/wp\/v2\/product\/13225"}],"collection":[{"href":"https:\/\/crawl.es\/ca\/wp-json\/wp\/v2\/product"}],"about":[{"href":"https:\/\/crawl.es\/ca\/wp-json\/wp\/v2\/types\/product"}],"replies":[{"embeddable":true,"href":"https:\/\/crawl.es\/ca\/wp-json\/wp\/v2\/comments?post=13225"}],"wp:featuredmedia":[{"embeddable":true,"href":"https:\/\/crawl.es\/ca\/wp-json\/wp\/v2\/media\/9387"}],"wp:attachment":[{"href":"https:\/\/crawl.es\/ca\/wp-json\/wp\/v2\/media?parent=13225"}],"wp:term":[{"taxonomy":"product_cat","embeddable":true,"href":"https:\/\/crawl.es\/ca\/wp-json\/wp\/v2\/product_cat?post=13225"},{"taxonomy":"product_tag","embeddable":true,"href":"https:\/\/crawl.es\/ca\/wp-json\/wp\/v2\/product_tag?post=13225"}],"curies":[{"name":"wp","href":"https:\/\/api.w.org\/{rel}","templated":true}]}}