{"id":13243,"date":"2023-07-28T11:12:29","date_gmt":"2023-07-28T11:12:29","guid":{"rendered":"https:\/\/crawl.es\/producto\/tovallola-riso-microfibra-little-princess-145-x-100-crawl\/"},"modified":"2023-07-28T11:12:29","modified_gmt":"2023-07-28T11:12:29","slug":"tovallola-riso-microfibra-little-princess-145-x-100-crawl","status":"publish","type":"product","link":"https:\/\/crawl.es\/ca\/producto\/tovallola-riso-microfibra-little-princess-145-x-100-crawl\/","title":{"rendered":"Tovallola Riso Microfibra Little Princess (145 x 100) | Crawl"},"content":{"rendered":"<p>Podem assegurar que les nostres tovalloles s\u00f3n de la millor qualitat possible. El teixit de microfibra i el cot\u00f3 utilitzat s\u00f3n de primera qualitat, permetent aix\u00ed un assecat r\u00e0pid i una perfecta resist\u00e8ncia al clor. De la mateixa manera, s\u00f3n molt lleugeres i ocupen poc espai a l&#8217;hora de guardar-les a qualsevol bossa o motxilla.<\/p>\n<p>\u00a0<\/p>\n<p>Caracter\u00edstiques destacables:<\/p>\n<p>&#8211; Material: Microfibra i cot\u00f3 de primera qualitat.<\/p>\n<p>&#8211; Assecat r\u00e0pid: Perfecte per al seu \u00fas a qualsevol estaci\u00f3.<\/p>\n<p>&#8211; Resist\u00e8ncia al clor: Ideal per al seu \u00fas a la piscina.<\/p>\n<p>&#8211; Lleugeresa: Molt lleugeres i f\u00e0cils de transportar.<\/p>\n<p>&#8211; \u00das per esportistes d&#8217;elit: utilitzades per esportistes de la selecci\u00f3 Espanyola, Estats Units, Austr\u00e0lia, i altres equips nacionals de primer nivell.<\/p>\n<p>\u00a0<\/p>\n<p>\u00das recomanat:<\/p>\n<p>Perfectes per a nedadors i persones actives que busquen una tovallola d&#8217;alta qualitat amb r\u00e0pid assecat i resist\u00e8ncia al clor. Ideal per a la piscina, la platja o el gimn\u00e0s.<\/p>\n<p>\u00a0<\/p>\n<p>No perdis l&#8217;oportunitat d&#8217;adquirir la Tovallola Rizo Microfibra Little Princess (145 x 100) de CRAWL. Compra ara i gaudeix de la millor qualitat a les teves activitats aqu\u00e0tiques!<\/p>\n","protected":false},"excerpt":{"rendered":"<p>Compra la Tovallola Rizo Microfibra Little Princess (145 x 100) a CRAWL. Qualitat superior, assecat r\u00e0pid i resistent al clor.<\/p>\n<p>Ref: 9891108.<\/p>\n","protected":false},"featured_media":9866,"comment_status":"open","ping_status":"closed","template":"","meta":[],"product_cat":[134,145],"product_tag":[],"brands":[{"id":22,"name":"Turbo","slug":"turbo"}],"_links":{"self":[{"href":"https:\/\/crawl.es\/ca\/wp-json\/wp\/v2\/product\/13243"}],"collection":[{"href":"https:\/\/crawl.es\/ca\/wp-json\/wp\/v2\/product"}],"about":[{"href":"https:\/\/crawl.es\/ca\/wp-json\/wp\/v2\/types\/product"}],"replies":[{"embeddable":true,"href":"https:\/\/crawl.es\/ca\/wp-json\/wp\/v2\/comments?post=13243"}],"wp:featuredmedia":[{"embeddable":true,"href":"https:\/\/crawl.es\/ca\/wp-json\/wp\/v2\/media\/9866"}],"wp:attachment":[{"href":"https:\/\/crawl.es\/ca\/wp-json\/wp\/v2\/media?parent=13243"}],"wp:term":[{"taxonomy":"product_cat","embeddable":true,"href":"https:\/\/crawl.es\/ca\/wp-json\/wp\/v2\/product_cat?post=13243"},{"taxonomy":"product_tag","embeddable":true,"href":"https:\/\/crawl.es\/ca\/wp-json\/wp\/v2\/product_tag?post=13243"}],"curies":[{"name":"wp","href":"https:\/\/api.w.org\/{rel}","templated":true}]}}