{"id":13244,"date":"2023-07-28T11:08:27","date_gmt":"2023-07-28T11:08:27","guid":{"rendered":"https:\/\/crawl.es\/producto\/tovallola-rizo-microfibra-coto-145-x-100-cm-raptor-jurassic-crawl\/"},"modified":"2023-07-28T11:08:27","modified_gmt":"2023-07-28T11:08:27","slug":"tovallola-rizo-microfibra-coto-145-x-100-cm-raptor-jurassic-crawl","status":"publish","type":"product","link":"https:\/\/crawl.es\/ca\/producto\/tovallola-rizo-microfibra-coto-145-x-100-cm-raptor-jurassic-crawl\/","title":{"rendered":"Tovallola Rizo Microfibra-Cot\u00f3 (145 x 100 cm) Raptor-Jurassic | CRAWL"},"content":{"rendered":"<p>A Turbo hi ha una gran oferta de tovalloles de piscina per a tots els gustos i necessitats. T&#8217;agradi el tipus que t&#8217;agradi, en tenim una per a tu.<\/p>\n<p>\u00a0<\/p>\n<p>Caracter\u00edstiques destacables:<\/p>\n<p>&#8211; Material: Microfibra i cot\u00f3 de primera qualitat.<\/p>\n<p>&#8211; Assecat r\u00e0pid: Perfecte per al seu \u00fas a qualsevol estaci\u00f3.<\/p>\n<p>&#8211; Resist\u00e8ncia al clor: Ideal per al seu \u00fas a la piscina.<\/p>\n<p>&#8211; Lleugeresa: Molt lleugeres i f\u00e0cils de transportar.<\/p>\n<p>&#8211; \u00das per esportistes d&#8217;elit: utilitzades per esportistes de la selecci\u00f3 Espanyola, Estats Units, Austr\u00e0lia, i altres equips nacionals de primer nivell.<\/p>\n<p>\u00a0<\/p>\n<p>Tovalloles i ponxos de cot\u00f3 i microfibra:<\/p>\n<p>&#8211; Les tovalloles Turbo de microfibra tenen un teixit poc habitual que permet un assecat molt m\u00e9s r\u00e0pid i alhora t\u00e9 un tacte m\u00e9s suau i agradable.<\/p>\n<p>&#8211; Tamb\u00e9 disposem de totes les mides possibles: tovalloles dobles, individuals, per a nens, extra grans.<\/p>\n<p>&#8211; Varietat de colors estampats i dissenys molt variats.<\/p>\n<p>\u00a0<\/p>\n<p>\u00das recomanat:<\/p>\n<p>Perfectes per a nedadors i persones actives que busquen una tovallola d&#8217;alta qualitat amb r\u00e0pid assecat i resist\u00e8ncia al clor. Ideal per a la piscina, la platja o el gimn\u00e0s.<\/p>\n<p>\u00a0<\/p>\n<p>No perdis l&#8217;oportunitat d&#8217;adquirir la Tovallola Rizo Microfibra-Cot\u00f3 (145 x 100 cm) Raptor-Jurassic de CRAWL. Compra ara i gaudeix de la millor qualitat a les teves activitats aqu\u00e0tiques!<\/p>\n","protected":false},"excerpt":{"rendered":"<p>Compra la Tovallola Rizo Microfibra-Cot\u00f3 (145 x 100 cm) Raptor-Jurassic a CRAWL. Qualitat superior, assecat r\u00e0pid i resistent al clor. Perfecta per a piscina i platja.<\/p>\n","protected":false},"featured_media":8467,"comment_status":"open","ping_status":"closed","template":"","meta":[],"product_cat":[134,145],"product_tag":[],"brands":[{"id":22,"name":"Turbo","slug":"turbo"}],"_links":{"self":[{"href":"https:\/\/crawl.es\/ca\/wp-json\/wp\/v2\/product\/13244"}],"collection":[{"href":"https:\/\/crawl.es\/ca\/wp-json\/wp\/v2\/product"}],"about":[{"href":"https:\/\/crawl.es\/ca\/wp-json\/wp\/v2\/types\/product"}],"replies":[{"embeddable":true,"href":"https:\/\/crawl.es\/ca\/wp-json\/wp\/v2\/comments?post=13244"}],"wp:featuredmedia":[{"embeddable":true,"href":"https:\/\/crawl.es\/ca\/wp-json\/wp\/v2\/media\/8467"}],"wp:attachment":[{"href":"https:\/\/crawl.es\/ca\/wp-json\/wp\/v2\/media?parent=13244"}],"wp:term":[{"taxonomy":"product_cat","embeddable":true,"href":"https:\/\/crawl.es\/ca\/wp-json\/wp\/v2\/product_cat?post=13244"},{"taxonomy":"product_tag","embeddable":true,"href":"https:\/\/crawl.es\/ca\/wp-json\/wp\/v2\/product_tag?post=13244"}],"curies":[{"name":"wp","href":"https:\/\/api.w.org\/{rel}","templated":true}]}}