{"id":13248,"date":"2023-07-28T10:47:13","date_gmt":"2023-07-28T10:47:13","guid":{"rendered":"https:\/\/crawl.es\/producto\/bossa-impermeable-per-a-banyadors-turbo-crawl\/"},"modified":"2023-07-28T10:47:13","modified_gmt":"2023-07-28T10:47:13","slug":"bossa-impermeable-per-a-banyadors-turbo-crawl","status":"publish","type":"product","link":"https:\/\/crawl.es\/ca\/producto\/bossa-impermeable-per-a-banyadors-turbo-crawl\/","title":{"rendered":"Bossa Impermeable per a Banyadors Turbo | CRAWL"},"content":{"rendered":"<p>La Bossa Impermeable per a Banyadors Turbo \u00e9s perfecta per portar i protegir els teus banyadors. Dissenyada amb materials d&#8217;alta qualitat, aquesta bossa garanteix que els teus vestits de bany es mantinguin secs i en perfecte estat, fins i tot despr\u00e9s d&#8217;una intensa sessi\u00f3 de nataci\u00f3.<\/p>\n<p>\u00a0<\/p>\n<p>Caracter\u00edstiques destacables:<\/p>\n<p>&#8211; Impermeable: Mant\u00e9 els vestits de bany secs i protegits de l&#8217;aigua.<\/p>\n<p>&#8211; Material durador: Fabricada amb materials d\u00b4alta qualitat per a una llarga vida \u00fatil.<\/p>\n<p>&#8211; Compacta i lleugera: F\u00e0cil de transportar i emmagatzemar a qualsevol bossa o motxilla.<\/p>\n<p>&#8211; Disseny pr\u00e0ctic: Ideal per a entrenaments de nataci\u00f3, competicions i \u00fas diari.<\/p>\n<p>\u00a0<\/p>\n<p>\u00das recomanat:<\/p>\n<p>Perfecta per a nedadors de tots els nivells que busquen una soluci\u00f3 efica\u00e7 per transportar i protegir els banyadors. Ideal per a la piscina, la platja o qualsevol activitat aqu\u00e0tica.<\/p>\n<p>\u00a0<\/p>\n<p>No perdis l&#8217;oportunitat d&#8217;adquirir la Borsa Impermeable per a Banyadors Turbo de CRAWL. Compra ara i mantingues els teus banyadors sempre secs i llestos per utilitzar!<\/p>\n","protected":false},"excerpt":{"rendered":"<p>Compra la Bossa Impermeable per a Banyadors Turbo a CRAWL. Ideal per mantenir els teus banyadors secs i protegits.<\/p>\n<p>Ref: 98120.<\/p>\n","protected":false},"featured_media":6634,"comment_status":"open","ping_status":"closed","template":"","meta":[],"product_cat":[134,144],"product_tag":[],"brands":[{"id":22,"name":"Turbo","slug":"turbo"}],"_links":{"self":[{"href":"https:\/\/crawl.es\/ca\/wp-json\/wp\/v2\/product\/13248"}],"collection":[{"href":"https:\/\/crawl.es\/ca\/wp-json\/wp\/v2\/product"}],"about":[{"href":"https:\/\/crawl.es\/ca\/wp-json\/wp\/v2\/types\/product"}],"replies":[{"embeddable":true,"href":"https:\/\/crawl.es\/ca\/wp-json\/wp\/v2\/comments?post=13248"}],"wp:featuredmedia":[{"embeddable":true,"href":"https:\/\/crawl.es\/ca\/wp-json\/wp\/v2\/media\/6634"}],"wp:attachment":[{"href":"https:\/\/crawl.es\/ca\/wp-json\/wp\/v2\/media?parent=13248"}],"wp:term":[{"taxonomy":"product_cat","embeddable":true,"href":"https:\/\/crawl.es\/ca\/wp-json\/wp\/v2\/product_cat?post=13248"},{"taxonomy":"product_tag","embeddable":true,"href":"https:\/\/crawl.es\/ca\/wp-json\/wp\/v2\/product_tag?post=13248"}],"curies":[{"name":"wp","href":"https:\/\/api.w.org\/{rel}","templated":true}]}}