{"id":13249,"date":"2023-07-28T09:14:47","date_gmt":"2023-07-28T09:14:47","guid":{"rendered":"https:\/\/crawl.es\/producto\/motxilla-arena-team-45l-green-crawl\/"},"modified":"2023-07-28T09:14:47","modified_gmt":"2023-07-28T09:14:47","slug":"motxilla-arena-team-45l-green-crawl","status":"publish","type":"product","link":"https:\/\/crawl.es\/ca\/producto\/motxilla-arena-team-45l-green-crawl\/","title":{"rendered":"Motxilla Arena Team 45L Green | CRAWL"},"content":{"rendered":"<p>La Motxilla Arena Team 45L Green \u00e9s una bossa vers\u00e0til creada per a atletes i nedadors de competici\u00f3. Amb molt espai per a l&#8217;equipaci\u00f3, roba i accessoris, est\u00e0 dissenyada per a una m\u00e0xima capacitat, permetent organitzar les peces amb facilitat. Inclou un compartiment especial per a peces mullades o sabatilles, i una funda de posar i treure. Aquest estil modern est\u00e0 fet amb tela duradora i detalls minimalistes en diferents tonalitats, amb el nom d&#8217;Arena estampat en lletres grans.<\/p>\n<p>\u00a0<\/p>\n<p>Caracter\u00edstiques destacables:<\/p>\n<p>&#8211; Capacitat: 45 litres.<\/p>\n<p>&#8211; Mides: 52 x 35 x 27 cm.<\/p>\n<p>&#8211; Compartiments ventilats per mantenir la humitat sota control.<\/p>\n<p>&#8211; Secci\u00f3 principal gran per a tots els articles dentrenament.<\/p>\n<p>&#8211; Compartiment especial per a port\u00e0tils o tablets.<\/p>\n<p>&#8211; Malla per a sabatilles o altres peces.<\/p>\n<p>&#8211; Butxaques pr\u00e0ctiques per portar ampolla d&#8217;aigua i accessoris.<\/p>\n<p>&#8211; Panell posterior encoixinat i transpirable per evitar sudoraci\u00f3 a l&#8217;esquena.<\/p>\n<p>\u00a0<\/p>\n<p>\u00das recomanat:<\/p>\n<p>Perfecta per a atletes i nedadors de competici\u00f3 que necessiten una motxilla espaiosa, duradora i ben organitzada per portar la seva equipaci\u00f3 i accessoris de manera eficient. Ideal per a entrenaments i competicions, garantint comoditat i practicitat.<\/p>\n<p>\u00a0<\/p>\n<p>No perdis l&#8217;oportunitat d&#8217;adquirir la motxilla Arena Team 45L Green de CRAWL. Compra ara i gaudeix de la millor qualitat i funcionalitat als teus entrenaments i competicions!<\/p>\n","protected":false},"excerpt":{"rendered":"<p>Compra la Motxilla Arena Team 45L Green a CRAWL. Espaiosa, ventilada i duradora, ideal per a atletes i nedadors de competici\u00f3. Capacitat de 45 litres.<\/p>\n<p>REF: 005569 110<\/p>\n","protected":false},"featured_media":9472,"comment_status":"open","ping_status":"closed","template":"","meta":[],"product_cat":[134,140],"product_tag":[],"brands":[{"id":312,"name":"ARENA","slug":"arena"}],"_links":{"self":[{"href":"https:\/\/crawl.es\/ca\/wp-json\/wp\/v2\/product\/13249"}],"collection":[{"href":"https:\/\/crawl.es\/ca\/wp-json\/wp\/v2\/product"}],"about":[{"href":"https:\/\/crawl.es\/ca\/wp-json\/wp\/v2\/types\/product"}],"replies":[{"embeddable":true,"href":"https:\/\/crawl.es\/ca\/wp-json\/wp\/v2\/comments?post=13249"}],"wp:featuredmedia":[{"embeddable":true,"href":"https:\/\/crawl.es\/ca\/wp-json\/wp\/v2\/media\/9472"}],"wp:attachment":[{"href":"https:\/\/crawl.es\/ca\/wp-json\/wp\/v2\/media?parent=13249"}],"wp:term":[{"taxonomy":"product_cat","embeddable":true,"href":"https:\/\/crawl.es\/ca\/wp-json\/wp\/v2\/product_cat?post=13249"},{"taxonomy":"product_tag","embeddable":true,"href":"https:\/\/crawl.es\/ca\/wp-json\/wp\/v2\/product_tag?post=13249"}],"curies":[{"name":"wp","href":"https:\/\/api.w.org\/{rel}","templated":true}]}}