{"id":13263,"date":"2025-02-14T11:56:11","date_gmt":"2025-02-14T11:56:11","guid":{"rendered":"https:\/\/crawl.es\/producto\/pilota-water-polo-kap7-aquasky-hydro-grip-size-4-crawl\/"},"modified":"2025-02-14T11:56:11","modified_gmt":"2025-02-14T11:56:11","slug":"pilota-water-polo-kap7-aquasky-hydro-grip-size-4-crawl","status":"publish","type":"product","link":"https:\/\/crawl.es\/ca\/producto\/pilota-water-polo-kap7-aquasky-hydro-grip-size-4-crawl\/","title":{"rendered":"PILOTA WATER POLO KAP7 AQUASKY HYDRO GRIP SIZE 4 | CRAWL"},"content":{"rendered":"<p>Pilotes de waterpolo<\/p>\n<p>Les pilotes de waterpolo de Turbo i Kap 7 han estat dissenyades per al waterpolo professional i recreatiu. Alguns dels nostres models s\u00f3n les pilotes oficials de les lligues m\u00e9s exigents i prestigioses del m\u00f3n pel que ofereixen la major qualitat del mercat.<\/p>\n<p>\u00a0<\/p>\n<p>Caracter\u00edstiques de les nostres pilotes de waterpolo<\/p>\n<p>Tot i que disposem de diferents gammes de pilotes de waterpolo, tots ells garanteixen qualitat i fiabilitat. Les pilotes de Turbo i Kap 7 estan dissenyades amb la nova tecnologia Ultra Grip Technology, que ofereix un nou patr\u00f3 amb m\u00e9s fricci\u00f3 i amb una goma especial ultra resistent per a un millor grip. A m\u00e9s, els colors han estat millorats per a una major resist\u00e8ncia. Totes les pilotes de waterpolo, igual que la resta dels nostres productes, estan subjectes a un estricte control de qualitat per garantir-ne la major qualitat durant el seu \u00fas.<\/p>\n<p>\u00a0<\/p>\n<p>Pilotes de waterpolo professional i amateur<\/p>\n<p>Disposem d&#8217;una oferta de pilotes de waterpolo molt \u00e0mplia a la nostra web. Pots trobar tant pilotes oficials de les grans lligues com opcions per a amateur i escoles. Totes les opcions s\u00f3n perfectes per a qualsevol tipus de competici\u00f3 o esdeveniment ja que ofereixen una gran adher\u00e8ncia i d&#8217;aquesta manera, garanteixen una subjecci\u00f3 \u00f2ptima en totes les seves mides disponibles. A m\u00e9s de la seva adher\u00e8ncia, tamb\u00e9 estan creades amb el millor cautx\u00fa del mercat. Aix\u00f2 permet que es puguin fer servir durant anys sense que pateixin danys rellevants.<\/p>\n<p>\u00a0<\/p>\n<p>Tamb\u00e9 cal destacar que la nostra gamma de pilotes est\u00e0 dissenyada amb una v\u00e0lvula per a l&#8217;aire que s&#8217;adapta a la majoria de tipus de taques i que, a m\u00e9s, no permet la sortida de l&#8217;aire des de l&#8217;interior.<\/p>\n","protected":false},"excerpt":{"rendered":"<p>Les pilotes de waterpolo de Turbo i Kap 7 han estat dissenyades per al waterpolo professional i recreatiu. Alguns dels nostres models s\u00f3n les pilotes oficials de les lligues m\u00e9s exigents i prestigioses del m\u00f3n pel que ofereixen la major qualitat del mercat.<\/p>\n","protected":false},"featured_media":13260,"comment_status":"open","ping_status":"closed","template":"","meta":[],"product_cat":[134,141],"product_tag":[],"brands":[{"id":22,"name":"Turbo","slug":"turbo"}],"_links":{"self":[{"href":"https:\/\/crawl.es\/ca\/wp-json\/wp\/v2\/product\/13263"}],"collection":[{"href":"https:\/\/crawl.es\/ca\/wp-json\/wp\/v2\/product"}],"about":[{"href":"https:\/\/crawl.es\/ca\/wp-json\/wp\/v2\/types\/product"}],"replies":[{"embeddable":true,"href":"https:\/\/crawl.es\/ca\/wp-json\/wp\/v2\/comments?post=13263"}],"wp:featuredmedia":[{"embeddable":true,"href":"https:\/\/crawl.es\/ca\/wp-json\/wp\/v2\/media\/13260"}],"wp:attachment":[{"href":"https:\/\/crawl.es\/ca\/wp-json\/wp\/v2\/media?parent=13263"}],"wp:term":[{"taxonomy":"product_cat","embeddable":true,"href":"https:\/\/crawl.es\/ca\/wp-json\/wp\/v2\/product_cat?post=13263"},{"taxonomy":"product_tag","embeddable":true,"href":"https:\/\/crawl.es\/ca\/wp-json\/wp\/v2\/product_tag?post=13263"}],"curies":[{"name":"wp","href":"https:\/\/api.w.org\/{rel}","templated":true}]}}