{"id":13323,"date":"2025-02-17T11:16:56","date_gmt":"2025-02-17T11:16:56","guid":{"rendered":"https:\/\/crawl.es\/?post_type=product&#038;p=13323"},"modified":"2026-02-02T09:24:03","modified_gmt":"2026-02-02T09:24:03","slug":"gorro-silicona-turbo-otter-player-crawl","status":"publish","type":"product","link":"https:\/\/crawl.es\/ca\/producto\/gorro-silicona-turbo-otter-player-crawl\/","title":{"rendered":"GORRO SILICONA TURBO OTTER PLAYER | CRAWL"},"content":{"rendered":"<p>Este gorro Turbo est\u00e1 compuesto por la mejor silicona del mercado. Es un producto el\u00e1stico, con tacto suave y con gran extensibilidad. De este modo, se asegura una buena sujeci\u00f3n y a la vez comodidad. Los estampados son resistentes al cloro, rayos UV y al agua del mar. Puede usarse para entrenamientos diarios o competiciones con total garant\u00eda de satisfacci\u00f3n.\u00a0 \u00a0 \u00a0 \u00a0 \u00a0 \u00a0 \u00a0 \u00a0 \u00a0 \u00a0 \u00a0 \u00a0 \u00a0 \u00a0 \u00a0 \u00a0 \u00a0 \u00a0 \u00a0 \u00a0 \u00a0 \u00a0 \u00a0 \u00a0 \u00a0 \u00a0 \u00a0 \u00a0 \u00a0 \u00a0 \u00a0 \u00a0 \u00a0 \u00a0 \u00a0 \u00a0<\/p>\n<p>\u00a0<\/p>\n<p>Caracter\u00edsticas destacables:<\/p>\n<p>&#8211; Silicona 100%<\/p>\n<p>&#8211; Perfecto para piscina cubierta y descubierta<\/p>\n<p>&#8211; El\u00e1stico para un ajuste seguro y adaptable<\/p>\n<p>&#8211; Forma aerodin\u00e1mica<\/p>\n<p>&#8211; F\u00e1cil de poner y quitar\u00a0 \u00a0 \u00a0 \u00a0 \u00a0 \u00a0 \u00a0 \u00a0 \u00a0 \u00a0 \u00a0 \u00a0 \u00a0 \u00a0 \u00a0 \u00a0 \u00a0 \u00a0 \u00a0<\/p>\n<p>\u00a0<\/p>\n<p>Uso recomendado:<\/p>\n<p>Perfecto para la pr\u00e1ctica de la Nataci\u00f3n. Pensado para un uso diario en entrenamientos o bien para competiciones. La densidad espec\u00edfica de la silicona lo hace un gorro muy resistente y flexible.<\/p>\n","protected":false},"excerpt":{"rendered":"<p>Este gorro Turbo est\u00e1 compuesto por la mejor silicona del mercado. Es un producto el\u00e1stico, con tacto suave y con gran extensibilidad. De este modo, se asegura una buena sujeci\u00f3n y a la vez comodidad. Los estampados son resistentes al cloro, rayos UV y al agua del mar.<\/p>\n","protected":false},"featured_media":13324,"comment_status":"open","ping_status":"closed","template":"","meta":[],"product_cat":[61,21],"product_tag":[],"brands":[{"id":22,"name":"Turbo","slug":"turbo"}],"_links":{"self":[{"href":"https:\/\/crawl.es\/ca\/wp-json\/wp\/v2\/product\/13323"}],"collection":[{"href":"https:\/\/crawl.es\/ca\/wp-json\/wp\/v2\/product"}],"about":[{"href":"https:\/\/crawl.es\/ca\/wp-json\/wp\/v2\/types\/product"}],"replies":[{"embeddable":true,"href":"https:\/\/crawl.es\/ca\/wp-json\/wp\/v2\/comments?post=13323"}],"wp:featuredmedia":[{"embeddable":true,"href":"https:\/\/crawl.es\/ca\/wp-json\/wp\/v2\/media\/13324"}],"wp:attachment":[{"href":"https:\/\/crawl.es\/ca\/wp-json\/wp\/v2\/media?parent=13323"}],"wp:term":[{"taxonomy":"product_cat","embeddable":true,"href":"https:\/\/crawl.es\/ca\/wp-json\/wp\/v2\/product_cat?post=13323"},{"taxonomy":"product_tag","embeddable":true,"href":"https:\/\/crawl.es\/ca\/wp-json\/wp\/v2\/product_tag?post=13323"}],"curies":[{"name":"wp","href":"https:\/\/api.w.org\/{rel}","templated":true}]}}