{"id":13332,"date":"2025-12-06T10:56:39","date_gmt":"2025-02-17T10:56:39","guid":{"rendered":"https:\/\/crawl.es\/producto\/gorro-silicona-turbo-new-butterfly-crawl\/"},"modified":"2025-02-17T10:56:39","modified_gmt":"2025-02-17T10:56:39","slug":"gorro-silicona-turbo-new-butterfly-crawl","status":"publish","type":"product","link":"https:\/\/crawl.es\/ca\/producto\/gorro-silicona-turbo-new-butterfly-crawl\/","title":{"rendered":"GORRO SILICONA TURBO NEW-BUTTERFLY | CRAWL"},"content":{"rendered":"<p>Este gorro Turbo est\u00e1 compuesto por la mejor silicona del mercado. Es un producto el\u00e1stico, con tacto suave y con gran extensibilidad. De esta forma, se asegura una buena sujeci\u00f3n ya la vez comodidad. Los estampados son resistentes al cloro, rayos UV y al agua del mar. Puede usarse para entrenamientos diarios o competiciones con total garant\u00eda de satisfacci\u00f3n.<\/p>\n<p>\u00a0<\/p>\n<p>Caracter\u00edsticas destacables:<\/p>\n<p>&#8211; Silicona 100%<\/p>\n<p>&#8211; Perfecto para piscina cubierta y descobierta<\/p>\n<p>&#8211; El\u00e1stico para un ajuste seguro y adaptable<\/p>\n<p>&#8211; Forma aerodin\u00e1mica<\/p>\n<p>&#8211; F\u00e1cil de poner y quitar<\/p>\n<p>\u00a0<\/p>\n<p>Uso recomendado:<\/p>\n<p>Perfecto para la pr\u00e1ctica de la nataci\u00f3n. Pensado para uso diario en entrenamientos o bien para competiciones. La densidad espec\u00edfica de la silicona lo hace un gorro muy resistente y flexible.<\/p>\n","protected":false},"excerpt":{"rendered":"<p>Aquesta gorra Turbo est\u00e0 composta per la millor silicona del mercat. \u00c9s un producte el\u00e0stic, amb tacte suau i amb gran extensibilitat. D&#8217;aquesta manera s&#8217;assegura una bona subjecci\u00f3 i alhora comoditat. Els estampats s\u00f3n resistents al clor, raigs UV i l&#8217;aigua del mar.<\/p>\n","protected":false},"featured_media":15761,"comment_status":"open","ping_status":"closed","template":"","meta":[],"product_cat":[138,134],"product_tag":[],"brands":[{"id":22,"name":"Turbo","slug":"turbo"}],"_links":{"self":[{"href":"https:\/\/crawl.es\/ca\/wp-json\/wp\/v2\/product\/13332"}],"collection":[{"href":"https:\/\/crawl.es\/ca\/wp-json\/wp\/v2\/product"}],"about":[{"href":"https:\/\/crawl.es\/ca\/wp-json\/wp\/v2\/types\/product"}],"replies":[{"embeddable":true,"href":"https:\/\/crawl.es\/ca\/wp-json\/wp\/v2\/comments?post=13332"}],"wp:featuredmedia":[{"embeddable":true,"href":"https:\/\/crawl.es\/ca\/wp-json\/wp\/v2\/media\/15761"}],"wp:attachment":[{"href":"https:\/\/crawl.es\/ca\/wp-json\/wp\/v2\/media?parent=13332"}],"wp:term":[{"taxonomy":"product_cat","embeddable":true,"href":"https:\/\/crawl.es\/ca\/wp-json\/wp\/v2\/product_cat?post=13332"},{"taxonomy":"product_tag","embeddable":true,"href":"https:\/\/crawl.es\/ca\/wp-json\/wp\/v2\/product_tag?post=13332"}],"curies":[{"name":"wp","href":"https:\/\/api.w.org\/{rel}","templated":true}]}}