{"id":13339,"date":"2025-02-17T11:13:10","date_gmt":"2025-02-17T11:13:10","guid":{"rendered":"https:\/\/crawl.es\/producto\/gorro-silicona-turbo-new-back-stroke-crawl\/"},"modified":"2025-02-17T11:13:10","modified_gmt":"2025-02-17T11:13:10","slug":"gorro-silicona-turbo-new-back-stroke-crawl","status":"publish","type":"product","link":"https:\/\/crawl.es\/ca\/producto\/gorro-silicona-turbo-new-back-stroke-crawl\/","title":{"rendered":"GORRO SILICONA TURBO NEW-BACK-STROKE | CRAWL"},"content":{"rendered":"<p>Aquesta gorra Turbo est\u00e0 composta per la millor silicona del mercat. \u00c9s un producte el\u00e0stic, amb tacte suau i amb gran extensibilitat. D&#8217;aquesta manera s&#8217;assegura una bona subjecci\u00f3 i alhora comoditat. Els estampats s\u00f3n resistents al clor, raigs UV i l&#8217;aigua del mar. Es pot fer servir per a entrenaments diaris o competicions amb total garantia de satisfacci\u00f3.<\/p>\n<p>\u00a0<\/p>\n<p>Caracter\u00edstiques destacables:<\/p>\n<p>&#8211; Silicona 100%<\/p>\n<p>&#8211; Perfecte per a piscina coberta i descoberta<\/p>\n<p>&#8211; El\u00e0stic per a un ajustament segur i adaptable<\/p>\n<p>&#8211; Forma aerodin\u00e0mica<\/p>\n<p>&#8211; F\u00e0cil de posar i treure<\/p>\n<p>\u00a0<\/p>\n<p>\u00das recomanat:<\/p>\n<p>Perfecte per a la pr\u00e0ctica de la Nataci\u00f3. Pensat per a un \u00fas diari en entrenaments o b\u00e9 per a competicions. La densitat espec\u00edfica de la silicona el fa una gorra molt resistent i flexible.<\/p>\n","protected":false},"excerpt":{"rendered":"<p>Aquesta gorra Turbo est\u00e0 composta per la millor silicona del mercat. \u00c9s un producte el\u00e0stic, amb tacte suau i amb gran extensibilitat. D&#8217;aquesta manera s&#8217;assegura una bona subjecci\u00f3 i alhora comoditat. Els estampats s\u00f3n resistents al clor, raigs UV i l&#8217;aigua del mar.<\/p>\n","protected":false},"featured_media":13319,"comment_status":"open","ping_status":"closed","template":"","meta":[],"product_cat":[138,134],"product_tag":[],"brands":[{"id":22,"name":"Turbo","slug":"turbo"}],"_links":{"self":[{"href":"https:\/\/crawl.es\/ca\/wp-json\/wp\/v2\/product\/13339"}],"collection":[{"href":"https:\/\/crawl.es\/ca\/wp-json\/wp\/v2\/product"}],"about":[{"href":"https:\/\/crawl.es\/ca\/wp-json\/wp\/v2\/types\/product"}],"replies":[{"embeddable":true,"href":"https:\/\/crawl.es\/ca\/wp-json\/wp\/v2\/comments?post=13339"}],"wp:featuredmedia":[{"embeddable":true,"href":"https:\/\/crawl.es\/ca\/wp-json\/wp\/v2\/media\/13319"}],"wp:attachment":[{"href":"https:\/\/crawl.es\/ca\/wp-json\/wp\/v2\/media?parent=13339"}],"wp:term":[{"taxonomy":"product_cat","embeddable":true,"href":"https:\/\/crawl.es\/ca\/wp-json\/wp\/v2\/product_cat?post=13339"},{"taxonomy":"product_tag","embeddable":true,"href":"https:\/\/crawl.es\/ca\/wp-json\/wp\/v2\/product_tag?post=13339"}],"curies":[{"name":"wp","href":"https:\/\/api.w.org\/{rel}","templated":true}]}}