{"id":13342,"date":"2023-07-26T15:33:37","date_gmt":"2023-07-26T15:33:37","guid":{"rendered":"https:\/\/crawl.es\/producto\/banyador-de-natacio-dona-revolution-fun-comic-turbo\/"},"modified":"2023-07-26T15:33:37","modified_gmt":"2023-07-26T15:33:37","slug":"banyador-de-natacio-dona-revolution-fun-comic-turbo","status":"publish","type":"product","link":"https:\/\/crawl.es\/ca\/producto\/banyador-de-natacio-dona-revolution-fun-comic-turbo\/","title":{"rendered":"Banyador de Nataci\u00f3 Dona &#8220;Revolution&#8221; Fun-Comic | Turbo"},"content":{"rendered":"<p>El banyador de nataci\u00f3 dona &#8220;Revolution&#8221; Fun-Comic de Turbo est\u00e0 especialment dissenyat per a la pr\u00e0ctica de la nataci\u00f3. Els tirants estrets aporten una total llibertat de moviment i flexibilitat, adaptant-se perfectament al cos de la dona. En cobrir menys l&#8217;espatlla que l&#8217;amplada tirant, evita marques per contrast de tonalitats de pell a causa de l&#8217;exposici\u00f3 solar. Est\u00e0 confeccionat amb el millor teixit del mercat amb un doble folre davanter. \u00c9s resistent al clor de la piscina i als raigs UV, mantenint la intensitat dels seus colors amb l\u00fas repetit en el temps.<\/p>\n<p>\u00a0<\/p>\n<p>Caracter\u00edstiques destacables:<\/p>\n<p>&#8211; Costures refor\u00e7ades<\/p>\n<p>&#8211; Tirants fins<\/p>\n<p>&#8211; Folre davanter complet<\/p>\n<p>&#8211; Resistent al clor<\/p>\n<p>&#8211; Colors duradors<\/p>\n<p>&#8211; Composici\u00f3: 55% poli\u00e8ster PBT, 45% poli\u00e8ster<\/p>\n<p>\u00a0<\/p>\n<p>\u00das recomanat:<\/p>\n<p>&#8211; Perfecte per a la pr\u00e0ctica de la nataci\u00f3 com a banyador d&#8217;entrenament. Gr\u00e0cies a la seva gran adaptabilitat al cos, no arrossega aigua en nedar, convertint-lo en una opci\u00f3 comod\u00edssima per a \u00fas diari.<\/p>\n<p>\u00a0<\/p>\n<p>Moltes nedadores prefereixen el tirant estret durant els entrenaments a l&#8217;aire lliure quan estan exposades als raigs solars, evitant aix\u00ed tenir una marca evident pel bronzejat a la pell.<\/p>\n<p>\u00a0<\/p>\n<p>*Aquest article t\u00e9 un tallatge m\u00e9s petit del que \u00e9s habitual, per la qual cosa recomanem optar per una talla superior al que \u00e9s habitual. En comparaci\u00f3 del banyador Turbo de tira ampla, suggerim optar per una talla inferior at\u00e8s que tallen una mica m\u00e9s grans.<\/p>\n<p>\u00a0<\/p>\n<p>No perdis l&#8217;oportunitat d&#8217;adquirir el Banyador de Nataci\u00f3 Dona &#8220;Revolution&#8221; Fun-Comic de Turbo a CRAWL. Compra ara i gaudeix de la millor qualitat i funcionalitat als teus entrenaments i competicions.<\/p>\n","protected":false},"excerpt":{"rendered":"<p>El banyador de nataci\u00f3 Turbo &#8220;Revolution&#8221; Fun-Comic est\u00e0 dissenyat per oferir comoditat i flexibilitat, amb tirants estrets que faciliten el moviment. Ideal per a entrenaments intensos, \u00e9s resistent al clor i raigs UV, assegurant que els colors romanguin vibrants fins i tot amb l&#8217;\u00fas freq\u00fcent.<\/p>\n<p>Ref. 83151030<\/p>\n","protected":false},"featured_media":6374,"comment_status":"open","ping_status":"closed","template":"","meta":[],"product_cat":[228,227,231,232,234,235],"product_tag":[],"brands":[{"id":22,"name":"Turbo","slug":"turbo"}],"_links":{"self":[{"href":"https:\/\/crawl.es\/ca\/wp-json\/wp\/v2\/product\/13342"}],"collection":[{"href":"https:\/\/crawl.es\/ca\/wp-json\/wp\/v2\/product"}],"about":[{"href":"https:\/\/crawl.es\/ca\/wp-json\/wp\/v2\/types\/product"}],"replies":[{"embeddable":true,"href":"https:\/\/crawl.es\/ca\/wp-json\/wp\/v2\/comments?post=13342"}],"wp:featuredmedia":[{"embeddable":true,"href":"https:\/\/crawl.es\/ca\/wp-json\/wp\/v2\/media\/6374"}],"wp:attachment":[{"href":"https:\/\/crawl.es\/ca\/wp-json\/wp\/v2\/media?parent=13342"}],"wp:term":[{"taxonomy":"product_cat","embeddable":true,"href":"https:\/\/crawl.es\/ca\/wp-json\/wp\/v2\/product_cat?post=13342"},{"taxonomy":"product_tag","embeddable":true,"href":"https:\/\/crawl.es\/ca\/wp-json\/wp\/v2\/product_tag?post=13342"}],"curies":[{"name":"wp","href":"https:\/\/api.w.org\/{rel}","templated":true}]}}