{"id":13357,"date":"2023-06-14T15:26:44","date_gmt":"2023-06-14T15:26:44","guid":{"rendered":"https:\/\/crawl.es\/producto\/banyador-dona-kraken-comfort-crawl-ref-8934855\/"},"modified":"2023-06-14T15:26:44","modified_gmt":"2023-06-14T15:26:44","slug":"banyador-dona-kraken-comfort-crawl-ref-8934855","status":"publish","type":"product","link":"https:\/\/crawl.es\/ca\/producto\/banyador-dona-kraken-comfort-crawl-ref-8934855\/","title":{"rendered":"BANYADOR DONA KRAKEN COMFORT | Crawl REF: 8934855"},"content":{"rendered":"<p>Aquest banyador Turbo est\u00e0 especialment dissenyat per a la pr\u00e0ctica de la Nataci\u00f3. Est\u00e0 confeccionat amb el millor teixit del mercat amb un doble folre davanter. \u00c9s resistent al clor de la piscina i als raigs UV. I per aix\u00f2, la intensitat dels colors es mant\u00e9 amb l&#8217;\u00fas repetit en el temps.<\/p>\n<p>\u00a0<\/p>\n<p>\u00c9s considerat un dels banyadors m\u00e9s resistents del m\u00f3n.<\/p>\n<p>\u00a0<\/p>\n<p>\u00a0<\/p>\n<p>Caracter\u00edstiques destacables:<\/p>\n<p>&#8211; Costures refor\u00e7ades<\/p>\n<p>&#8211; Folre davanter complet<\/p>\n<p>&#8211; Resistent al clor<\/p>\n<p>&#8211; Colors duradors<\/p>\n<p>&#8211; Composici\u00f3: 55% poli\u00e8ster PBT, 45% poli\u00e8ster<\/p>\n<p>\u00a0<\/p>\n<p>\u00das recomanat:<\/p>\n<p>&#8211; Banyador perfecte per a la pr\u00e0ctica de la Nataci\u00f3 com a banyador d&#8217;entrenament. Gr\u00e0cies a la seva gran adaptabilitat al cos, no arrossega aigua en nedar i ho fa una opci\u00f3 comod\u00edssima per a \u00fas diari.<\/p>\n<p>\u00a0<\/p>\n<p>*AQUEST ARTICLE T\u00c9 UN TALLATGE M\u00c9S PETIT DE L&#8217;HABITUAL I PER AIX\u00d2 RECOMANEM OPTAR PER UNA TALLA SUPERIOR A L&#8217;HABITUAL.<\/p>\n","protected":false},"excerpt":{"rendered":"<p>Aquest banyador Turbo est\u00e0 especialment dissenyat per a la pr\u00e0ctica de la Nataci\u00f3. Est\u00e0 confeccionat amb el millor teixit del mercat amb un doble folre davanter.<\/p>\n","protected":false},"featured_media":12484,"comment_status":"open","ping_status":"closed","template":"","meta":[],"product_cat":[228,227,231,232,234],"product_tag":[],"brands":[{"id":22,"name":"Turbo","slug":"turbo"}],"_links":{"self":[{"href":"https:\/\/crawl.es\/ca\/wp-json\/wp\/v2\/product\/13357"}],"collection":[{"href":"https:\/\/crawl.es\/ca\/wp-json\/wp\/v2\/product"}],"about":[{"href":"https:\/\/crawl.es\/ca\/wp-json\/wp\/v2\/types\/product"}],"replies":[{"embeddable":true,"href":"https:\/\/crawl.es\/ca\/wp-json\/wp\/v2\/comments?post=13357"}],"wp:featuredmedia":[{"embeddable":true,"href":"https:\/\/crawl.es\/ca\/wp-json\/wp\/v2\/media\/12484"}],"wp:attachment":[{"href":"https:\/\/crawl.es\/ca\/wp-json\/wp\/v2\/media?parent=13357"}],"wp:term":[{"taxonomy":"product_cat","embeddable":true,"href":"https:\/\/crawl.es\/ca\/wp-json\/wp\/v2\/product_cat?post=13357"},{"taxonomy":"product_tag","embeddable":true,"href":"https:\/\/crawl.es\/ca\/wp-json\/wp\/v2\/product_tag?post=13357"}],"curies":[{"name":"wp","href":"https:\/\/api.w.org\/{rel}","templated":true}]}}