{"id":13365,"date":"2023-04-24T16:30:06","date_gmt":"2023-04-24T16:30:06","guid":{"rendered":"https:\/\/crawl.es\/producto\/ullera-de-natacio-mirall-speedo-fastskin-speedsocket-2-crawl\/"},"modified":"2023-04-24T16:30:06","modified_gmt":"2023-04-24T16:30:06","slug":"ullera-de-natacio-mirall-speedo-fastskin-speedsocket-2-crawl","status":"publish","type":"product","link":"https:\/\/crawl.es\/ca\/producto\/ullera-de-natacio-mirall-speedo-fastskin-speedsocket-2-crawl\/","title":{"rendered":"Ullera de Nataci\u00f3 Mirall Speedo Fastskin Speedsocket 2 | CRAWL"},"content":{"rendered":"<p>Les ulleres Speedsocket 2 Mirror, part de la fam\u00edlia Fastskin, conserven l&#8217;ajust cl\u00e0ssic de les Speedsocket predecessores per\u00f2 inclouen una nova forma de lent hidrosc\u00f2pica que ofereix una claredat excel\u00b7lent i millora la visi\u00f3 perif\u00e8rica. Amb uns ponts nasals d&#8217;arc alt de gran fiabilitat i la tradicional doble corretja de silicona pel cap, l&#8217;emblem\u00e0tica s\u00e8rie Speedsocket, dissenyada ja fa m\u00e9s de 20 anys, \u00e9s la nostra l\u00ednia d&#8217;ulleres de cursa m\u00e9s antiga. Totalment aprovades per la FINA.<\/p>\n<p>\u00a0<\/p>\n<p>Caracter\u00edstiques destacables:<\/p>\n<p>&#8211; Ajust cl\u00e0ssic i confortable: Conserva l&#8217;ajust provat de les Speedsocket originals.<\/p>\n<p>&#8211; Lent hidrosc\u00f2pica: Proporciona una claredat excepcional i millora la visi\u00f3 perif\u00e8rica.<\/p>\n<p>&#8211; Ponts nasals d&#8217;arc alt: Fiabilitat i comoditat a cada \u00fas.<\/p>\n<p>&#8211; Doble corretja de silicona: Ajust segur i tradicional.<\/p>\n<p>&#8211; Aprovades per la FINA: Compleixen amb els est\u00e0ndards de competici\u00f3 m\u00e9s exigents.<\/p>\n<p>\u00a0<\/p>\n<p>Composici\u00f3 del material:<\/p>\n<p>\u2013 Materials d&#8217;alta qualitat: Garanteixen durabilitat i rendiment.<\/p>\n<p>\u00a0<\/p>\n<p>\u00das recomanat:<\/p>\n<p>Aquestes ulleres s\u00f3n perfectes per a qualsevol nedador competitiu que busqui rendiment i confort, tant en entrenaments diaris com en competicions. Asseguren una visi\u00f3 clara i c\u00f2moda, permetent concentrar-se a cada bra\u00e7ada.<\/p>\n<p>\u00a0<\/p>\n<p>No perdis l&#8217;oportunitat de millorar el teu rendiment a l&#8217;aigua amb les Ulleres de Nataci\u00f3 Mirall Speedo Fastskin Speedsocket 2 de CRAWL. Compra ara i gaudeix d\u00b4una nataci\u00f3 superior!<\/p>\n","protected":false},"excerpt":{"rendered":"<p>Compra les Ulleres de Nataci\u00f3 Mirall Speedo Fastskin Speedsocket 2 a CRAWL. Claredat excepcional i visi\u00f3 perif\u00e8rica millorada. Aprovades per la FINA.<\/p>\n","protected":false},"featured_media":9293,"comment_status":"open","ping_status":"closed","template":"","meta":[],"product_cat":[134,135],"product_tag":[],"brands":[{"id":307,"name":"Speedo","slug":"speedo"}],"_links":{"self":[{"href":"https:\/\/crawl.es\/ca\/wp-json\/wp\/v2\/product\/13365"}],"collection":[{"href":"https:\/\/crawl.es\/ca\/wp-json\/wp\/v2\/product"}],"about":[{"href":"https:\/\/crawl.es\/ca\/wp-json\/wp\/v2\/types\/product"}],"replies":[{"embeddable":true,"href":"https:\/\/crawl.es\/ca\/wp-json\/wp\/v2\/comments?post=13365"}],"wp:featuredmedia":[{"embeddable":true,"href":"https:\/\/crawl.es\/ca\/wp-json\/wp\/v2\/media\/9293"}],"wp:attachment":[{"href":"https:\/\/crawl.es\/ca\/wp-json\/wp\/v2\/media?parent=13365"}],"wp:term":[{"taxonomy":"product_cat","embeddable":true,"href":"https:\/\/crawl.es\/ca\/wp-json\/wp\/v2\/product_cat?post=13365"},{"taxonomy":"product_tag","embeddable":true,"href":"https:\/\/crawl.es\/ca\/wp-json\/wp\/v2\/product_tag?post=13365"}],"curies":[{"name":"wp","href":"https:\/\/api.w.org\/{rel}","templated":true}]}}