{"id":13369,"date":"2023-04-13T15:31:06","date_gmt":"2023-04-13T15:31:06","guid":{"rendered":"https:\/\/crawl.es\/producto\/ulleres-natacio-zoggs-tiger-crawl\/"},"modified":"2023-04-13T15:31:06","modified_gmt":"2023-04-13T15:31:06","slug":"ulleres-natacio-zoggs-tiger-crawl","status":"publish","type":"product","link":"https:\/\/crawl.es\/ca\/producto\/ulleres-natacio-zoggs-tiger-crawl\/","title":{"rendered":"Ulleres Nataci\u00f3 Zoggs Tiger | CRAWL"},"content":{"rendered":"<p>Atreveix-te amb Tiger! Gaudeix de la nataci\u00f3 amb aquestes ulleres f\u00e0cils dajustar que ofereixen una comoditat duradora i un segellat fiable sense fuites. Tant si nedes per diversi\u00f3 com per mantenir-te en forma, per competir o relaxar-te, Tiger cobreix totes les teves necessitats. El seu perfil baix i el suau segellat de silicona proporcionen una gran comoditat, estanquitat i estabilitat.<\/p>\n<p>\u00a0<\/p>\n<p>Les lents de policarbonat estan directament sobreemmotllades a la muntura per crear un camp de visi\u00f3 gaireb\u00e9 sense vores. Dissenyades hidrodin\u00e0micament, les lents segueixen la forma natural dels ulls per reduir les distorsions \u00f2ptiques que solen produir-se sota laigua.<\/p>\n<p>\u00a0<\/p>\n<p>El pont nasal fix de silicona proporciona un bon ajustament per a una \u00e0mplia gamma de formes de cara.<\/p>\n<p>\u00a0<\/p>\n<p>Caracter\u00edstiques destacables:<\/p>\n<p>&#8211; Comoditat duradora i segellat fiable sense fuites.<\/p>\n<p>&#8211; Lents de policarbonat sobreemmotllades per a visi\u00f3 gaireb\u00e9 sense vores.<\/p>\n<p>&#8211; Disseny hidrodin\u00e0mic per reduir distorsions \u00f2ptiques.<\/p>\n<p>&#8211; Pont nasal fix de silicona per a un ajustament perfecte.<\/p>\n<p>\u00a0<\/p>\n<p>Composici\u00f3 del material:<\/p>\n<p>&#8211; Policarbonat: Lents resistents i duradores.<\/p>\n<p>&#8211; Silicona: Comoditat i ajustament segur.<\/p>\n<p>\u00a0<\/p>\n<p>\u00das recomanat:<\/p>\n<p>Aquestes ulleres s\u00f3n perfectes per a qualsevol nedador, ja sigui per diversi\u00f3, fitness, competici\u00f3 o relaxaci\u00f3. Asseguren una visi\u00f3 clara i c\u00f2moda, permetent concentrar-se a cada bra\u00e7ada.<\/p>\n<p>\u00a0<\/p>\n<p>No perdis l&#8217;oportunitat de millorar la teva experi\u00e8ncia a l&#8217;aigua amb les Ulleres Nataci\u00f3 Zoggs Tiger de CRAWL. Compra ara i gaudeix d\u00b4una nataci\u00f3 superior!<\/p>\n","protected":false},"excerpt":{"rendered":"<p>Compra les Ulleres Nataci\u00f3 Zoggs Tiger a CRAWL. Comoditat duradora, segellat fiable i visi\u00f3 gaireb\u00e9 sense vores.<\/p>\n<p>Ref: 465091<\/p>\n","protected":false},"featured_media":8340,"comment_status":"open","ping_status":"closed","template":"","meta":[],"product_cat":[134,135],"product_tag":[],"brands":[{"id":24,"name":"Zoggs","slug":"zoggs"}],"_links":{"self":[{"href":"https:\/\/crawl.es\/ca\/wp-json\/wp\/v2\/product\/13369"}],"collection":[{"href":"https:\/\/crawl.es\/ca\/wp-json\/wp\/v2\/product"}],"about":[{"href":"https:\/\/crawl.es\/ca\/wp-json\/wp\/v2\/types\/product"}],"replies":[{"embeddable":true,"href":"https:\/\/crawl.es\/ca\/wp-json\/wp\/v2\/comments?post=13369"}],"wp:featuredmedia":[{"embeddable":true,"href":"https:\/\/crawl.es\/ca\/wp-json\/wp\/v2\/media\/8340"}],"wp:attachment":[{"href":"https:\/\/crawl.es\/ca\/wp-json\/wp\/v2\/media?parent=13369"}],"wp:term":[{"taxonomy":"product_cat","embeddable":true,"href":"https:\/\/crawl.es\/ca\/wp-json\/wp\/v2\/product_cat?post=13369"},{"taxonomy":"product_tag","embeddable":true,"href":"https:\/\/crawl.es\/ca\/wp-json\/wp\/v2\/product_tag?post=13369"}],"curies":[{"name":"wp","href":"https:\/\/api.w.org\/{rel}","templated":true}]}}