{"id":13413,"date":"2025-02-22T10:15:15","date_gmt":"2025-02-22T10:15:15","guid":{"rendered":"https:\/\/crawl.es\/?post_type=product&#038;p=13413"},"modified":"2025-02-25T09:10:28","modified_gmt":"2025-02-25T09:10:28","slug":"mochila-turbo-nona-red-ref-98053-crawl","status":"publish","type":"product","link":"https:\/\/crawl.es\/ca\/producto\/mochila-turbo-nona-red-ref-98053-crawl\/","title":{"rendered":"MOCHILA TURBO NONA RED REF.98053 | CRAWL"},"content":{"rendered":"<p>Las mochilas Turbo son la elecci\u00f3n perfecta para nadadores y entusiastas de los deportes acu\u00e1ticos que necesitan una mochila duradera y fiable para llevar su equipo. Fabricadas con poli\u00e9ster, nylon y otros materiales de primera calidad, todos ellos materiales resistentes al agua, las mochilas Turbo est\u00e1n dise\u00f1adas para soportar las condiciones m\u00e1s duras y mantener tus pertenencias seguras y secas. Gracias a su gran capacidad y a sus m\u00faltiples compartimentos, las mochilas Turbo ofrecen un amplio espacio para guardar todo el equipo de nataci\u00f3n, incluidas las gafas de nataci\u00f3n, las sandalias, las toallas y los ba\u00f1adores. Las mochilas est\u00e1n especialmente dise\u00f1adas para satisfacer las necesidades de los nadadores, garantizando que todo su equipo est\u00e9 organizado y sea f\u00e1cilmente accesible.<\/p>\n<p>\u00a0<\/p>\n<p>CARACTER\u00cdSTICAS DE LAS MOCHILAS TURBO<\/p>\n<p>Las mochilas Turbo son perfectas para una amplia gama de deportes acu\u00e1ticos, como la nataci\u00f3n, el waterpolo, buceo, triatl\u00f3n, etc. Su construcci\u00f3n resistente al agua garantiza que su interior permanezca seco, incluso cuando est\u00e9n expuestas al agua o a la humedad. Las mochilas tambi\u00e9n cuentan con correas ajustables para llevarlas c\u00f3modamente y transportarlas con facilidad. Lo que diferencia a las mochilas Turbo de otras mochilas del mercado es su excepcional calidad y durabilidad, lo que las convierte en una excelente inversi\u00f3n para los nadadores que necesitan una mochila fiable y duradera. Tienen un precio competitivo, lo que las convierte en una opci\u00f3n asequible para aquellos que buscan una mochila de alta calidad a buen precio.<\/p>\n<p>\u00a0<\/p>\n<p>USO RECOMENDADO DE LAS MOCHILAS TURBO<\/p>\n<p>Las mochilas Turbo son un accesorio imprescindible para cualquier nadador o aficionado que valore la calidad, la durabilidad y la practicidad. Con su amplio espacio de almacenamiento, materiales resistentes al agua y precio inmejorable, las mochilas Turbo son la mochila perfecta para cualquiera que busque una soluci\u00f3n fiable y pr\u00e1ctica para llevar su equipo.<\/p>\n","protected":false},"excerpt":{"rendered":"<p>Las mochilas Turbo son la elecci\u00f3n perfecta para nadadores y entusiastas de los deportes acu\u00e1ticos que necesitan una mochila duradera y fiable para llevar su equipo.\u00a0<\/p>\n","protected":false},"featured_media":13422,"comment_status":"open","ping_status":"closed","template":"","meta":[],"product_cat":[21,66],"product_tag":[],"brands":[{"id":22,"name":"Turbo","slug":"turbo"}],"_links":{"self":[{"href":"https:\/\/crawl.es\/ca\/wp-json\/wp\/v2\/product\/13413"}],"collection":[{"href":"https:\/\/crawl.es\/ca\/wp-json\/wp\/v2\/product"}],"about":[{"href":"https:\/\/crawl.es\/ca\/wp-json\/wp\/v2\/types\/product"}],"replies":[{"embeddable":true,"href":"https:\/\/crawl.es\/ca\/wp-json\/wp\/v2\/comments?post=13413"}],"wp:featuredmedia":[{"embeddable":true,"href":"https:\/\/crawl.es\/ca\/wp-json\/wp\/v2\/media\/13422"}],"wp:attachment":[{"href":"https:\/\/crawl.es\/ca\/wp-json\/wp\/v2\/media?parent=13413"}],"wp:term":[{"taxonomy":"product_cat","embeddable":true,"href":"https:\/\/crawl.es\/ca\/wp-json\/wp\/v2\/product_cat?post=13413"},{"taxonomy":"product_tag","embeddable":true,"href":"https:\/\/crawl.es\/ca\/wp-json\/wp\/v2\/product_tag?post=13413"}],"curies":[{"name":"wp","href":"https:\/\/api.w.org\/{rel}","templated":true}]}}