{"id":13459,"date":"2025-02-18T15:05:20","date_gmt":"2025-02-18T15:05:20","guid":{"rendered":"https:\/\/crawl.es\/producto\/pelota-waterpolo-kap7-len-multicolor-hombre-98180-crawl\/"},"modified":"2025-02-18T15:05:20","modified_gmt":"2025-02-18T15:05:20","slug":"pelota-waterpolo-kap7-len-multicolor-hombre-98180-crawl","status":"publish","type":"product","link":"https:\/\/crawl.es\/ca\/producto\/pelota-waterpolo-kap7-len-multicolor-hombre-98180-crawl\/","title":{"rendered":"Pilota Waterpolo KAP7 LEN Multicolor Home 98180 | CRAWL"},"content":{"rendered":"<p>La Pilota Waterpolo KAP7 LEN Multicolor Home 98180 est\u00e0 especialment dissenyada per a la pr\u00e0ctica del waterpolo. La seva superf\u00edcie molt adherent \u00e9s perfecta per a entrenaments i partits, garantint un millor grip i control. Fabricada amb el millor cautx\u00fa del mercat i equipada amb una v\u00e0lvula d&#8217;aire especial, aquesta pilota \u00e9s considerada de la m\u00e9s alta qualitat al m\u00f3n del waterpolo.<\/p>\n<p>\u00a0<\/p>\n<p>Caracter\u00edstiques destacables:<\/p>\n<p>&#8211; Mesures oficials.<\/p>\n<p>&#8211; Aprovada per la FINA.<\/p>\n<p>&#8211; Subjecta a un control de qualitat estricte.<\/p>\n<p>&#8211; Producte ideal per a partits professionals.<\/p>\n<p>\u00a0<\/p>\n<p>\u00das recomanat:<\/p>\n<p>Recomanem fer servir aquesta pilota en entrenaments i partits de waterpolo, tant a nivell professional com en competicions. La seva grip super adherent millora la sensibilitat i el contacte amb la pilota, afavorint una millor subjecci\u00f3 i rendiment al joc. \u00c9s la pilota triada per grans competicions i les millors lligues del m\u00f3n.<\/p>\n<p>\u00a0<\/p>\n<p>No perdis l&#8217;oportunitat d&#8217;adquirir la pilota Waterpolo KAP7 LEN Multicolor Home 98180 de CRAWL. Compra ara i porta el teu joc de waterpolo al seg\u00fcent nivell!<\/p>\n","protected":false},"excerpt":{"rendered":"<p>Compra la Pilota Waterpolo KAP7 LEN Multicolor Home 98180 a CRAWL. Ideal per a entrenaments i partits, amb grip super adherent i aprovada per la FINA.<\/p>\n","protected":false},"featured_media":4051,"comment_status":"open","ping_status":"closed","template":"","meta":[],"product_cat":[134,141],"product_tag":[],"brands":[{"id":22,"name":"Turbo","slug":"turbo"}],"_links":{"self":[{"href":"https:\/\/crawl.es\/ca\/wp-json\/wp\/v2\/product\/13459"}],"collection":[{"href":"https:\/\/crawl.es\/ca\/wp-json\/wp\/v2\/product"}],"about":[{"href":"https:\/\/crawl.es\/ca\/wp-json\/wp\/v2\/types\/product"}],"replies":[{"embeddable":true,"href":"https:\/\/crawl.es\/ca\/wp-json\/wp\/v2\/comments?post=13459"}],"wp:featuredmedia":[{"embeddable":true,"href":"https:\/\/crawl.es\/ca\/wp-json\/wp\/v2\/media\/4051"}],"wp:attachment":[{"href":"https:\/\/crawl.es\/ca\/wp-json\/wp\/v2\/media?parent=13459"}],"wp:term":[{"taxonomy":"product_cat","embeddable":true,"href":"https:\/\/crawl.es\/ca\/wp-json\/wp\/v2\/product_cat?post=13459"},{"taxonomy":"product_tag","embeddable":true,"href":"https:\/\/crawl.es\/ca\/wp-json\/wp\/v2\/product_tag?post=13459"}],"curies":[{"name":"wp","href":"https:\/\/api.w.org\/{rel}","templated":true}]}}