{"id":13474,"date":"2025-02-24T18:26:35","date_gmt":"2025-02-24T18:26:35","guid":{"rendered":"https:\/\/crawl.es\/producto\/banyador-natacio-revolution-holy-joly-ref-83200730-crawl\/"},"modified":"2025-02-24T18:26:35","modified_gmt":"2025-02-24T18:26:35","slug":"banyador-natacio-revolution-holy-joly-ref-83200730-crawl","status":"publish","type":"product","link":"https:\/\/crawl.es\/ca\/producto\/banyador-natacio-revolution-holy-joly-ref-83200730-crawl\/","title":{"rendered":"BANYADOR NATACI\u00d3 &#8216;REVOLUTION&#8217; HOLY JOLY REF.83200730 | CRAWL"},"content":{"rendered":"<p>Aquest banyador Turbo est\u00e0 especialment dissenyat per a la pr\u00e0ctica de la Nataci\u00f3. Els tirants estrets aporten una total llibertat de moviment i flexibilitat, adaptant-se perfectament al cos de la dona. En cobrir menys l&#8217;espatlla que l&#8217;amplada tirant, evita marques per contrast de tonalitats de pell a causa de l&#8217;exposici\u00f3 solar. Est\u00e0 confeccionat amb el millor teixit del mercat amb un doble folre davanter. \u00c9s resistent al clor de la piscina i als raigs UV. I per aix\u00f2, la intensitat dels colors es mant\u00e9 amb l&#8217;\u00fas repetit en el temps.<\/p>\n<p>\u00c9s considerat un dels banyadors m\u00e9s resistents del m\u00f3n.<\/p>\n<p>\u00a0<\/p>\n<p>Caracter\u00edstiques destacables:<\/p>\n<p>&#8211; Costures refor\u00e7ades<\/p>\n<p>-Tirants fins<\/p>\n<p>&#8211; Folre davanter complet<\/p>\n<p>&#8211; Resistent al clor<\/p>\n<p>&#8211; Colors duradors<\/p>\n<p>&#8211; Composici\u00f3: 55% poli\u00e8ster PBT, 45% poli\u00e8ster<\/p>\n<p>\u00a0<\/p>\n<p>\u00das recomanat:<\/p>\n<p>&#8211; Banyador perfecte per a la pr\u00e0ctica de la Nataci\u00f3 com a banyador d&#8217;entrenament. Gr\u00e0cies a la seva gran adaptabilitat al cos, no arrossega aigua en nedar i ho fa una opci\u00f3 comod\u00edssima per a \u00fas diari.<\/p>\n<p>Moltes nedadores prefereixen el tirant estret durant els entrenaments a l&#8217;aire lliure quan estan exposades als raigs solars. D&#8217;aquesta manera, eviten tenir una marca evident pel bru a la pell.<\/p>\n<p>\u00a0<\/p>\n<p>*Aquest article t\u00e9 un tallatge m\u00e9s petit del que \u00e9s habitual, i per aix\u00f2, recomanem optar per una talla superior al que \u00e9s habitual. En cas de comparar-ho amb el banyador Turbo de tira ampla, suggerim optar per una talla inferior at\u00e8s que tallen una mica m\u00e9s grans.<\/p>\n","protected":false},"excerpt":{"rendered":"<p>Aquest banyador Turbo est\u00e0 especialment dissenyat per a la pr\u00e0ctica de la Nataci\u00f3. Els tirants estrets aporten una total llibertat de moviment i flexibilitat, adaptant-se perfectament al cos de la dona. En cobrir menys l&#8217;espatlla que l&#8217;amplada tirant, evita marques per contrast de tonalitats de pell a causa de l&#8217;exposici\u00f3 solar. Est\u00e0 confeccionat amb el millor teixit del mercat amb un doble folre davanter.<\/p>\n","protected":false},"featured_media":13449,"comment_status":"open","ping_status":"closed","template":"","meta":[],"product_cat":[227,231,232,234],"product_tag":[],"brands":[{"id":22,"name":"Turbo","slug":"turbo"}],"_links":{"self":[{"href":"https:\/\/crawl.es\/ca\/wp-json\/wp\/v2\/product\/13474"}],"collection":[{"href":"https:\/\/crawl.es\/ca\/wp-json\/wp\/v2\/product"}],"about":[{"href":"https:\/\/crawl.es\/ca\/wp-json\/wp\/v2\/types\/product"}],"replies":[{"embeddable":true,"href":"https:\/\/crawl.es\/ca\/wp-json\/wp\/v2\/comments?post=13474"}],"wp:featuredmedia":[{"embeddable":true,"href":"https:\/\/crawl.es\/ca\/wp-json\/wp\/v2\/media\/13449"}],"wp:attachment":[{"href":"https:\/\/crawl.es\/ca\/wp-json\/wp\/v2\/media?parent=13474"}],"wp:term":[{"taxonomy":"product_cat","embeddable":true,"href":"https:\/\/crawl.es\/ca\/wp-json\/wp\/v2\/product_cat?post=13474"},{"taxonomy":"product_tag","embeddable":true,"href":"https:\/\/crawl.es\/ca\/wp-json\/wp\/v2\/product_tag?post=13474"}],"curies":[{"name":"wp","href":"https:\/\/api.w.org\/{rel}","templated":true}]}}