{"id":13520,"date":"2023-03-08T16:20:09","date_gmt":"2023-03-08T16:20:09","guid":{"rendered":"https:\/\/crawl.es\/producto\/banyador-natacio-dona-revolution-multi-animal-crawl\/"},"modified":"2023-03-08T16:20:09","modified_gmt":"2023-03-08T16:20:09","slug":"banyador-natacio-dona-revolution-multi-animal-crawl","status":"publish","type":"product","link":"https:\/\/crawl.es\/ca\/producto\/banyador-natacio-dona-revolution-multi-animal-crawl\/","title":{"rendered":"Banyador Nataci\u00f3 Dona Revolution Multi-Animal | Crawl"},"content":{"rendered":"<p>El banyador Nataci\u00f3 Dona Revolution Multi-Animal (ref. 83151630) de Crawl combina estil i rendiment. Amb un disseny \u00fanic i resistent al clor, \u00e9s perfecte per a entrenaments intensos, proporcionant flexibilitat i comoditat a cada bra\u00e7ada.<\/p>\n","protected":false},"excerpt":{"rendered":"<p>El banyador Nataci\u00f3 Dona Revolution Multi-Animal (ref. 83151630) de Crawl combina estil i rendiment. Amb un disseny \u00fanic i resistent al clor, \u00e9s perfecte per a entrenaments intensos, proporcionant flexibilitat i comoditat a cada bra\u00e7ada.<\/p>\n","protected":false},"featured_media":6015,"comment_status":"open","ping_status":"closed","template":"","meta":[],"product_cat":[228,227,231,232,234],"product_tag":[],"brands":[{"id":22,"name":"Turbo","slug":"turbo"}],"_links":{"self":[{"href":"https:\/\/crawl.es\/ca\/wp-json\/wp\/v2\/product\/13520"}],"collection":[{"href":"https:\/\/crawl.es\/ca\/wp-json\/wp\/v2\/product"}],"about":[{"href":"https:\/\/crawl.es\/ca\/wp-json\/wp\/v2\/types\/product"}],"replies":[{"embeddable":true,"href":"https:\/\/crawl.es\/ca\/wp-json\/wp\/v2\/comments?post=13520"}],"wp:featuredmedia":[{"embeddable":true,"href":"https:\/\/crawl.es\/ca\/wp-json\/wp\/v2\/media\/6015"}],"wp:attachment":[{"href":"https:\/\/crawl.es\/ca\/wp-json\/wp\/v2\/media?parent=13520"}],"wp:term":[{"taxonomy":"product_cat","embeddable":true,"href":"https:\/\/crawl.es\/ca\/wp-json\/wp\/v2\/product_cat?post=13520"},{"taxonomy":"product_tag","embeddable":true,"href":"https:\/\/crawl.es\/ca\/wp-json\/wp\/v2\/product_tag?post=13520"}],"curies":[{"name":"wp","href":"https:\/\/api.w.org\/{rel}","templated":true}]}}