{"id":13524,"date":"2023-03-08T16:16:45","date_gmt":"2023-03-08T16:16:45","guid":{"rendered":"https:\/\/crawl.es\/producto\/banyador-natacio-dona-revolution-amazing-roses-crawl\/"},"modified":"2023-03-08T16:16:45","modified_gmt":"2023-03-08T16:16:45","slug":"banyador-natacio-dona-revolution-amazing-roses-crawl","status":"publish","type":"product","link":"https:\/\/crawl.es\/ca\/producto\/banyador-natacio-dona-revolution-amazing-roses-crawl\/","title":{"rendered":"Banyador Nataci\u00f3 Dona Revolution Amazing-Roses | Crawl"},"content":{"rendered":"<p>El banyador Nataci\u00f3 Dona Revolution Amazing-Roses (ref. 83152330) de Crawl destaca pel seu disseny floral \u00fanic i el seu excel\u00b7lent rendiment. Ideal per a entrenaments, resistent al clor i amb gran flexibilitat, garanteix comoditat i estil a cada moviment.<\/p>\n","protected":false},"excerpt":{"rendered":"<p>El banyador Nataci\u00f3 Dona Revolution Amazing-Roses (ref. 83152330) de Crawl destaca pel seu disseny floral \u00fanic i el seu excel\u00b7lent rendiment. Ideal per a entrenaments, resistent al clor i amb gran flexibilitat, garanteix comoditat i estil a cada moviment.<\/p>\n","protected":false},"featured_media":6009,"comment_status":"open","ping_status":"closed","template":"","meta":[],"product_cat":[228,227,231,232,234],"product_tag":[],"brands":[{"id":22,"name":"Turbo","slug":"turbo"}],"_links":{"self":[{"href":"https:\/\/crawl.es\/ca\/wp-json\/wp\/v2\/product\/13524"}],"collection":[{"href":"https:\/\/crawl.es\/ca\/wp-json\/wp\/v2\/product"}],"about":[{"href":"https:\/\/crawl.es\/ca\/wp-json\/wp\/v2\/types\/product"}],"replies":[{"embeddable":true,"href":"https:\/\/crawl.es\/ca\/wp-json\/wp\/v2\/comments?post=13524"}],"wp:featuredmedia":[{"embeddable":true,"href":"https:\/\/crawl.es\/ca\/wp-json\/wp\/v2\/media\/6009"}],"wp:attachment":[{"href":"https:\/\/crawl.es\/ca\/wp-json\/wp\/v2\/media?parent=13524"}],"wp:term":[{"taxonomy":"product_cat","embeddable":true,"href":"https:\/\/crawl.es\/ca\/wp-json\/wp\/v2\/product_cat?post=13524"},{"taxonomy":"product_tag","embeddable":true,"href":"https:\/\/crawl.es\/ca\/wp-json\/wp\/v2\/product_tag?post=13524"}],"curies":[{"name":"wp","href":"https:\/\/api.w.org\/{rel}","templated":true}]}}